{"id":3635,"date":"2024-01-19T20:57:37","date_gmt":"2024-01-19T23:57:37","guid":{"rendered":"https:\/\/www.tegma.com.br\/?page_id=3635"},"modified":"2024-03-18T11:04:36","modified_gmt":"2024-03-18T14:04:36","slug":"intralogistic","status":"publish","type":"page","link":"https:\/\/www.tegma.com.br\/en\/services\/intralogistic\/","title":{"rendered":"Services | Intralogistic"},"content":{"rendered":"<section class=\"position-relative header-with-text-parallax container-fluid px-0\">\n        <figure class=\"position-relative\">\n            <img decoding=\"async\" class=\"parallax-window object-fit-cover w-100 header-with-text-parallax__image\" src=\"https:\/\/www.tegma.com.br\/wp-content\/uploads\/2021\/06\/Drone-303.png\" alt=\"\"><\/img>\n        <\/figure>\n        <div class=\"z-index-10\">\n            <h1 class=\"h1 d-flex flex-column z-index-10 position-absolute offset-6 offset-md-7\n                header-with-text-parallax__texts text-white font-weight-bold font-italic\">\n                Intralogistic\n                <small class=\"h4 font-weight-bold\">\n                    \n                <\/small>\n            <\/h1>\n        <\/div>\n    <\/section> \n\n\n<section id=\"\" class=\"bg- py-md-5 py-4 \">\n    <div class=\"container\">\n        \n\n<h1 class=\"wp-block-heading mb-3 font-italic text-primary primary-extrabold h2\">Services<\/h1>\n\n\n\n<p>A complete solution for managing and executing your internal logistic processes.<\/p>\n\n\n\n<p>We serve several models of in-house activity, in an agile and flexible way. Our operation within our clients&#8217; plants or in distribution centers is carried out with information technology, handling equipment and experienced teams that guarantee the execution of all tasks with quality, economy and following strict safety, sustainability and compliance standards.<\/p>\n\n\n\n<p>The work can range from the supply planning tasks of your production process (management of the flow of raw materials) or your distribution center, to the allocation of management software, various handling equipment and specialized labor, necessary for each logistical activity: receiving materials, checking, supplying lines, quality inspection, order picking, packaging and many others.<\/p>\n\n\n\n<div style=\"height:100px\" aria-hidden=\"true\" class=\"wp-block-spacer\"><\/div>\n\n\n<nav class=\"navigation-tabs-block mt-5 pt-5 mb-5\">\n            <ul class=\"d-flex p-0\">\n                <li class=\"tab w-100 d-flex\">\n        <button data-id=\"cf-fdwwryxvjdwwiuwfxievx\" class=\"text-secondary pointer pb-2 d-flex h5 text-uppercase primary-semibold\n        justify-content-center align-items-center tab__button w-100\">\n            IN-HOUSE OPERATION\n        <\/button>\n    <\/li>\n        <li class=\"tab w-100 d-flex\">\n        <button data-id=\"cf-jy0ryylqkd0jzj1vutm_x\" class=\"text-secondary pointer pb-2 d-flex h5 text-uppercase primary-semibold\n        justify-content-center align-items-center tab__button w-100\">\n            Management at the customer&#039;s plant\n        <\/button>\n    <\/li>\n        <li class=\"tab w-100 d-flex\">\n        <button data-id=\"cf-suhxdcjmns4rx1smel1hs\" class=\"text-secondary pointer pb-2 d-flex h5 text-uppercase primary-semibold\n        justify-content-center align-items-center tab__button w-100\">\n            Opera\u00e7\u00f5es taylor made\n        <\/button>\n    <\/li>\n            <\/ul>\n            <article class=\"tab__content d-none\" id=\"cf-fdwwryxvjdwwiuwfxievx\">\n            <p><p>We provide qualified labor and allocate the necessary equipment to carry out various operations of receiving, storing, moving and dispatching in our customers&#8217; warehouses or distribution centers.<\/p><p>Our teams plan and carry out high performance and quality, always with the highest standards of safety and sustainable processes.<\/p><\/p>\n\n            <ul class=\"d-flex flex-column p-0\">\n                                    <li><\/li>\n                            <\/ul>\n        <\/article>\n                    <article class=\"tab__content d-none\" id=\"cf-jy0ryylqkd0jzj1vutm_x\">\n            <p><p>Our teams perform various control and material handling services in our customers&#8217; industrial plants, from controlling yards, receiving, to supplying production lines, assembly lines or operating packaging and shipping areas.< \/p><\/p>\n\n            <ul class=\"d-flex flex-column p-0\">\n                                    <li><\/li>\n                            <\/ul>\n        <\/article>\n                    <article class=\"tab__content d-none\" id=\"cf-suhxdcjmns4rx1smel1hs\">\n            <p><p>With our intralogistics solutions, we meet special demands for the allocation of labor, special bespoke equipment or even the implementation of management and control systems.<\/p><p>Our operational and project teams have extensive experience in the solving complex logistical problems.<\/p><\/p>\n\n            <ul class=\"d-flex flex-column p-0\">\n                                    <li><\/li>\n                            <\/ul>\n        <\/article>\n        <\/nav>\n\n\n\n    <\/div>\n<\/section>\n\n\n<section id=\"\" class=\"bg- py-md-5 py-4 \">\n    <div class=\"container-fluid\">\n        \n\n<h2 class=\"wp-block-heading has-text-align-center font-italic\">Meet<\/h2>\n\n\n\n<h2 class=\"wp-block-heading has-text-align-center font-italic text-primary primary-extrabold mb-5\">Others Segments<\/h2>\n\n\n\n<div class=\"wp-block-columns is-layout-flex wp-container-core-columns-is-layout-9d6595d7 wp-block-columns-is-layout-flex\">\n<div class=\"wp-block-column is-layout-flow wp-block-column-is-layout-flow\"><div class=\"py-4 segment h-100 bg-secondary d-flex\n    align-items-center justify-content-center position-relative\">\n        <img decoding=\"async\" src=\"https:\/\/www.tegma.com.br\/wp-content\/uploads\/2021\/05\/Grupo-150.png\" alt=\"\" class=\"cover segment__background\">\n        <a class=\"cover segment__url\" href=\"\/en\/segments\/food-and-drinks\"><\/a>\n        <div class=\"content row text-white d-flex flex-column align-items-center z-index-10\">\n            <img decoding=\"async\" class=\"content__icon\" src=\"https:\/\/www.tegma.com.br\/wp-content\/uploads\/2021\/05\/icone-alimentos.png\" alt=\"\">\n            <span class=\"mt-3 h6 primary-extrabold text-center\">\n                Food <br\/> and Drink\n            <\/span>\n        <\/div>\n    <\/div>\n<\/div>\n\n\n\n<div class=\"wp-block-column ml-0 is-layout-flow wp-block-column-is-layout-flow\"><div class=\"py-4 segment h-100 bg-secondary d-flex\n    align-items-center justify-content-center position-relative\">\n        <img decoding=\"async\" src=\"https:\/\/www.tegma.com.br\/wp-content\/uploads\/2021\/05\/Grupo-150.png\" alt=\"\" class=\"cover segment__background\">\n        <a class=\"cover segment__url\" href=\"\/en\/segments\/automotive\"><\/a>\n        <div class=\"content row text-white d-flex flex-column align-items-center z-index-10\">\n            <img decoding=\"async\" class=\"content__icon\" src=\"https:\/\/www.tegma.com.br\/wp-content\/uploads\/2021\/05\/icone10.png\" alt=\"\">\n            <span class=\"mt-3 h6 primary-extrabold text-center\">\n                Automotive\n            <\/span>\n        <\/div>\n    <\/div>\n<\/div>\n\n\n\n<div class=\"wp-block-column ml-0 is-layout-flow wp-block-column-is-layout-flow\"><div class=\"py-4 segment h-100 bg-secondary d-flex\n    align-items-center justify-content-center position-relative\">\n        <img decoding=\"async\" src=\"https:\/\/www.tegma.com.br\/wp-content\/uploads\/2021\/05\/Grupo-150.png\" alt=\"\" class=\"cover segment__background\">\n        <a class=\"cover segment__url\" href=\"\/en\/segments\/cosmetics\"><\/a>\n        <div class=\"content row text-white d-flex flex-column align-items-center z-index-10\">\n            <img decoding=\"async\" class=\"content__icon\" src=\"https:\/\/www.tegma.com.br\/wp-content\/uploads\/2021\/05\/icone11.png\" alt=\"\">\n            <span class=\"mt-3 h6 primary-extrabold text-center\">\n                Cosmetics\n            <\/span>\n        <\/div>\n    <\/div>\n<\/div>\n\n\n\n<div class=\"wp-block-column ml-0 is-layout-flow wp-block-column-is-layout-flow\"><div class=\"py-4 segment h-100 bg-secondary d-flex\n    align-items-center justify-content-center position-relative\">\n        <img decoding=\"async\" src=\"https:\/\/www.tegma.com.br\/wp-content\/uploads\/2021\/05\/Grupo-150.png\" alt=\"\" class=\"cover segment__background\">\n        <a class=\"cover segment__url\" href=\"\/en\/segments\/home-appliances\"><\/a>\n        <div class=\"content row text-white d-flex flex-column align-items-center z-index-10\">\n            <img decoding=\"async\" class=\"content__icon\" src=\"https:\/\/www.tegma.com.br\/wp-content\/uploads\/2021\/05\/icone12.png\" alt=\"\">\n            <span class=\"mt-3 h6 primary-extrabold text-center\">\n                Home<br\/>Appliance\n            <\/span>\n        <\/div>\n    <\/div>\n<\/div>\n\n\n\n<div class=\"wp-block-column ml-0 is-layout-flow wp-block-column-is-layout-flow\"><div class=\"py-4 segment h-100 bg-secondary d-flex\n    align-items-center justify-content-center position-relative\">\n        <img decoding=\"async\" src=\"https:\/\/www.tegma.com.br\/wp-content\/uploads\/2021\/05\/Grupo-150.png\" alt=\"\" class=\"cover segment__background\">\n        <a class=\"cover segment__url\" href=\"\/en\/segments\/pharmaceutical\"><\/a>\n        <div class=\"content row text-white d-flex flex-column align-items-center z-index-10\">\n            <img decoding=\"async\" class=\"content__icon\" src=\"https:\/\/www.tegma.com.br\/wp-content\/uploads\/2021\/05\/icone13.png\" alt=\"\">\n            <span class=\"mt-3 h6 primary-extrabold text-center\">\n                Pharmaceutical\n            <\/span>\n        <\/div>\n    <\/div>\n<\/div>\n\n\n\n<div class=\"wp-block-column ml-0 is-layout-flow wp-block-column-is-layout-flow\"><div class=\"py-4 segment h-100 bg-secondary d-flex\n    align-items-center justify-content-center position-relative\">\n        <img decoding=\"async\" src=\"https:\/\/www.tegma.com.br\/wp-content\/uploads\/2021\/05\/Grupo-150.png\" alt=\"\" class=\"cover segment__background\">\n        <a class=\"cover segment__url\" href=\"\/en\/segments\/chemicals-and-petrochemicals\"><\/a>\n        <div class=\"content row text-white d-flex flex-column align-items-center z-index-10\">\n            <img decoding=\"async\" class=\"content__icon\" src=\"https:\/\/www.tegma.com.br\/wp-content\/uploads\/2021\/05\/icone14.png\" alt=\"\">\n            <span class=\"mt-3 h6 primary-extrabold text-center\">\n                Chemical and <br\/>Petrochemical\n            <\/span>\n        <\/div>\n    <\/div>\n<\/div>\n\n\n\n<div class=\"wp-block-column ml-0 is-layout-flow wp-block-column-is-layout-flow\"><div class=\"py-4 segment h-100 bg-secondary d-flex\n    align-items-center justify-content-center position-relative\">\n        <img decoding=\"async\" src=\"https:\/\/www.tegma.com.br\/wp-content\/uploads\/2021\/05\/Grupo-150.png\" alt=\"\" class=\"cover segment__background\">\n        <a class=\"cover segment__url\" href=\"\/en\/segments\/special-projects\"><\/a>\n        <div class=\"content row text-white d-flex flex-column align-items-center z-index-10\">\n            <img decoding=\"async\" class=\"content__icon\" src=\"https:\/\/www.tegma.com.br\/wp-content\/uploads\/2021\/05\/icone14.png\" alt=\"\">\n            <span class=\"mt-3 h6 primary-extrabold text-center\">\n                Special projects\n            <\/span>\n        <\/div>\n    <\/div>\n<\/div>\n<\/div>\n\n\n    <\/div>\n<\/section>\n\n\n<div class=\"floating-button is-active position-fixed\">\n        <div class=\"btn-primary shadow show-js rounded-circle p-3 show-js show-floating pointer\">\n            <em class=\"fas fa-question\"><\/em>\n        <\/div>\n        <em class=\"fas fa-times pointer close-js close\"><\/em>\n        <div class=\"floating-button__content\n        shadow px-md-5 py-md-4 p-3 text-left\n        d-flex flex-column justify-content-center\">\n            <span\n                class=\"h4 primary-regular mb-3 text-primary font-italic text-center font-weight-bold\">Search for a solution?<\/span>\n            <a href=\"\/en\/contact\/\"\n  class=\"btn btn-primary\"\n  \n  \n  target=\"_self\"\n  \n>\n  Talk to an expert\n\n  <\/a>\n        <\/div>\n    <\/div>\n","protected":false},"excerpt":{"rendered":"","protected":false},"author":2,"featured_media":0,"parent":1161,"menu_order":67,"comment_status":"closed","ping_status":"closed","template":"","meta":{"_acf_changed":false,"footnotes":""},"class_list":["post-3635","page","type-page","status-publish","hentry"],"acf":[],"yoast_head":"<!-- This site is optimized with the Yoast SEO plugin v27.5 - https:\/\/yoast.com\/product\/yoast-seo-wordpress\/ -->\n<title>Services | Intralogistic - Tegma Gest\u00e3o Log\u00edstica<\/title>\n<meta name=\"robots\" content=\"index, follow, max-snippet:-1, max-image-preview:large, max-video-preview:-1\" \/>\n<link rel=\"canonical\" href=\"https:\/\/www.tegma.com.br\/en\/services\/intralogistic\/\" \/>\n<meta property=\"og:locale\" content=\"en_US\" \/>\n<meta property=\"og:type\" content=\"article\" \/>\n<meta property=\"og:title\" content=\"Services | Intralogistic - Tegma Gest\u00e3o Log\u00edstica\" \/>\n<meta property=\"og:url\" content=\"https:\/\/www.tegma.com.br\/en\/services\/intralogistic\/\" \/>\n<meta property=\"og:site_name\" content=\"Tegma Gest\u00e3o Log\u00edstica\" \/>\n<meta property=\"article:publisher\" content=\"https:\/\/www.facebook.com\/Tegma-Gest%c3%a3o-Log%c3%adstica-103241361736319\" \/>\n<meta property=\"article:modified_time\" content=\"2024-03-18T14:04:36+00:00\" \/>\n<meta name=\"twitter:card\" content=\"summary_large_image\" \/>\n<meta name=\"twitter:label1\" content=\"Est. reading time\" \/>\n\t<meta name=\"twitter:data1\" content=\"1 minute\" \/>\n<script type=\"application\/ld+json\" class=\"yoast-schema-graph\">{\"@context\":\"https:\\\/\\\/schema.org\",\"@graph\":[{\"@type\":\"WebPage\",\"@id\":\"https:\\\/\\\/www.tegma.com.br\\\/en\\\/services\\\/intralogistic\\\/\",\"url\":\"https:\\\/\\\/www.tegma.com.br\\\/en\\\/services\\\/intralogistic\\\/\",\"name\":\"Services | Intralogistic - Tegma Gest\u00e3o Log\u00edstica\",\"isPartOf\":{\"@id\":\"https:\\\/\\\/www.tegma.com.br\\\/#website\"},\"datePublished\":\"2024-01-19T23:57:37+00:00\",\"dateModified\":\"2024-03-18T14:04:36+00:00\",\"breadcrumb\":{\"@id\":\"https:\\\/\\\/www.tegma.com.br\\\/en\\\/services\\\/intralogistic\\\/#breadcrumb\"},\"inLanguage\":\"en-US\",\"potentialAction\":[{\"@type\":\"ReadAction\",\"target\":[\"https:\\\/\\\/www.tegma.com.br\\\/en\\\/services\\\/intralogistic\\\/\"]}]},{\"@type\":\"BreadcrumbList\",\"@id\":\"https:\\\/\\\/www.tegma.com.br\\\/en\\\/services\\\/intralogistic\\\/#breadcrumb\",\"itemListElement\":[{\"@type\":\"ListItem\",\"position\":1,\"name\":\"In\u00edcio\",\"item\":\"https:\\\/\\\/www.tegmais.com.br\\\/en\\\/\"},{\"@type\":\"ListItem\",\"position\":2,\"name\":\"Services\",\"item\":\"https:\\\/\\\/www.tegmais.com.br\\\/en\\\/services\\\/\"},{\"@type\":\"ListItem\",\"position\":3,\"name\":\"Services | Intralogistic\"}]},{\"@type\":\"WebSite\",\"@id\":\"https:\\\/\\\/www.tegma.com.br\\\/#website\",\"url\":\"https:\\\/\\\/www.tegma.com.br\\\/\",\"name\":\"Tegma Gest\u00e3o Log\u00edstica\",\"description\":\"H\u00e1 mais de 50 anos no mercado, somos uma das maiores Operadoras Log\u00edstica da Am\u00e9rica Latina. Conhe\u00e7a nossos servi\u00e7os!\",\"publisher\":{\"@id\":\"https:\\\/\\\/www.tegma.com.br\\\/#organization\"},\"potentialAction\":[{\"@type\":\"SearchAction\",\"target\":{\"@type\":\"EntryPoint\",\"urlTemplate\":\"https:\\\/\\\/www.tegma.com.br\\\/?s={search_term_string}\"},\"query-input\":{\"@type\":\"PropertyValueSpecification\",\"valueRequired\":true,\"valueName\":\"search_term_string\"}}],\"inLanguage\":\"en-US\"},{\"@type\":\"Organization\",\"@id\":\"https:\\\/\\\/www.tegma.com.br\\\/#organization\",\"name\":\"Tegma Gest\u00e3o Log\u00edstica\",\"url\":\"https:\\\/\\\/www.tegma.com.br\\\/\",\"logo\":{\"@type\":\"ImageObject\",\"inLanguage\":\"en-US\",\"@id\":\"https:\\\/\\\/www.tegma.com.br\\\/#\\\/schema\\\/logo\\\/image\\\/\",\"url\":\"\\\/wp-content\\\/uploads\\\/2021\\\/08\\\/logo-tegma.jpeg\",\"contentUrl\":\"\\\/wp-content\\\/uploads\\\/2021\\\/08\\\/logo-tegma.jpeg\",\"width\":1001,\"height\":467,\"caption\":\"Tegma Gest\u00e3o Log\u00edstica\"},\"image\":{\"@id\":\"https:\\\/\\\/www.tegma.com.br\\\/#\\\/schema\\\/logo\\\/image\\\/\"},\"sameAs\":[\"https:\\\/\\\/www.facebook.com\\\/Tegma-Gest\u00e3o-Log\u00edstica-103241361736319\",\"https:\\\/\\\/www.instagram.com\\\/tegma_oficial\\\/\",\"https:\\\/\\\/br.linkedin.com\\\/company\\\/tegmagestaologistica\",\"https:\\\/\\\/www.youtube.com\\\/channel\\\/UCLOsqoUIsqYliYHiww4q3MQ\",\"https:\\\/\\\/pt.wikipedia.org\\\/wiki\\\/Tegma\"]}]}<\/script>\n<!-- \/ Yoast SEO plugin. -->","yoast_head_json":{"title":"Services | Intralogistic - Tegma Gest\u00e3o Log\u00edstica","robots":{"index":"index","follow":"follow","max-snippet":"max-snippet:-1","max-image-preview":"max-image-preview:large","max-video-preview":"max-video-preview:-1"},"canonical":"https:\/\/www.tegma.com.br\/en\/services\/intralogistic\/","og_locale":"en_US","og_type":"article","og_title":"Services | Intralogistic - Tegma Gest\u00e3o Log\u00edstica","og_url":"https:\/\/www.tegma.com.br\/en\/services\/intralogistic\/","og_site_name":"Tegma Gest\u00e3o Log\u00edstica","article_publisher":"https:\/\/www.facebook.com\/Tegma-Gest%c3%a3o-Log%c3%adstica-103241361736319","article_modified_time":"2024-03-18T14:04:36+00:00","twitter_card":"summary_large_image","twitter_misc":{"Est. reading time":"1 minute"},"schema":{"@context":"https:\/\/schema.org","@graph":[{"@type":"WebPage","@id":"https:\/\/www.tegma.com.br\/en\/services\/intralogistic\/","url":"https:\/\/www.tegma.com.br\/en\/services\/intralogistic\/","name":"Services | Intralogistic - Tegma Gest\u00e3o Log\u00edstica","isPartOf":{"@id":"https:\/\/www.tegma.com.br\/#website"},"datePublished":"2024-01-19T23:57:37+00:00","dateModified":"2024-03-18T14:04:36+00:00","breadcrumb":{"@id":"https:\/\/www.tegma.com.br\/en\/services\/intralogistic\/#breadcrumb"},"inLanguage":"en-US","potentialAction":[{"@type":"ReadAction","target":["https:\/\/www.tegma.com.br\/en\/services\/intralogistic\/"]}]},{"@type":"BreadcrumbList","@id":"https:\/\/www.tegma.com.br\/en\/services\/intralogistic\/#breadcrumb","itemListElement":[{"@type":"ListItem","position":1,"name":"In\u00edcio","item":"https:\/\/www.tegmais.com.br\/en\/"},{"@type":"ListItem","position":2,"name":"Services","item":"https:\/\/www.tegmais.com.br\/en\/services\/"},{"@type":"ListItem","position":3,"name":"Services | Intralogistic"}]},{"@type":"WebSite","@id":"https:\/\/www.tegma.com.br\/#website","url":"https:\/\/www.tegma.com.br\/","name":"Tegma Gest\u00e3o Log\u00edstica","description":"H\u00e1 mais de 50 anos no mercado, somos uma das maiores Operadoras Log\u00edstica da Am\u00e9rica Latina. Conhe\u00e7a nossos servi\u00e7os!","publisher":{"@id":"https:\/\/www.tegma.com.br\/#organization"},"potentialAction":[{"@type":"SearchAction","target":{"@type":"EntryPoint","urlTemplate":"https:\/\/www.tegma.com.br\/?s={search_term_string}"},"query-input":{"@type":"PropertyValueSpecification","valueRequired":true,"valueName":"search_term_string"}}],"inLanguage":"en-US"},{"@type":"Organization","@id":"https:\/\/www.tegma.com.br\/#organization","name":"Tegma Gest\u00e3o Log\u00edstica","url":"https:\/\/www.tegma.com.br\/","logo":{"@type":"ImageObject","inLanguage":"en-US","@id":"https:\/\/www.tegma.com.br\/#\/schema\/logo\/image\/","url":"\/wp-content\/uploads\/2021\/08\/logo-tegma.jpeg","contentUrl":"\/wp-content\/uploads\/2021\/08\/logo-tegma.jpeg","width":1001,"height":467,"caption":"Tegma Gest\u00e3o Log\u00edstica"},"image":{"@id":"https:\/\/www.tegma.com.br\/#\/schema\/logo\/image\/"},"sameAs":["https:\/\/www.facebook.com\/Tegma-Gest\u00e3o-Log\u00edstica-103241361736319","https:\/\/www.instagram.com\/tegma_oficial\/","https:\/\/br.linkedin.com\/company\/tegmagestaologistica","https:\/\/www.youtube.com\/channel\/UCLOsqoUIsqYliYHiww4q3MQ","https:\/\/pt.wikipedia.org\/wiki\/Tegma"]}]}},"_links":{"self":[{"href":"https:\/\/www.tegma.com.br\/en\/wp-json\/wp\/v2\/pages\/3635","targetHints":{"allow":["GET"]}}],"collection":[{"href":"https:\/\/www.tegma.com.br\/en\/wp-json\/wp\/v2\/pages"}],"about":[{"href":"https:\/\/www.tegma.com.br\/en\/wp-json\/wp\/v2\/types\/page"}],"author":[{"embeddable":true,"href":"https:\/\/www.tegma.com.br\/en\/wp-json\/wp\/v2\/users\/2"}],"replies":[{"embeddable":true,"href":"https:\/\/www.tegma.com.br\/en\/wp-json\/wp\/v2\/comments?post=3635"}],"version-history":[{"count":6,"href":"https:\/\/www.tegma.com.br\/en\/wp-json\/wp\/v2\/pages\/3635\/revisions"}],"predecessor-version":[{"id":3798,"href":"https:\/\/www.tegma.com.br\/en\/wp-json\/wp\/v2\/pages\/3635\/revisions\/3798"}],"up":[{"embeddable":true,"href":"https:\/\/www.tegma.com.br\/en\/wp-json\/wp\/v2\/pages\/1161"}],"wp:attachment":[{"href":"https:\/\/www.tegma.com.br\/en\/wp-json\/wp\/v2\/media?parent=3635"}],"curies":[{"name":"wp","href":"https:\/\/api.w.org\/{rel}","templated":true}]}}