{"id":2669,"date":"2024-05-09T20:24:47","date_gmt":"2024-05-09T23:24:47","guid":{"rendered":"https:\/\/www.tegma.com.br\/?page_id=2669"},"modified":"2024-05-09T20:26:40","modified_gmt":"2024-05-09T23:26:40","slug":"budget","status":"publish","type":"page","link":"https:\/\/www.tegma.com.br\/en\/budget\/","title":{"rendered":"Budget"},"content":{"rendered":"<section id=\"\" class=\"bg- py-md-5 py-4 \">\n    <div class=\"container\">\n        \n\n<h2 class=\"wp-block-heading has-text-align-center font-italic primary-extrabold text-primary mb-5 pt-5\">Budget<\/h2>\n\n\n\n<div class=\"wp-block-columns is-layout-flex wp-container-core-columns-is-layout-9d6595d7 wp-block-columns-is-layout-flex\">\n<div class=\"wp-block-column is-layout-flow wp-block-column-is-layout-flow\"><\/div>\n\n\n\n<div class=\"wp-block-column is-layout-flow wp-block-column-is-layout-flow\" style=\"flex-basis:66.66%\">\n<div class=\"wp-block-contact-form-7-contact-form-selector\">\n<div class=\"wpcf7 no-js\" id=\"wpcf7-f3055-o1\" lang=\"pt-BR\" dir=\"ltr\" data-wpcf7-id=\"3055\">\n<div class=\"screen-reader-response\"><p role=\"status\" aria-live=\"polite\" aria-atomic=\"true\"><\/p> <ul><\/ul><\/div>\n<form action=\"\/en\/wp-json\/wp\/v2\/pages\/2669#wpcf7-f3055-o1\" method=\"post\" class=\"wpcf7-form init\" aria-label=\"Formul\u00e1rios de contato\" enctype=\"multipart\/form-data\" novalidate=\"novalidate\" data-status=\"init\">\n<fieldset class=\"hidden-fields-container\"><input type=\"hidden\" name=\"_wpcf7\" value=\"3055\" \/><input type=\"hidden\" name=\"_wpcf7_version\" value=\"6.1.5\" \/><input type=\"hidden\" name=\"_wpcf7_locale\" value=\"pt_BR\" \/><input type=\"hidden\" name=\"_wpcf7_unit_tag\" value=\"wpcf7-f3055-o1\" \/><input type=\"hidden\" name=\"_wpcf7_container_post\" value=\"0\" \/><input type=\"hidden\" name=\"_wpcf7_posted_data_hash\" value=\"\" \/><input type=\"hidden\" name=\"_wpcf7_recaptcha_response\" value=\"\" \/>\n<\/fieldset>\n<div class=\"form\">\n\t<div class=\"row\">\n\t\t<div class=\"col-12 mb-4\">\n\t\t\t<p><span class=\"wpcf7-form-control-wrap\" data-name=\"nome\"><input size=\"40\" maxlength=\"400\" class=\"wpcf7-form-control wpcf7-text wpcf7-validates-as-required form__input\" aria-required=\"true\" aria-invalid=\"false\" placeholder=\"Full name*\" value=\"\" type=\"text\" name=\"nome\" \/><\/span>\n\t\t\t<\/p>\n\t\t<\/div>\n\t\t<div class=\"col-12 mb-4\">\n\t\t\t<p><span class=\"wpcf7-form-control-wrap\" data-name=\"email\"><input size=\"40\" maxlength=\"400\" class=\"wpcf7-form-control wpcf7-email wpcf7-validates-as-required wpcf7-text wpcf7-validates-as-email form__input\" aria-required=\"true\" aria-invalid=\"false\" placeholder=\"E-mail*\" value=\"\" type=\"email\" name=\"email\" \/><\/span>\n\t\t\t<\/p>\n\t\t<\/div>\n\t\t<div class=\"col-12 mb-4\">\n\t\t\t<p><span class=\"wpcf7-form-control-wrap\" data-name=\"cnpj\"><input size=\"40\" maxlength=\"400\" class=\"wpcf7-form-control wpcf7-text form__input mask--cnpj\" aria-invalid=\"false\" placeholder=\"CNPJ\" value=\"\" type=\"text\" name=\"cnpj\" \/><\/span>\n\t\t\t<\/p>\n\t\t<\/div>\n\t\t<div class=\"col-12 mb-4\">\n\t\t\t<p><span class=\"wpcf7-form-control-wrap\" data-name=\"empresa\"><input size=\"40\" maxlength=\"400\" class=\"wpcf7-form-control wpcf7-text wpcf7-validates-as-required form__input\" aria-required=\"true\" aria-invalid=\"false\" placeholder=\"Company*\" value=\"\" type=\"text\" name=\"empresa\" \/><\/span>\n\t\t\t<\/p>\n\t\t<\/div>\n\t\t<div class=\"col-12 mb-4\">\n\t\t\t<div class=\"select-wrapper\">\n\t\t\t\t<p><span class=\"wpcf7-form-control-wrap\" data-name=\"service\"><select class=\"wpcf7-form-control wpcf7-select wpcf7-validates-as-required form__input\" aria-required=\"true\" aria-invalid=\"false\" name=\"service\"><option value=\"Which service do you want to get the quote?\">Which service do you want to get the quote?<\/option><option value=\"Patio Management\">Patio Management<\/option><option value=\"Automotive Center\">Automotive Center<\/option><option value=\"Vehicle transport\">Vehicle transport<\/option><option value=\"Vehicle Storage\">Vehicle Storage<\/option><option value=\"Chemicals Supply Chain Management\">Chemicals Supply Chain Management<\/option><option value=\"Packaging Management\">Packaging Management<\/option><option value=\"Intralogistics\">Intralogistics<\/option><option value=\"Special projects\">Special projects<\/option><option value=\"Others\">Others<\/option><\/select><\/span>\n\t\t\t\t<\/p>\n\t\t\t<\/div>\n\t\t<\/div>\n\t\t<div class=\"col-12 mb-4\">\n\t\t\t<div class=\"select-wrapper\">\n\t\t\t\t<p><span class=\"wpcf7-form-control-wrap\" data-name=\"segment\"><select class=\"wpcf7-form-control wpcf7-select wpcf7-validates-as-required form__input\" aria-required=\"true\" aria-invalid=\"false\" name=\"segment\"><option value=\"What is the segment of your company?\">What is the segment of your company?<\/option><option value=\"Food and drinks\">Food and drinks<\/option><option value=\"Automotive\">Automotive<\/option><option value=\"Cosmetics\">Cosmetics<\/option><option value=\"Electronics\">Electronics<\/option><option value=\"Pharmacists\">Pharmacists<\/option><option value=\"Chemicals and Petrochemicals\">Chemicals and Petrochemicals<\/option><option value=\"Others\">Others<\/option><\/select><\/span>\n\t\t\t\t<\/p>\n\t\t\t<\/div>\n\t\t<\/div>\n\t\t<div class=\"col-12 mb-4\">\n\t\t\t<p><span class=\"wpcf7-form-control-wrap\" data-name=\"mensagem\"><textarea cols=\"40\" rows=\"10\" maxlength=\"2000\" class=\"wpcf7-form-control wpcf7-textarea wpcf7-validates-as-required form__input input--textarea\" aria-required=\"true\" aria-invalid=\"false\" placeholder=\"Share more information about your needs\" name=\"mensagem\"><\/textarea><\/span>\n\t\t\t<\/p>\n\t\t<\/div>\n\t\t<div class=\"col-12 mb-4\">\n\t\t\t<p><span class=\"wpcf7-form-control-wrap\" data- data-attr=\"custom\" data-msg=\"Foo Bar 1\" name=\"anexo\"><input size=\"40\" class=\"wpcf7-form-control wpcf7-file input-anexo\" accept=\".pdf,.txt,.image,.doc,.docx\" aria-invalid=\"false\" type=\"file\" name=\"anexo\" \/><\/span>\n\t\t\t<\/p>\n\t\t<\/div>\n\t\t<div class=\"col-12\">\n\t\t\t<p><span class=\"wpcf7-form-control-wrap\" data-name=\"aceitar-termos\"><span class=\"wpcf7-form-control wpcf7-checkbox checkbox--circle\"><span class=\"wpcf7-list-item first last\"><input type=\"checkbox\" name=\"aceitar-termos[]\" value=\"By clicking on the send button, you agree to provide your data for the purpose of attending services offered by Tegma.\" \/><span class=\"wpcf7-list-item-label\">By clicking on the send button, you agree to provide your data for the purpose of attending services offered by Tegma.<\/span><\/span><\/span><\/span><br \/>\n<small class=\"d-block ml-4\">Leia mais sobre nossa <a href=\"\/politica-de-privacidade\">Privacy Policy<\/a><\/small>\n\t\t\t<\/p>\n\t\t<\/div>\n\t<\/div>\n\t<div class=\"row\">\n\t\t<div class=\"col-12 d-flex justify-content-end\">\n\t\t\t<p><input class=\"wpcf7-form-control wpcf7-submit has-spinner btn btn-primary py-3 h5 btn-orc\" type=\"submit\" value=\"Send\" \/>\n\t\t\t<\/p>\n\t\t<\/div>\n\t<\/div>\n<\/div><input type='hidden' class='wpcf7-pum' value='{\"closepopup\":false,\"closedelay\":0,\"openpopup\":false,\"openpopup_id\":0}' \/><div class=\"wpcf7-response-output\" aria-hidden=\"true\"><\/div>\n<\/form>\n<\/div>\n<\/div>\n<\/div>\n\n\n\n<div class=\"wp-block-column is-layout-flow wp-block-column-is-layout-flow\"><\/div>\n<\/div>\n\n\n    <\/div>\n<\/section>\n","protected":false},"excerpt":{"rendered":"","protected":false},"author":2,"featured_media":0,"parent":0,"menu_order":24,"comment_status":"closed","ping_status":"closed","template":"","meta":{"_acf_changed":false,"footnotes":""},"class_list":["post-2669","page","type-page","status-publish","hentry"],"acf":[],"yoast_head":"<!-- This site is optimized with the Yoast SEO plugin v27.5 - https:\/\/yoast.com\/product\/yoast-seo-wordpress\/ -->\n<title>Budget - Tegma Gest\u00e3o Log\u00edstica<\/title>\n<meta name=\"robots\" content=\"index, follow, max-snippet:-1, max-image-preview:large, max-video-preview:-1\" \/>\n<link rel=\"canonical\" href=\"https:\/\/www.tegma.com.br\/en\/budget\/\" \/>\n<meta property=\"og:locale\" content=\"en_US\" \/>\n<meta property=\"og:type\" content=\"article\" \/>\n<meta property=\"og:title\" content=\"Budget - Tegma Gest\u00e3o Log\u00edstica\" \/>\n<meta property=\"og:url\" content=\"https:\/\/www.tegma.com.br\/en\/budget\/\" \/>\n<meta property=\"og:site_name\" content=\"Tegma Gest\u00e3o Log\u00edstica\" \/>\n<meta property=\"article:publisher\" content=\"https:\/\/www.facebook.com\/Tegma-Gest%c3%a3o-Log%c3%adstica-103241361736319\" \/>\n<meta property=\"article:modified_time\" content=\"2024-05-09T23:26:40+00:00\" \/>\n<meta name=\"twitter:card\" content=\"summary_large_image\" \/>\n<meta name=\"twitter:label1\" content=\"Est. reading time\" \/>\n\t<meta name=\"twitter:data1\" content=\"1 minute\" \/>\n<script type=\"application\/ld+json\" class=\"yoast-schema-graph\">{\"@context\":\"https:\\\/\\\/schema.org\",\"@graph\":[{\"@type\":\"WebPage\",\"@id\":\"https:\\\/\\\/www.tegma.com.br\\\/en\\\/budget\\\/\",\"url\":\"https:\\\/\\\/www.tegma.com.br\\\/en\\\/budget\\\/\",\"name\":\"Budget - Tegma Gest\u00e3o Log\u00edstica\",\"isPartOf\":{\"@id\":\"https:\\\/\\\/www.tegma.com.br\\\/#website\"},\"datePublished\":\"2024-05-09T23:24:47+00:00\",\"dateModified\":\"2024-05-09T23:26:40+00:00\",\"breadcrumb\":{\"@id\":\"https:\\\/\\\/www.tegma.com.br\\\/en\\\/budget\\\/#breadcrumb\"},\"inLanguage\":\"en-US\",\"potentialAction\":[{\"@type\":\"ReadAction\",\"target\":[\"https:\\\/\\\/www.tegma.com.br\\\/en\\\/budget\\\/\"]}]},{\"@type\":\"BreadcrumbList\",\"@id\":\"https:\\\/\\\/www.tegma.com.br\\\/en\\\/budget\\\/#breadcrumb\",\"itemListElement\":[{\"@type\":\"ListItem\",\"position\":1,\"name\":\"In\u00edcio\",\"item\":\"https:\\\/\\\/www.tegmais.com.br\\\/en\\\/\"},{\"@type\":\"ListItem\",\"position\":2,\"name\":\"Budget\"}]},{\"@type\":\"WebSite\",\"@id\":\"https:\\\/\\\/www.tegma.com.br\\\/#website\",\"url\":\"https:\\\/\\\/www.tegma.com.br\\\/\",\"name\":\"Tegma Gest\u00e3o Log\u00edstica\",\"description\":\"H\u00e1 mais de 50 anos no mercado, somos uma das maiores Operadoras Log\u00edstica da Am\u00e9rica Latina. Conhe\u00e7a nossos servi\u00e7os!\",\"publisher\":{\"@id\":\"https:\\\/\\\/www.tegma.com.br\\\/#organization\"},\"potentialAction\":[{\"@type\":\"SearchAction\",\"target\":{\"@type\":\"EntryPoint\",\"urlTemplate\":\"https:\\\/\\\/www.tegma.com.br\\\/?s={search_term_string}\"},\"query-input\":{\"@type\":\"PropertyValueSpecification\",\"valueRequired\":true,\"valueName\":\"search_term_string\"}}],\"inLanguage\":\"en-US\"},{\"@type\":\"Organization\",\"@id\":\"https:\\\/\\\/www.tegma.com.br\\\/#organization\",\"name\":\"Tegma Gest\u00e3o Log\u00edstica\",\"url\":\"https:\\\/\\\/www.tegma.com.br\\\/\",\"logo\":{\"@type\":\"ImageObject\",\"inLanguage\":\"en-US\",\"@id\":\"https:\\\/\\\/www.tegma.com.br\\\/#\\\/schema\\\/logo\\\/image\\\/\",\"url\":\"\\\/wp-content\\\/uploads\\\/2021\\\/08\\\/logo-tegma.jpeg\",\"contentUrl\":\"\\\/wp-content\\\/uploads\\\/2021\\\/08\\\/logo-tegma.jpeg\",\"width\":1001,\"height\":467,\"caption\":\"Tegma Gest\u00e3o Log\u00edstica\"},\"image\":{\"@id\":\"https:\\\/\\\/www.tegma.com.br\\\/#\\\/schema\\\/logo\\\/image\\\/\"},\"sameAs\":[\"https:\\\/\\\/www.facebook.com\\\/Tegma-Gest\u00e3o-Log\u00edstica-103241361736319\",\"https:\\\/\\\/www.instagram.com\\\/tegma_oficial\\\/\",\"https:\\\/\\\/br.linkedin.com\\\/company\\\/tegmagestaologistica\",\"https:\\\/\\\/www.youtube.com\\\/channel\\\/UCLOsqoUIsqYliYHiww4q3MQ\",\"https:\\\/\\\/pt.wikipedia.org\\\/wiki\\\/Tegma\"]}]}<\/script>\n<!-- \/ Yoast SEO plugin. -->","yoast_head_json":{"title":"Budget - Tegma Gest\u00e3o Log\u00edstica","robots":{"index":"index","follow":"follow","max-snippet":"max-snippet:-1","max-image-preview":"max-image-preview:large","max-video-preview":"max-video-preview:-1"},"canonical":"https:\/\/www.tegma.com.br\/en\/budget\/","og_locale":"en_US","og_type":"article","og_title":"Budget - Tegma Gest\u00e3o Log\u00edstica","og_url":"https:\/\/www.tegma.com.br\/en\/budget\/","og_site_name":"Tegma Gest\u00e3o Log\u00edstica","article_publisher":"https:\/\/www.facebook.com\/Tegma-Gest%c3%a3o-Log%c3%adstica-103241361736319","article_modified_time":"2024-05-09T23:26:40+00:00","twitter_card":"summary_large_image","twitter_misc":{"Est. reading time":"1 minute"},"schema":{"@context":"https:\/\/schema.org","@graph":[{"@type":"WebPage","@id":"https:\/\/www.tegma.com.br\/en\/budget\/","url":"https:\/\/www.tegma.com.br\/en\/budget\/","name":"Budget - Tegma Gest\u00e3o Log\u00edstica","isPartOf":{"@id":"https:\/\/www.tegma.com.br\/#website"},"datePublished":"2024-05-09T23:24:47+00:00","dateModified":"2024-05-09T23:26:40+00:00","breadcrumb":{"@id":"https:\/\/www.tegma.com.br\/en\/budget\/#breadcrumb"},"inLanguage":"en-US","potentialAction":[{"@type":"ReadAction","target":["https:\/\/www.tegma.com.br\/en\/budget\/"]}]},{"@type":"BreadcrumbList","@id":"https:\/\/www.tegma.com.br\/en\/budget\/#breadcrumb","itemListElement":[{"@type":"ListItem","position":1,"name":"In\u00edcio","item":"https:\/\/www.tegmais.com.br\/en\/"},{"@type":"ListItem","position":2,"name":"Budget"}]},{"@type":"WebSite","@id":"https:\/\/www.tegma.com.br\/#website","url":"https:\/\/www.tegma.com.br\/","name":"Tegma Gest\u00e3o Log\u00edstica","description":"H\u00e1 mais de 50 anos no mercado, somos uma das maiores Operadoras Log\u00edstica da Am\u00e9rica Latina. Conhe\u00e7a nossos servi\u00e7os!","publisher":{"@id":"https:\/\/www.tegma.com.br\/#organization"},"potentialAction":[{"@type":"SearchAction","target":{"@type":"EntryPoint","urlTemplate":"https:\/\/www.tegma.com.br\/?s={search_term_string}"},"query-input":{"@type":"PropertyValueSpecification","valueRequired":true,"valueName":"search_term_string"}}],"inLanguage":"en-US"},{"@type":"Organization","@id":"https:\/\/www.tegma.com.br\/#organization","name":"Tegma Gest\u00e3o Log\u00edstica","url":"https:\/\/www.tegma.com.br\/","logo":{"@type":"ImageObject","inLanguage":"en-US","@id":"https:\/\/www.tegma.com.br\/#\/schema\/logo\/image\/","url":"\/wp-content\/uploads\/2021\/08\/logo-tegma.jpeg","contentUrl":"\/wp-content\/uploads\/2021\/08\/logo-tegma.jpeg","width":1001,"height":467,"caption":"Tegma Gest\u00e3o Log\u00edstica"},"image":{"@id":"https:\/\/www.tegma.com.br\/#\/schema\/logo\/image\/"},"sameAs":["https:\/\/www.facebook.com\/Tegma-Gest\u00e3o-Log\u00edstica-103241361736319","https:\/\/www.instagram.com\/tegma_oficial\/","https:\/\/br.linkedin.com\/company\/tegmagestaologistica","https:\/\/www.youtube.com\/channel\/UCLOsqoUIsqYliYHiww4q3MQ","https:\/\/pt.wikipedia.org\/wiki\/Tegma"]}]}},"_links":{"self":[{"href":"https:\/\/www.tegma.com.br\/en\/wp-json\/wp\/v2\/pages\/2669","targetHints":{"allow":["GET"]}}],"collection":[{"href":"https:\/\/www.tegma.com.br\/en\/wp-json\/wp\/v2\/pages"}],"about":[{"href":"https:\/\/www.tegma.com.br\/en\/wp-json\/wp\/v2\/types\/page"}],"author":[{"embeddable":true,"href":"https:\/\/www.tegma.com.br\/en\/wp-json\/wp\/v2\/users\/2"}],"replies":[{"embeddable":true,"href":"https:\/\/www.tegma.com.br\/en\/wp-json\/wp\/v2\/comments?post=2669"}],"version-history":[{"count":2,"href":"https:\/\/www.tegma.com.br\/en\/wp-json\/wp\/v2\/pages\/2669\/revisions"}],"predecessor-version":[{"id":3977,"href":"https:\/\/www.tegma.com.br\/en\/wp-json\/wp\/v2\/pages\/2669\/revisions\/3977"}],"wp:attachment":[{"href":"https:\/\/www.tegma.com.br\/en\/wp-json\/wp\/v2\/media?parent=2669"}],"curies":[{"name":"wp","href":"https:\/\/api.w.org\/{rel}","templated":true}]}}