{"id":1992,"date":"2022-05-03T18:33:24","date_gmt":"2022-05-03T21:33:24","guid":{"rendered":"https:\/\/www.tegma.com.br\/?page_id=1992"},"modified":"2024-03-18T10:45:28","modified_gmt":"2024-03-18T13:45:28","slug":"services-packaging-management","status":"publish","type":"page","link":"https:\/\/www.tegma.com.br\/en\/services\/services-packaging-management\/","title":{"rendered":"Services | Returnable Packaging Management"},"content":{"rendered":"<section class=\"position-relative header-with-text-parallax container-fluid px-0\">\n        <figure class=\"position-relative\">\n            <img decoding=\"async\" class=\"parallax-window object-fit-cover w-100 header-with-text-parallax__image\" src=\"\/wp-content\/uploads\/2021\/05\/banner-cosmetico.png\" alt=\"\"><\/img>\n        <\/figure>\n        <div class=\"z-index-10\">\n            <h1 class=\"h1 d-flex flex-column z-index-10 position-absolute offset-6 offset-md-7\n                header-with-text-parallax__texts text-white font-weight-bold font-italic\">\n                Packaging\n                <small class=\"h4 font-weight-bold\">\n                    Management\n                <\/small>\n            <\/h1>\n        <\/div>\n    <\/section> \n\n\n<section id=\"\" class=\"bg- py-md-5 py-4 \">\n    <div class=\"container\">\n        \n\n<h2 class=\"wp-block-heading mb-3 font-italic text-primary primary-extrabold h2\"><em>Returnable Packaging Management<\/em><\/h2>\n\n\n\n<p>The supply chain management is controlled by flows that involve important elements, which are the suppliers and also the inbound parts and spares supply flow connects your business&#8217; entire network of suppliers to your production process.<\/p>\n\n\n\n<p>Tegma offers complete and customized solutions for managing raw material supply flows,&nbsp;parts,&nbsp;and pieces, integrating in an agile, efficient and economical way, suppliers and production or assembly plants.<\/p>\n\n\n\n<p>Collection from suppliers (Milk Run\u00b9), consolidation and transfer to industrial plants,&nbsp;management,&nbsp;and control of packaging for packaging parts and supplying production lines.<\/p>\n\n\n\n<p>Receiving materials in the requested quantity, on site, just in time and free from damage is essential for production processes to occur without interference, ensuring the assembly and delivery of finished products.<\/p>\n\n\n\n<div style=\"height:10px\" aria-hidden=\"true\" class=\"wp-block-spacer\"><\/div>\n\n\n\n<p><strong>Among the most common challenges identified in this process that can significantly compromise the performance of a regular supply, we highlight:<\/strong><\/p>\n\n\n\n<ul class=\"wp-block-list\">\n<li>The operation&#8217;s high degree of complexity;<\/li>\n\n\n\n<li>Lack of traceability;<\/li>\n\n\n\n<li>Mesh design of inefficient collections and transfers;<\/li>\n\n\n\n<li>Low vehicle occupancy due to lack of packaging standardization and collection planning;<\/li>\n\n\n\n<li>High rate of parts damage.<\/li>\n<\/ul>\n\n\n\n<div style=\"height:10px\" aria-hidden=\"true\" class=\"wp-block-spacer\"><\/div>\n\n\n\n<h3 class=\"wp-block-heading\"><strong><em>Benefits<\/em><\/strong><\/h3>\n\n\n\n<ul class=\"wp-block-list\">\n<li>Intelligence and management system<\/li>\n\n\n\n<li>Placement and tracking of orders<\/li>\n\n\n\n<li>Improved organization of parts supply flows<\/li>\n\n\n\n<li>Traceability<\/li>\n\n\n\n<li>Transport optimization and savings<\/li>\n\n\n\n<li>Vehicle specification (types and capacities)<\/li>\n\n\n\n<li>Rationalization of parts movement areas in your plant<\/li>\n\n\n\n<li>Economy and sustainability in packaging for transporting raw materials<\/li>\n\n\n\n<li>Improved cash flow from investments<\/li>\n\n\n\n<li>Online access to complete information, obtaining accurate indicators<\/li>\n\n\n\n<li>Waste reduction<\/li>\n<\/ul>\n\n\n\n<h3 class=\"wp-block-heading\"><strong><strong>Differentials<\/strong><\/strong><\/h3>\n\n\n\n<ul class=\"wp-block-list\">\n<li>Routing the transport of packages to suppliers<\/li>\n\n\n\n<li>Exclusive system for packaging management (SGE)<\/li>\n\n\n\n<li>Responsible for all returnable packaging procurement<\/li>\n\n\n\n<li>Models of standard accessories, following the acquisitions option by Tegma<\/li>\n\n\n\n<li>Hubs<\/li>\n\n\n\n<li>Release of productive area<\/li>\n\n\n\n<li>Minimum inventory sizing and control for chain suppliers<\/li>\n\n\n\n<li>RFID<\/li>\n<\/ul>\n\n\n<nav class=\"navigation-tabs-block mt-5 pt-5\">\n            <ul class=\"d-flex p-0\">\n                <li class=\"tab w-100 d-flex\">\n        <button data-id=\"cf-9upkxnyz7vzq6eg7ujfe7\" class=\"text-secondary pointer pb-2 d-flex h5 text-uppercase primary-semibold\n        justify-content-center align-items-center tab__button w-100\">\n            2021\n        <\/button>\n    <\/li>\n            <\/ul>\n            <article class=\"tab__content d-none\" id=\"cf-9upkxnyz7vzq6eg7ujfe7\">\n            <p><p><span style=\"font-weight: 400;\">02 &#8211;<\/span> Bases on customer plants;<\/p>\n<p><span style=\"font-weight: 400;\">03 &#8211; <span class=\"s11\">Support Hubs (S\u00e3o Jos\u00e9 dos <\/span><span class=\"s11\">Pinhais<\/span><span class=\"s11\">, <\/span><span class=\"s11\">\u00c1gua<\/span> <span class=\"s11\">Vermelha<\/span><span class=\"s11\"> and <\/span><span class=\"s11\">Itapevi<\/span><span class=\"s11\">);<\/span><\/span><\/p>\n<p><span style=\"font-weight: 400;\">2.400 &#8211; Trips\/month<\/span><\/p>\n<p><span style=\"font-weight: 400;\">335.000 &#8211; <\/span><span class=\"s11\">Active Packages<\/span><\/p>\n<p><span style=\"font-weight: 400;\">253.000 &#8211; Packages Inserted in RFID<\/span><\/p><\/p>\n\n            <ul class=\"d-flex flex-column p-0\">\n                                    <li><\/li>\n                            <\/ul>\n        <\/article>\n        <\/nav>\n\n\n\n<section id=\"\" class=\"bg- py-md-5 py-4 \">\n    <div class=\"container-fluid\">\n        \n\n<h2 class=\"wp-block-heading has-text-align-center font-italic\">Meet<\/h2>\n\n\n\n<h2 class=\"wp-block-heading has-text-align-center font-italic text-primary primary-extrabold mb-5\">Other Segments<\/h2>\n\n\n\n<div class=\"wp-block-columns is-layout-flex wp-container-core-columns-is-layout-9d6595d7 wp-block-columns-is-layout-flex\">\n<div class=\"wp-block-column is-layout-flow wp-block-column-is-layout-flow\"><div class=\"py-4 segment h-100 bg-secondary d-flex\n    align-items-center justify-content-center position-relative\">\n        <img decoding=\"async\" src=\"https:\/\/www.tegma.com.br\/wp-content\/uploads\/2021\/05\/Grupo-150.png\" alt=\"\" class=\"cover segment__background\">\n        <a class=\"cover segment__url\" href=\"\/en\/segments\/food-and-drinks\"><\/a>\n        <div class=\"content row text-white d-flex flex-column align-items-center z-index-10\">\n            <img decoding=\"async\" class=\"content__icon\" src=\"https:\/\/www.tegma.com.br\/wp-content\/uploads\/2021\/05\/icone-alimentos.png\" alt=\"\">\n            <span class=\"mt-3 h6 primary-extrabold text-center\">\n                Food <br\/> and Drink\n            <\/span>\n        <\/div>\n    <\/div>\n<\/div>\n\n\n\n<div class=\"wp-block-column ml-0 is-layout-flow wp-block-column-is-layout-flow\"><div class=\"py-4 segment h-100 bg-secondary d-flex\n    align-items-center justify-content-center position-relative\">\n        <img decoding=\"async\" src=\"https:\/\/www.tegma.com.br\/wp-content\/uploads\/2021\/05\/Grupo-150.png\" alt=\"\" class=\"cover segment__background\">\n        <a class=\"cover segment__url\" href=\"\/en\/segments\/automotive\"><\/a>\n        <div class=\"content row text-white d-flex flex-column align-items-center z-index-10\">\n            <img decoding=\"async\" class=\"content__icon\" src=\"https:\/\/www.tegma.com.br\/wp-content\/uploads\/2021\/05\/icone10.png\" alt=\"\">\n            <span class=\"mt-3 h6 primary-extrabold text-center\">\n                Automotive\n            <\/span>\n        <\/div>\n    <\/div>\n<\/div>\n\n\n\n<div class=\"wp-block-column ml-0 is-layout-flow wp-block-column-is-layout-flow\"><div class=\"py-4 segment h-100 bg-secondary d-flex\n    align-items-center justify-content-center position-relative\">\n        <img decoding=\"async\" src=\"https:\/\/www.tegma.com.br\/wp-content\/uploads\/2021\/05\/Grupo-150.png\" alt=\"\" class=\"cover segment__background\">\n        <a class=\"cover segment__url\" href=\"\/en\/segments\/cosmetics\"><\/a>\n        <div class=\"content row text-white d-flex flex-column align-items-center z-index-10\">\n            <img decoding=\"async\" class=\"content__icon\" src=\"https:\/\/www.tegma.com.br\/wp-content\/uploads\/2021\/05\/icone11.png\" alt=\"\">\n            <span class=\"mt-3 h6 primary-extrabold text-center\">\n                Cosmetics\n            <\/span>\n        <\/div>\n    <\/div>\n<\/div>\n\n\n\n<div class=\"wp-block-column ml-0 is-layout-flow wp-block-column-is-layout-flow\"><div class=\"py-4 segment h-100 bg-secondary d-flex\n    align-items-center justify-content-center position-relative\">\n        <img decoding=\"async\" src=\"https:\/\/www.tegma.com.br\/wp-content\/uploads\/2021\/05\/Grupo-150.png\" alt=\"\" class=\"cover segment__background\">\n        <a class=\"cover segment__url\" href=\"\/en\/segments\/home-appliances\"><\/a>\n        <div class=\"content row text-white d-flex flex-column align-items-center z-index-10\">\n            <img decoding=\"async\" class=\"content__icon\" src=\"https:\/\/www.tegma.com.br\/wp-content\/uploads\/2021\/05\/icone12.png\" alt=\"\">\n            <span class=\"mt-3 h6 primary-extrabold text-center\">\n                Home<br\/>Applainces\n            <\/span>\n        <\/div>\n    <\/div>\n<\/div>\n\n\n\n<div class=\"wp-block-column ml-0 is-layout-flow wp-block-column-is-layout-flow\"><div class=\"py-4 segment h-100 bg-secondary d-flex\n    align-items-center justify-content-center position-relative\">\n        <img decoding=\"async\" src=\"https:\/\/www.tegma.com.br\/wp-content\/uploads\/2021\/05\/Grupo-150.png\" alt=\"\" class=\"cover segment__background\">\n        <a class=\"cover segment__url\" href=\"\/en\/segments\/pharmaceutical\"><\/a>\n        <div class=\"content row text-white d-flex flex-column align-items-center z-index-10\">\n            <img decoding=\"async\" class=\"content__icon\" src=\"https:\/\/www.tegma.com.br\/wp-content\/uploads\/2021\/05\/icone13.png\" alt=\"\">\n            <span class=\"mt-3 h6 primary-extrabold text-center\">\n                Pharmaceutical\n            <\/span>\n        <\/div>\n    <\/div>\n<\/div>\n\n\n\n<div class=\"wp-block-column ml-0 is-layout-flow wp-block-column-is-layout-flow\"><div class=\"py-4 segment h-100 bg-secondary d-flex\n    align-items-center justify-content-center position-relative\">\n        <img decoding=\"async\" src=\"https:\/\/www.tegma.com.br\/wp-content\/uploads\/2021\/05\/Grupo-150.png\" alt=\"\" class=\"cover segment__background\">\n        <a class=\"cover segment__url\" href=\"\/en\/segments\/chemicals-and-petrochemicals\"><\/a>\n        <div class=\"content row text-white d-flex flex-column align-items-center z-index-10\">\n            <img decoding=\"async\" class=\"content__icon\" src=\"https:\/\/www.tegma.com.br\/wp-content\/uploads\/2021\/05\/icone14.png\" alt=\"\">\n            <span class=\"mt-3 h6 primary-extrabold text-center\">\n                Chemical and <br\/>Petrochemical\n            <\/span>\n        <\/div>\n    <\/div>\n<\/div>\n\n\n\n<div class=\"wp-block-column ml-0 is-layout-flow wp-block-column-is-layout-flow\"><div class=\"py-4 segment h-100 bg-secondary d-flex\n    align-items-center justify-content-center position-relative\">\n        <img decoding=\"async\" src=\"https:\/\/www.tegma.com.br\/wp-content\/uploads\/2021\/05\/Grupo-150.png\" alt=\"\" class=\"cover segment__background\">\n        <a class=\"cover segment__url\" href=\"\/en\/segments\/special-projects\"><\/a>\n        <div class=\"content row text-white d-flex flex-column align-items-center z-index-10\">\n            <img decoding=\"async\" class=\"content__icon\" src=\"https:\/\/www.tegma.com.br\/wp-content\/uploads\/2021\/05\/icone14.png\" alt=\"\">\n            <span class=\"mt-3 h6 primary-extrabold text-center\">\n                Special projects\n            <\/span>\n        <\/div>\n    <\/div>\n<\/div>\n<\/div>\n\n\n    <\/div>\n<\/section>\n\n\n    <\/div>\n<\/section>\n\n\n<div class=\"floating-button is-active position-fixed\">\n        <div class=\"btn-primary shadow show-js rounded-circle p-3 show-js show-floating pointer\">\n            <em class=\"fas fa-question\"><\/em>\n        <\/div>\n        <em class=\"fas fa-times pointer close-js close\"><\/em>\n        <div class=\"floating-button__content\n        shadow px-md-5 py-md-4 p-3 text-left\n        d-flex flex-column justify-content-center\">\n            <span\n                class=\"h4 primary-regular mb-3 text-primary font-italic text-center font-weight-bold\">Buscando uma solu\u00e7\u00e3o?<\/span>\n            <a href=\"\/contato\"\n  class=\"btn btn-primary\"\n  \n  \n  target=\"_self\"\n  \n>\n  Fale com um especialista\n\n  <\/a>\n        <\/div>\n    <\/div>\n","protected":false},"excerpt":{"rendered":"","protected":false},"author":2,"featured_media":0,"parent":1161,"menu_order":63,"comment_status":"closed","ping_status":"closed","template":"","meta":{"_acf_changed":false,"footnotes":""},"class_list":["post-1992","page","type-page","status-publish","hentry"],"acf":[],"yoast_head":"<!-- This site is optimized with the Yoast SEO plugin v27.5 - https:\/\/yoast.com\/product\/yoast-seo-wordpress\/ -->\n<title>Services | Returnable Packaging Management - Tegma Gest\u00e3o Log\u00edstica<\/title>\n<meta name=\"robots\" content=\"index, follow, max-snippet:-1, max-image-preview:large, max-video-preview:-1\" \/>\n<link rel=\"canonical\" href=\"https:\/\/www.tegmais.com.br\/en\/services\/services-packaging-management\/\" \/>\n<meta property=\"og:locale\" content=\"en_US\" \/>\n<meta property=\"og:type\" content=\"article\" \/>\n<meta property=\"og:title\" content=\"Services | Returnable Packaging Management - Tegma Gest\u00e3o Log\u00edstica\" \/>\n<meta property=\"og:url\" content=\"https:\/\/www.tegmais.com.br\/en\/services\/services-packaging-management\/\" \/>\n<meta property=\"og:site_name\" content=\"Tegma Gest\u00e3o Log\u00edstica\" \/>\n<meta property=\"article:publisher\" content=\"https:\/\/www.facebook.com\/Tegma-Gest%c3%a3o-Log%c3%adstica-103241361736319\" \/>\n<meta property=\"article:modified_time\" content=\"2024-03-18T13:45:28+00:00\" \/>\n<meta name=\"twitter:card\" content=\"summary_large_image\" \/>\n<meta name=\"twitter:label1\" content=\"Est. reading time\" \/>\n\t<meta name=\"twitter:data1\" content=\"2 minutes\" \/>\n<script type=\"application\/ld+json\" class=\"yoast-schema-graph\">{\"@context\":\"https:\\\/\\\/schema.org\",\"@graph\":[{\"@type\":\"WebPage\",\"@id\":\"https:\\\/\\\/www.tegmais.com.br\\\/en\\\/services\\\/services-packaging-management\\\/\",\"url\":\"https:\\\/\\\/www.tegmais.com.br\\\/en\\\/services\\\/services-packaging-management\\\/\",\"name\":\"Services | Returnable Packaging Management - Tegma Gest\u00e3o Log\u00edstica\",\"isPartOf\":{\"@id\":\"https:\\\/\\\/www.tegma.com.br\\\/#website\"},\"datePublished\":\"2022-05-03T21:33:24+00:00\",\"dateModified\":\"2024-03-18T13:45:28+00:00\",\"breadcrumb\":{\"@id\":\"https:\\\/\\\/www.tegmais.com.br\\\/en\\\/services\\\/services-packaging-management\\\/#breadcrumb\"},\"inLanguage\":\"en-US\",\"potentialAction\":[{\"@type\":\"ReadAction\",\"target\":[\"https:\\\/\\\/www.tegmais.com.br\\\/en\\\/services\\\/services-packaging-management\\\/\"]}]},{\"@type\":\"BreadcrumbList\",\"@id\":\"https:\\\/\\\/www.tegmais.com.br\\\/en\\\/services\\\/services-packaging-management\\\/#breadcrumb\",\"itemListElement\":[{\"@type\":\"ListItem\",\"position\":1,\"name\":\"In\u00edcio\",\"item\":\"https:\\\/\\\/www.tegmais.com.br\\\/en\\\/\"},{\"@type\":\"ListItem\",\"position\":2,\"name\":\"Services\",\"item\":\"https:\\\/\\\/www.tegmais.com.br\\\/en\\\/services\\\/\"},{\"@type\":\"ListItem\",\"position\":3,\"name\":\"Services | Returnable Packaging Management\"}]},{\"@type\":\"WebSite\",\"@id\":\"https:\\\/\\\/www.tegma.com.br\\\/#website\",\"url\":\"https:\\\/\\\/www.tegma.com.br\\\/\",\"name\":\"Tegma Gest\u00e3o Log\u00edstica\",\"description\":\"H\u00e1 mais de 50 anos no mercado, somos uma das maiores Operadoras Log\u00edstica da Am\u00e9rica Latina. Conhe\u00e7a nossos servi\u00e7os!\",\"publisher\":{\"@id\":\"https:\\\/\\\/www.tegma.com.br\\\/#organization\"},\"potentialAction\":[{\"@type\":\"SearchAction\",\"target\":{\"@type\":\"EntryPoint\",\"urlTemplate\":\"https:\\\/\\\/www.tegma.com.br\\\/?s={search_term_string}\"},\"query-input\":{\"@type\":\"PropertyValueSpecification\",\"valueRequired\":true,\"valueName\":\"search_term_string\"}}],\"inLanguage\":\"en-US\"},{\"@type\":\"Organization\",\"@id\":\"https:\\\/\\\/www.tegma.com.br\\\/#organization\",\"name\":\"Tegma Gest\u00e3o Log\u00edstica\",\"url\":\"https:\\\/\\\/www.tegma.com.br\\\/\",\"logo\":{\"@type\":\"ImageObject\",\"inLanguage\":\"en-US\",\"@id\":\"https:\\\/\\\/www.tegma.com.br\\\/#\\\/schema\\\/logo\\\/image\\\/\",\"url\":\"\\\/wp-content\\\/uploads\\\/2021\\\/08\\\/logo-tegma.jpeg\",\"contentUrl\":\"\\\/wp-content\\\/uploads\\\/2021\\\/08\\\/logo-tegma.jpeg\",\"width\":1001,\"height\":467,\"caption\":\"Tegma Gest\u00e3o Log\u00edstica\"},\"image\":{\"@id\":\"https:\\\/\\\/www.tegma.com.br\\\/#\\\/schema\\\/logo\\\/image\\\/\"},\"sameAs\":[\"https:\\\/\\\/www.facebook.com\\\/Tegma-Gest\u00e3o-Log\u00edstica-103241361736319\",\"https:\\\/\\\/www.instagram.com\\\/tegma_oficial\\\/\",\"https:\\\/\\\/br.linkedin.com\\\/company\\\/tegmagestaologistica\",\"https:\\\/\\\/www.youtube.com\\\/channel\\\/UCLOsqoUIsqYliYHiww4q3MQ\",\"https:\\\/\\\/pt.wikipedia.org\\\/wiki\\\/Tegma\"]}]}<\/script>\n<!-- \/ Yoast SEO plugin. -->","yoast_head_json":{"title":"Services | Returnable Packaging Management - Tegma Gest\u00e3o Log\u00edstica","robots":{"index":"index","follow":"follow","max-snippet":"max-snippet:-1","max-image-preview":"max-image-preview:large","max-video-preview":"max-video-preview:-1"},"canonical":"https:\/\/www.tegmais.com.br\/en\/services\/services-packaging-management\/","og_locale":"en_US","og_type":"article","og_title":"Services | Returnable Packaging Management - Tegma Gest\u00e3o Log\u00edstica","og_url":"https:\/\/www.tegmais.com.br\/en\/services\/services-packaging-management\/","og_site_name":"Tegma Gest\u00e3o Log\u00edstica","article_publisher":"https:\/\/www.facebook.com\/Tegma-Gest%c3%a3o-Log%c3%adstica-103241361736319","article_modified_time":"2024-03-18T13:45:28+00:00","twitter_card":"summary_large_image","twitter_misc":{"Est. reading time":"2 minutes"},"schema":{"@context":"https:\/\/schema.org","@graph":[{"@type":"WebPage","@id":"https:\/\/www.tegmais.com.br\/en\/services\/services-packaging-management\/","url":"https:\/\/www.tegmais.com.br\/en\/services\/services-packaging-management\/","name":"Services | Returnable Packaging Management - Tegma Gest\u00e3o Log\u00edstica","isPartOf":{"@id":"https:\/\/www.tegma.com.br\/#website"},"datePublished":"2022-05-03T21:33:24+00:00","dateModified":"2024-03-18T13:45:28+00:00","breadcrumb":{"@id":"https:\/\/www.tegmais.com.br\/en\/services\/services-packaging-management\/#breadcrumb"},"inLanguage":"en-US","potentialAction":[{"@type":"ReadAction","target":["https:\/\/www.tegmais.com.br\/en\/services\/services-packaging-management\/"]}]},{"@type":"BreadcrumbList","@id":"https:\/\/www.tegmais.com.br\/en\/services\/services-packaging-management\/#breadcrumb","itemListElement":[{"@type":"ListItem","position":1,"name":"In\u00edcio","item":"https:\/\/www.tegmais.com.br\/en\/"},{"@type":"ListItem","position":2,"name":"Services","item":"https:\/\/www.tegmais.com.br\/en\/services\/"},{"@type":"ListItem","position":3,"name":"Services | Returnable Packaging Management"}]},{"@type":"WebSite","@id":"https:\/\/www.tegma.com.br\/#website","url":"https:\/\/www.tegma.com.br\/","name":"Tegma Gest\u00e3o Log\u00edstica","description":"H\u00e1 mais de 50 anos no mercado, somos uma das maiores Operadoras Log\u00edstica da Am\u00e9rica Latina. Conhe\u00e7a nossos servi\u00e7os!","publisher":{"@id":"https:\/\/www.tegma.com.br\/#organization"},"potentialAction":[{"@type":"SearchAction","target":{"@type":"EntryPoint","urlTemplate":"https:\/\/www.tegma.com.br\/?s={search_term_string}"},"query-input":{"@type":"PropertyValueSpecification","valueRequired":true,"valueName":"search_term_string"}}],"inLanguage":"en-US"},{"@type":"Organization","@id":"https:\/\/www.tegma.com.br\/#organization","name":"Tegma Gest\u00e3o Log\u00edstica","url":"https:\/\/www.tegma.com.br\/","logo":{"@type":"ImageObject","inLanguage":"en-US","@id":"https:\/\/www.tegma.com.br\/#\/schema\/logo\/image\/","url":"\/wp-content\/uploads\/2021\/08\/logo-tegma.jpeg","contentUrl":"\/wp-content\/uploads\/2021\/08\/logo-tegma.jpeg","width":1001,"height":467,"caption":"Tegma Gest\u00e3o Log\u00edstica"},"image":{"@id":"https:\/\/www.tegma.com.br\/#\/schema\/logo\/image\/"},"sameAs":["https:\/\/www.facebook.com\/Tegma-Gest\u00e3o-Log\u00edstica-103241361736319","https:\/\/www.instagram.com\/tegma_oficial\/","https:\/\/br.linkedin.com\/company\/tegmagestaologistica","https:\/\/www.youtube.com\/channel\/UCLOsqoUIsqYliYHiww4q3MQ","https:\/\/pt.wikipedia.org\/wiki\/Tegma"]}]}},"_links":{"self":[{"href":"https:\/\/www.tegma.com.br\/en\/wp-json\/wp\/v2\/pages\/1992","targetHints":{"allow":["GET"]}}],"collection":[{"href":"https:\/\/www.tegma.com.br\/en\/wp-json\/wp\/v2\/pages"}],"about":[{"href":"https:\/\/www.tegma.com.br\/en\/wp-json\/wp\/v2\/types\/page"}],"author":[{"embeddable":true,"href":"https:\/\/www.tegma.com.br\/en\/wp-json\/wp\/v2\/users\/2"}],"replies":[{"embeddable":true,"href":"https:\/\/www.tegma.com.br\/en\/wp-json\/wp\/v2\/comments?post=1992"}],"version-history":[{"count":5,"href":"https:\/\/www.tegma.com.br\/en\/wp-json\/wp\/v2\/pages\/1992\/revisions"}],"predecessor-version":[{"id":3790,"href":"https:\/\/www.tegma.com.br\/en\/wp-json\/wp\/v2\/pages\/1992\/revisions\/3790"}],"up":[{"embeddable":true,"href":"https:\/\/www.tegma.com.br\/en\/wp-json\/wp\/v2\/pages\/1161"}],"wp:attachment":[{"href":"https:\/\/www.tegma.com.br\/en\/wp-json\/wp\/v2\/media?parent=1992"}],"curies":[{"name":"wp","href":"https:\/\/api.w.org\/{rel}","templated":true}]}}