{"id":1987,"date":"2022-05-03T18:06:33","date_gmt":"2022-05-03T21:06:33","guid":{"rendered":"https:\/\/www.tegma.com.br\/?page_id=1987"},"modified":"2024-03-18T10:44:59","modified_gmt":"2024-03-18T13:44:59","slug":"chemical-supply-chain-management","status":"publish","type":"page","link":"https:\/\/www.tegma.com.br\/en\/services\/chemical-supply-chain-management\/","title":{"rendered":"Services | Chemical Supply Chain Management"},"content":{"rendered":"<section class=\"position-relative header-with-text-parallax container-fluid px-0\">\n        <figure class=\"position-relative\">\n            <img decoding=\"async\" class=\"parallax-window object-fit-cover w-100 header-with-text-parallax__image\" src=\"\/wp-content\/uploads\/2021\/09\/tegma-transporte-quimico.png\" alt=\"\"><\/img>\n        <\/figure>\n        <div class=\"z-index-10\">\n            <h1 class=\"h1 d-flex flex-column z-index-10 position-absolute offset-6 offset-md-7\n                header-with-text-parallax__texts text-white font-weight-bold font-italic\">\n                Chemical\n                <small class=\"h4 font-weight-bold\">\n                    Supply Chain Management\n                <\/small>\n            <\/h1>\n        <\/div>\n    <\/section> \n\n\n<section id=\"\" class=\"bg- py-md-5 py-4 \">\n    <div class=\"container\">\n        \n\n<h2 class=\"wp-block-heading mb-3 font-italic text-primary primary-extrabold h2\"><strong>Chemical Supply Chain Management<\/strong><\/h2>\n\n\n\n<p>High quality logistics outsourcing services for the chemical products operation.<\/p>\n\n\n\n<p>In the 3PL (third party logistics) model, we produce complete and customized management solutions for inbound flows of raw material supply either palletized or liquid and solid bulk, including hazardous.<\/p>\n\n\n\n<p>The entire process is handled by a control tower, from the placement of the order at the supplier (national or international), to the arrival of the materials at the customer Plant(s) ensuring uninterrupted operations with maximum safety, sustainability, productivity and quality.&nbsp;&nbsp;<\/p>\n\n\n\n<div style=\"height:10px\" aria-hidden=\"true\" class=\"wp-block-spacer\"><\/div>\n\n\n\n<h3 class=\"wp-block-heading\"><strong><em>Estrategic Differential<\/em><\/strong><\/h3>\n\n\n\n<ul class=\"wp-block-list\">\n<li>Assets optimization dedicated to operation, ensuring productivity and competitiveness;<\/li>\n\n\n\n<li>Continuous improvement, synergies identification and assessment of business opportunities. Cost reduction constant search and gains in sustainability, safety and quality;<\/li>\n\n\n\n<li>Supply chain inventory management, eliminating risks;<\/li>\n\n\n\n<li>Bulk warehousing, with expertise in sodium sulfate and sodium carbonate (Soda Ash). Operation availability for similar products;<\/li>\n\n\n\n<li>Road Transport, with extensive experience in sodium sulfate, sodium carbonate (Soda Ash), sulfonic acid, fats, sodium silicate, among other raw materials operation.<\/li>\n<\/ul>\n\n\n\n<h3 class=\"wp-block-heading\"><strong><em>Estructure<\/em><\/strong><\/h3>\n\n\n\n<ul class=\"wp-block-list\">\n<li>2 truck scales, simultaneous receipt and dispatch;<\/li>\n\n\n\n<li>07 wheel loaders;<\/li>\n\n\n\n<li>64 Trucks<\/li>\n<\/ul>\n\n\n<nav class=\"navigation-tabs-block mt-5 pt-5\">\n            <ul class=\"d-flex p-0\">\n                            <\/ul>\n                <\/nav>\n\n\n\n<section id=\"\" class=\"bg- py-md-5 py-4 \">\n    <div class=\"container-fluid\">\n        \n\n<h2 class=\"wp-block-heading has-text-align-center font-italic\">Meet<\/h2>\n\n\n\n<h2 class=\"wp-block-heading has-text-align-center font-italic text-primary primary-extrabold mb-5\">Other Segments<\/h2>\n\n\n\n<div class=\"wp-block-columns is-layout-flex wp-container-core-columns-is-layout-9d6595d7 wp-block-columns-is-layout-flex\">\n<div class=\"wp-block-column is-layout-flow wp-block-column-is-layout-flow\"><div class=\"py-4 segment h-100 bg-secondary d-flex\n    align-items-center justify-content-center position-relative\">\n        <img decoding=\"async\" src=\"https:\/\/www.tegma.com.br\/wp-content\/uploads\/2021\/05\/Grupo-150.png\" alt=\"\" class=\"cover segment__background\">\n        <a class=\"cover segment__url\" href=\"\/en\/segments\/food-and-drinks\"><\/a>\n        <div class=\"content row text-white d-flex flex-column align-items-center z-index-10\">\n            <img decoding=\"async\" class=\"content__icon\" src=\"https:\/\/www.tegma.com.br\/wp-content\/uploads\/2021\/05\/icone-alimentos.png\" alt=\"\">\n            <span class=\"mt-3 h6 primary-extrabold text-center\">\n                Foods <br\/> and Drink\n            <\/span>\n        <\/div>\n    <\/div>\n<\/div>\n\n\n\n<div class=\"wp-block-column ml-0 is-layout-flow wp-block-column-is-layout-flow\"><div class=\"py-4 segment h-100 bg-secondary d-flex\n    align-items-center justify-content-center position-relative\">\n        <img decoding=\"async\" src=\"https:\/\/www.tegma.com.br\/wp-content\/uploads\/2021\/05\/Grupo-150.png\" alt=\"\" class=\"cover segment__background\">\n        <a class=\"cover segment__url\" href=\"\/en\/segments\/automotive\"><\/a>\n        <div class=\"content row text-white d-flex flex-column align-items-center z-index-10\">\n            <img decoding=\"async\" class=\"content__icon\" src=\"https:\/\/www.tegma.com.br\/wp-content\/uploads\/2021\/05\/icone10.png\" alt=\"\">\n            <span class=\"mt-3 h6 primary-extrabold text-center\">\n                Automotive\n            <\/span>\n        <\/div>\n    <\/div>\n<\/div>\n\n\n\n<div class=\"wp-block-column ml-0 is-layout-flow wp-block-column-is-layout-flow\"><div class=\"py-4 segment h-100 bg-secondary d-flex\n    align-items-center justify-content-center position-relative\">\n        <img decoding=\"async\" src=\"https:\/\/www.tegma.com.br\/wp-content\/uploads\/2021\/05\/Grupo-150.png\" alt=\"\" class=\"cover segment__background\">\n        <a class=\"cover segment__url\" href=\"\/en\/segments\/cosmetics\"><\/a>\n        <div class=\"content row text-white d-flex flex-column align-items-center z-index-10\">\n            <img decoding=\"async\" class=\"content__icon\" src=\"https:\/\/www.tegma.com.br\/wp-content\/uploads\/2021\/05\/icone11.png\" alt=\"\">\n            <span class=\"mt-3 h6 primary-extrabold text-center\">\n                Cosmetics\n            <\/span>\n        <\/div>\n    <\/div>\n<\/div>\n\n\n\n<div class=\"wp-block-column ml-0 is-layout-flow wp-block-column-is-layout-flow\"><div class=\"py-4 segment h-100 bg-secondary d-flex\n    align-items-center justify-content-center position-relative\">\n        <img decoding=\"async\" src=\"https:\/\/www.tegma.com.br\/wp-content\/uploads\/2021\/05\/Grupo-150.png\" alt=\"\" class=\"cover segment__background\">\n        <a class=\"cover segment__url\" href=\"\/en\/segments\/home-appliances\"><\/a>\n        <div class=\"content row text-white d-flex flex-column align-items-center z-index-10\">\n            <img decoding=\"async\" class=\"content__icon\" src=\"https:\/\/www.tegma.com.br\/wp-content\/uploads\/2021\/05\/icone12.png\" alt=\"\">\n            <span class=\"mt-3 h6 primary-extrabold text-center\">\n                Home<br\/>Appliances\n            <\/span>\n        <\/div>\n    <\/div>\n<\/div>\n\n\n\n<div class=\"wp-block-column ml-0 is-layout-flow wp-block-column-is-layout-flow\"><div class=\"py-4 segment h-100 bg-secondary d-flex\n    align-items-center justify-content-center position-relative\">\n        <img decoding=\"async\" src=\"https:\/\/www.tegma.com.br\/wp-content\/uploads\/2021\/05\/Grupo-150.png\" alt=\"\" class=\"cover segment__background\">\n        <a class=\"cover segment__url\" href=\"\/en\/segments\/pharmaceutical\"><\/a>\n        <div class=\"content row text-white d-flex flex-column align-items-center z-index-10\">\n            <img decoding=\"async\" class=\"content__icon\" src=\"https:\/\/www.tegma.com.br\/wp-content\/uploads\/2021\/05\/icone13.png\" alt=\"\">\n            <span class=\"mt-3 h6 primary-extrabold text-center\">\n                Pharmaceutical\n            <\/span>\n        <\/div>\n    <\/div>\n<\/div>\n\n\n\n<div class=\"wp-block-column ml-0 is-layout-flow wp-block-column-is-layout-flow\"><div class=\"py-4 segment h-100 bg-secondary d-flex\n    align-items-center justify-content-center position-relative\">\n        <img decoding=\"async\" src=\"https:\/\/www.tegma.com.br\/wp-content\/uploads\/2021\/05\/Grupo-150.png\" alt=\"\" class=\"cover segment__background\">\n        <a class=\"cover segment__url\" href=\"\/en\/segments\/chemicals-and-petrochemicals\"><\/a>\n        <div class=\"content row text-white d-flex flex-column align-items-center z-index-10\">\n            <img decoding=\"async\" class=\"content__icon\" src=\"https:\/\/www.tegma.com.br\/wp-content\/uploads\/2021\/05\/icone14.png\" alt=\"\">\n            <span class=\"mt-3 h6 primary-extrabold text-center\">\n                Chemical and <br\/>Petrochemical\n            <\/span>\n        <\/div>\n    <\/div>\n<\/div>\n\n\n\n<div class=\"wp-block-column ml-0 is-layout-flow wp-block-column-is-layout-flow\"><div class=\"py-4 segment h-100 bg-secondary d-flex\n    align-items-center justify-content-center position-relative\">\n        <img decoding=\"async\" src=\"https:\/\/www.tegma.com.br\/wp-content\/uploads\/2021\/05\/Grupo-150.png\" alt=\"\" class=\"cover segment__background\">\n        <a class=\"cover segment__url\" href=\"\/en\/segments\/special-projects\"><\/a>\n        <div class=\"content row text-white d-flex flex-column align-items-center z-index-10\">\n            <img decoding=\"async\" class=\"content__icon\" src=\"https:\/\/www.tegma.com.br\/wp-content\/uploads\/2021\/05\/icone14.png\" alt=\"\">\n            <span class=\"mt-3 h6 primary-extrabold text-center\">\n                Special projects\n            <\/span>\n        <\/div>\n    <\/div>\n<\/div>\n<\/div>\n\n\n    <\/div>\n<\/section>\n\n\n    <\/div>\n<\/section>\n\n\n<div class=\"floating-button is-active position-fixed\">\n        <div class=\"btn-primary shadow show-js rounded-circle p-3 show-js show-floating pointer\">\n            <em class=\"fas fa-question\"><\/em>\n        <\/div>\n        <em class=\"fas fa-times pointer close-js close\"><\/em>\n        <div class=\"floating-button__content\n        shadow px-md-5 py-md-4 p-3 text-left\n        d-flex flex-column justify-content-center\">\n            <span\n                class=\"h4 primary-regular mb-3 text-primary font-italic text-center font-weight-bold\">Buscando uma solu\u00e7\u00e3o?<\/span>\n            <a href=\"\/contato\"\n  class=\"btn btn-primary\"\n  \n  \n  target=\"_self\"\n  \n>\n  Fale com um especialista\n\n  <\/a>\n        <\/div>\n    <\/div>\n\n\n\n<p><\/p>\n","protected":false},"excerpt":{"rendered":"","protected":false},"author":2,"featured_media":1560,"parent":1161,"menu_order":61,"comment_status":"closed","ping_status":"closed","template":"","meta":{"_acf_changed":false,"footnotes":""},"class_list":["post-1987","page","type-page","status-publish","has-post-thumbnail","hentry"],"acf":[],"yoast_head":"<!-- This site is optimized with the Yoast SEO plugin v27.5 - https:\/\/yoast.com\/product\/yoast-seo-wordpress\/ -->\n<title>Services | Chemical Supply Chain Management - Tegma Gest\u00e3o Log\u00edstica<\/title>\n<meta name=\"robots\" content=\"index, follow, max-snippet:-1, max-image-preview:large, max-video-preview:-1\" \/>\n<link rel=\"canonical\" href=\"https:\/\/www.tegma.com.br\/en\/services\/chemical-supply-chain-management\/\" \/>\n<meta property=\"og:locale\" content=\"en_US\" \/>\n<meta property=\"og:type\" content=\"article\" \/>\n<meta property=\"og:title\" content=\"Services | Chemical Supply Chain Management - Tegma Gest\u00e3o Log\u00edstica\" \/>\n<meta property=\"og:url\" content=\"https:\/\/www.tegma.com.br\/en\/services\/chemical-supply-chain-management\/\" \/>\n<meta property=\"og:site_name\" content=\"Tegma Gest\u00e3o Log\u00edstica\" \/>\n<meta property=\"article:publisher\" content=\"https:\/\/www.facebook.com\/Tegma-Gest%c3%a3o-Log%c3%adstica-103241361736319\" \/>\n<meta property=\"article:modified_time\" content=\"2024-03-18T13:44:59+00:00\" \/>\n<meta property=\"og:image\" content=\"https:\/\/www.tegma.com.br\/wp-content\/uploads\/2021\/06\/Carretas-173-scaled.jpg\" \/>\n\t<meta property=\"og:image:width\" content=\"2560\" \/>\n\t<meta property=\"og:image:height\" content=\"1707\" \/>\n\t<meta property=\"og:image:type\" content=\"image\/jpeg\" \/>\n<meta name=\"twitter:card\" content=\"summary_large_image\" \/>\n<meta name=\"twitter:label1\" content=\"Est. reading time\" \/>\n\t<meta name=\"twitter:data1\" content=\"1 minute\" \/>\n<script type=\"application\/ld+json\" class=\"yoast-schema-graph\">{\"@context\":\"https:\\\/\\\/schema.org\",\"@graph\":[{\"@type\":\"WebPage\",\"@id\":\"https:\\\/\\\/www.tegma.com.br\\\/en\\\/services\\\/chemical-supply-chain-management\\\/\",\"url\":\"https:\\\/\\\/www.tegma.com.br\\\/en\\\/services\\\/chemical-supply-chain-management\\\/\",\"name\":\"Services | Chemical Supply Chain Management - Tegma Gest\u00e3o Log\u00edstica\",\"isPartOf\":{\"@id\":\"https:\\\/\\\/www.tegma.com.br\\\/#website\"},\"primaryImageOfPage\":{\"@id\":\"https:\\\/\\\/www.tegma.com.br\\\/en\\\/services\\\/chemical-supply-chain-management\\\/#primaryimage\"},\"image\":{\"@id\":\"https:\\\/\\\/www.tegma.com.br\\\/en\\\/services\\\/chemical-supply-chain-management\\\/#primaryimage\"},\"thumbnailUrl\":\"\\\/wp-content\\\/uploads\\\/2021\\\/06\\\/Carretas-173-scaled.jpg\",\"datePublished\":\"2022-05-03T21:06:33+00:00\",\"dateModified\":\"2024-03-18T13:44:59+00:00\",\"breadcrumb\":{\"@id\":\"https:\\\/\\\/www.tegma.com.br\\\/en\\\/services\\\/chemical-supply-chain-management\\\/#breadcrumb\"},\"inLanguage\":\"en-US\",\"potentialAction\":[{\"@type\":\"ReadAction\",\"target\":[\"https:\\\/\\\/www.tegma.com.br\\\/en\\\/services\\\/chemical-supply-chain-management\\\/\"]}]},{\"@type\":\"ImageObject\",\"inLanguage\":\"en-US\",\"@id\":\"https:\\\/\\\/www.tegma.com.br\\\/en\\\/services\\\/chemical-supply-chain-management\\\/#primaryimage\",\"url\":\"\\\/wp-content\\\/uploads\\\/2021\\\/06\\\/Carretas-173-scaled.jpg\",\"contentUrl\":\"\\\/wp-content\\\/uploads\\\/2021\\\/06\\\/Carretas-173-scaled.jpg\",\"width\":2560,\"height\":1707,\"caption\":\"Caminh\u00e3o tanque branco com 6 eixos, com o logo da Tegma preto e laranja. Caminh\u00e3o andando sobre a pista.\"},{\"@type\":\"BreadcrumbList\",\"@id\":\"https:\\\/\\\/www.tegma.com.br\\\/en\\\/services\\\/chemical-supply-chain-management\\\/#breadcrumb\",\"itemListElement\":[{\"@type\":\"ListItem\",\"position\":1,\"name\":\"In\u00edcio\",\"item\":\"https:\\\/\\\/www.tegmais.com.br\\\/en\\\/\"},{\"@type\":\"ListItem\",\"position\":2,\"name\":\"Services\",\"item\":\"https:\\\/\\\/www.tegmais.com.br\\\/en\\\/services\\\/\"},{\"@type\":\"ListItem\",\"position\":3,\"name\":\"Services | Chemical Supply Chain Management\"}]},{\"@type\":\"WebSite\",\"@id\":\"https:\\\/\\\/www.tegma.com.br\\\/#website\",\"url\":\"https:\\\/\\\/www.tegma.com.br\\\/\",\"name\":\"Tegma Gest\u00e3o Log\u00edstica\",\"description\":\"H\u00e1 mais de 50 anos no mercado, somos uma das maiores Operadoras Log\u00edstica da Am\u00e9rica Latina. Conhe\u00e7a nossos servi\u00e7os!\",\"publisher\":{\"@id\":\"https:\\\/\\\/www.tegma.com.br\\\/#organization\"},\"potentialAction\":[{\"@type\":\"SearchAction\",\"target\":{\"@type\":\"EntryPoint\",\"urlTemplate\":\"https:\\\/\\\/www.tegma.com.br\\\/?s={search_term_string}\"},\"query-input\":{\"@type\":\"PropertyValueSpecification\",\"valueRequired\":true,\"valueName\":\"search_term_string\"}}],\"inLanguage\":\"en-US\"},{\"@type\":\"Organization\",\"@id\":\"https:\\\/\\\/www.tegma.com.br\\\/#organization\",\"name\":\"Tegma Gest\u00e3o Log\u00edstica\",\"url\":\"https:\\\/\\\/www.tegma.com.br\\\/\",\"logo\":{\"@type\":\"ImageObject\",\"inLanguage\":\"en-US\",\"@id\":\"https:\\\/\\\/www.tegma.com.br\\\/#\\\/schema\\\/logo\\\/image\\\/\",\"url\":\"\\\/wp-content\\\/uploads\\\/2021\\\/08\\\/logo-tegma.jpeg\",\"contentUrl\":\"\\\/wp-content\\\/uploads\\\/2021\\\/08\\\/logo-tegma.jpeg\",\"width\":1001,\"height\":467,\"caption\":\"Tegma Gest\u00e3o Log\u00edstica\"},\"image\":{\"@id\":\"https:\\\/\\\/www.tegma.com.br\\\/#\\\/schema\\\/logo\\\/image\\\/\"},\"sameAs\":[\"https:\\\/\\\/www.facebook.com\\\/Tegma-Gest\u00e3o-Log\u00edstica-103241361736319\",\"https:\\\/\\\/www.instagram.com\\\/tegma_oficial\\\/\",\"https:\\\/\\\/br.linkedin.com\\\/company\\\/tegmagestaologistica\",\"https:\\\/\\\/www.youtube.com\\\/channel\\\/UCLOsqoUIsqYliYHiww4q3MQ\",\"https:\\\/\\\/pt.wikipedia.org\\\/wiki\\\/Tegma\"]}]}<\/script>\n<!-- \/ Yoast SEO plugin. -->","yoast_head_json":{"title":"Services | Chemical Supply Chain Management - Tegma Gest\u00e3o Log\u00edstica","robots":{"index":"index","follow":"follow","max-snippet":"max-snippet:-1","max-image-preview":"max-image-preview:large","max-video-preview":"max-video-preview:-1"},"canonical":"https:\/\/www.tegma.com.br\/en\/services\/chemical-supply-chain-management\/","og_locale":"en_US","og_type":"article","og_title":"Services | Chemical Supply Chain Management - Tegma Gest\u00e3o Log\u00edstica","og_url":"https:\/\/www.tegma.com.br\/en\/services\/chemical-supply-chain-management\/","og_site_name":"Tegma Gest\u00e3o Log\u00edstica","article_publisher":"https:\/\/www.facebook.com\/Tegma-Gest%c3%a3o-Log%c3%adstica-103241361736319","article_modified_time":"2024-03-18T13:44:59+00:00","og_image":[{"width":2560,"height":1707,"url":"https:\/\/www.tegma.com.br\/wp-content\/uploads\/2021\/06\/Carretas-173-scaled.jpg","type":"image\/jpeg"}],"twitter_card":"summary_large_image","twitter_misc":{"Est. reading time":"1 minute"},"schema":{"@context":"https:\/\/schema.org","@graph":[{"@type":"WebPage","@id":"https:\/\/www.tegma.com.br\/en\/services\/chemical-supply-chain-management\/","url":"https:\/\/www.tegma.com.br\/en\/services\/chemical-supply-chain-management\/","name":"Services | Chemical Supply Chain Management - Tegma Gest\u00e3o Log\u00edstica","isPartOf":{"@id":"https:\/\/www.tegma.com.br\/#website"},"primaryImageOfPage":{"@id":"https:\/\/www.tegma.com.br\/en\/services\/chemical-supply-chain-management\/#primaryimage"},"image":{"@id":"https:\/\/www.tegma.com.br\/en\/services\/chemical-supply-chain-management\/#primaryimage"},"thumbnailUrl":"\/wp-content\/uploads\/2021\/06\/Carretas-173-scaled.jpg","datePublished":"2022-05-03T21:06:33+00:00","dateModified":"2024-03-18T13:44:59+00:00","breadcrumb":{"@id":"https:\/\/www.tegma.com.br\/en\/services\/chemical-supply-chain-management\/#breadcrumb"},"inLanguage":"en-US","potentialAction":[{"@type":"ReadAction","target":["https:\/\/www.tegma.com.br\/en\/services\/chemical-supply-chain-management\/"]}]},{"@type":"ImageObject","inLanguage":"en-US","@id":"https:\/\/www.tegma.com.br\/en\/services\/chemical-supply-chain-management\/#primaryimage","url":"\/wp-content\/uploads\/2021\/06\/Carretas-173-scaled.jpg","contentUrl":"\/wp-content\/uploads\/2021\/06\/Carretas-173-scaled.jpg","width":2560,"height":1707,"caption":"Caminh\u00e3o tanque branco com 6 eixos, com o logo da Tegma preto e laranja. Caminh\u00e3o andando sobre a pista."},{"@type":"BreadcrumbList","@id":"https:\/\/www.tegma.com.br\/en\/services\/chemical-supply-chain-management\/#breadcrumb","itemListElement":[{"@type":"ListItem","position":1,"name":"In\u00edcio","item":"https:\/\/www.tegmais.com.br\/en\/"},{"@type":"ListItem","position":2,"name":"Services","item":"https:\/\/www.tegmais.com.br\/en\/services\/"},{"@type":"ListItem","position":3,"name":"Services | Chemical Supply Chain Management"}]},{"@type":"WebSite","@id":"https:\/\/www.tegma.com.br\/#website","url":"https:\/\/www.tegma.com.br\/","name":"Tegma Gest\u00e3o Log\u00edstica","description":"H\u00e1 mais de 50 anos no mercado, somos uma das maiores Operadoras Log\u00edstica da Am\u00e9rica Latina. Conhe\u00e7a nossos servi\u00e7os!","publisher":{"@id":"https:\/\/www.tegma.com.br\/#organization"},"potentialAction":[{"@type":"SearchAction","target":{"@type":"EntryPoint","urlTemplate":"https:\/\/www.tegma.com.br\/?s={search_term_string}"},"query-input":{"@type":"PropertyValueSpecification","valueRequired":true,"valueName":"search_term_string"}}],"inLanguage":"en-US"},{"@type":"Organization","@id":"https:\/\/www.tegma.com.br\/#organization","name":"Tegma Gest\u00e3o Log\u00edstica","url":"https:\/\/www.tegma.com.br\/","logo":{"@type":"ImageObject","inLanguage":"en-US","@id":"https:\/\/www.tegma.com.br\/#\/schema\/logo\/image\/","url":"\/wp-content\/uploads\/2021\/08\/logo-tegma.jpeg","contentUrl":"\/wp-content\/uploads\/2021\/08\/logo-tegma.jpeg","width":1001,"height":467,"caption":"Tegma Gest\u00e3o Log\u00edstica"},"image":{"@id":"https:\/\/www.tegma.com.br\/#\/schema\/logo\/image\/"},"sameAs":["https:\/\/www.facebook.com\/Tegma-Gest\u00e3o-Log\u00edstica-103241361736319","https:\/\/www.instagram.com\/tegma_oficial\/","https:\/\/br.linkedin.com\/company\/tegmagestaologistica","https:\/\/www.youtube.com\/channel\/UCLOsqoUIsqYliYHiww4q3MQ","https:\/\/pt.wikipedia.org\/wiki\/Tegma"]}]}},"_links":{"self":[{"href":"https:\/\/www.tegma.com.br\/en\/wp-json\/wp\/v2\/pages\/1987","targetHints":{"allow":["GET"]}}],"collection":[{"href":"https:\/\/www.tegma.com.br\/en\/wp-json\/wp\/v2\/pages"}],"about":[{"href":"https:\/\/www.tegma.com.br\/en\/wp-json\/wp\/v2\/types\/page"}],"author":[{"embeddable":true,"href":"https:\/\/www.tegma.com.br\/en\/wp-json\/wp\/v2\/users\/2"}],"replies":[{"embeddable":true,"href":"https:\/\/www.tegma.com.br\/en\/wp-json\/wp\/v2\/comments?post=1987"}],"version-history":[{"count":2,"href":"https:\/\/www.tegma.com.br\/en\/wp-json\/wp\/v2\/pages\/1987\/revisions"}],"predecessor-version":[{"id":3789,"href":"https:\/\/www.tegma.com.br\/en\/wp-json\/wp\/v2\/pages\/1987\/revisions\/3789"}],"up":[{"embeddable":true,"href":"https:\/\/www.tegma.com.br\/en\/wp-json\/wp\/v2\/pages\/1161"}],"wp:featuredmedia":[{"embeddable":true,"href":"https:\/\/www.tegma.com.br\/en\/wp-json\/wp\/v2\/media\/1560"}],"wp:attachment":[{"href":"https:\/\/www.tegma.com.br\/en\/wp-json\/wp\/v2\/media?parent=1987"}],"curies":[{"name":"wp","href":"https:\/\/api.w.org\/{rel}","templated":true}]}}