{"id":1201,"date":"2021-06-21T00:34:55","date_gmt":"2021-06-21T03:34:55","guid":{"rendered":"https:\/\/tegmasite.azurewebsites.net\/?page_id=1201"},"modified":"2021-09-02T10:07:47","modified_gmt":"2021-09-02T13:07:47","slug":"press","status":"publish","type":"page","link":"https:\/\/www.tegma.com.br\/en\/press\/","title":{"rendered":"Press Room"},"content":{"rendered":"<section class=\"position-relative header-with-text-parallax container-fluid px-0\">\n        <figure class=\"position-relative\">\n            <img decoding=\"async\" class=\"parallax-window object-fit-cover w-100 header-with-text-parallax__image\" src=\"\/wp-content\/uploads\/2021\/05\/jeshoots-com-LtNvQHdKkmw-unsplash.png\" alt=\"\"><\/img>\n        <\/figure>\n        <div class=\"z-index-10\">\n            <h1 class=\"h1 d-flex flex-column z-index-10 position-absolute offset-6 offset-md-7\n                header-with-text-parallax__texts text-white font-weight-bold font-italic\">\n                Press\n                <small class=\"h4 font-weight-bold\">\n                    Releases\n                <\/small>\n            <\/h1>\n        <\/div>\n    <\/section> \n\n\n<section id=\"\" class=\"bg- py-md-5 py-4 \">\n    <div class=\"container\">\n        \n\n<h3 class=\"wp-block-heading\">Press office<\/h3>\n\n\n\n<h3 class=\"wp-block-heading\">Simon Widman<\/h3>\n\n\n\n<p>simon.widman@esp2.com.br<\/p>\n\n\n\n<p>+55 11 99936-7948<\/p>\n\n\n\n<div style=\"height:20px\" aria-hidden=\"true\" class=\"wp-block-spacer\"><\/div>\n\n\n\n<h2 class=\"text-primary primary-extrabold font-italic mb-5 wp-block-heading\">Highlights<\/h2>\n\n\n<div class=\"\">\n        <div class=\"row imprensa-list\" data-imprensa-per-page=\"10\" data-imprensa-found-posts=\"8\">\n                        <div class=\"col-md-4 col-12\">\n                <article class=\"card  mb-5 shadow-sm\">\n    <a href=\"https:\/\/www.tegma.com.br\/en\/imprensa\/tegup-abre-inscricoes-para-o-programa-de-desafios-2023-para-startups-da-area-de-logistica\/\" class=\"stretched-link\"><\/a>\n        \n    \n    <div class=\"card-hat mt-4 px-3\">\n        <small class=\"d-block\">\n            <time class=\"text-uppercase primary-semibold mb-3 d-inline-block\" datetime=\"19:10\">July 2023<\/time>\n                    <\/small>\n        <strong class=\"font-italic primary-extrabold\">tegUP abre inscri\u00e7\u00f5es para o Programa de Desafios 2023 para startups da \u00e1rea de log\u00edstica<\/strong>\n    <\/div>\n    \n    <div class=\"card-body mt-4 px-3 pb-4\">\n        Bra\u00e7o de inova\u00e7\u00e3o da Tegma anuncia os temas que dever\u00e3o&hellip;\n        \n        <span class=\"text-primary primary-extrabold d-block mt-4\">Read +<\/span>\n    <\/div>\n<\/article>            <\/div>\n                        <div class=\"col-md-4 col-12\">\n                <article class=\"card  mb-5 shadow-sm\">\n    <a href=\"https:\/\/www.tegma.com.br\/en\/imprensa\/tegma-e-premiada-no-100-opens-startups-pelo-quarto-ano-consecutivo\/\" class=\"stretched-link\"><\/a>\n        \n    \n    <div class=\"card-hat mt-4 px-3\">\n        <small class=\"d-block\">\n            <time class=\"text-uppercase primary-semibold mb-3 d-inline-block\" datetime=\"11:10\">October 2022<\/time>\n                    <\/small>\n        <strong class=\"font-italic primary-extrabold\">Tegma \u00e9 premiada no 100 Opens Startups pelo quarto ano consecutivo<\/strong>\n    <\/div>\n    \n    <div class=\"card-body mt-4 px-3 pb-4\">\n        Al\u00e9m de integrar o Top 100 geral, empresa \u00e9 a&hellip;\n        \n        <span class=\"text-primary primary-extrabold d-block mt-4\">Read +<\/span>\n    <\/div>\n<\/article>            <\/div>\n                        <div class=\"col-md-4 col-12\">\n                <article class=\"card  mb-5 shadow-sm\">\n    <a href=\"https:\/\/www.tegma.com.br\/en\/imprensa\/tegma-holds-social-events-for-employees-truck-drivers-and-their-families\/\" class=\"stretched-link\"><\/a>\n        \n    \n    <div class=\"card-hat mt-4 px-3\">\n        <small class=\"d-block\">\n            <time class=\"text-uppercase primary-semibold mb-3 d-inline-block\" datetime=\"12:30\">June 2021<\/time>\n                    <\/small>\n        <strong class=\"font-italic primary-extrabold\">Tegma holds social events for employees, truck drivers and their families<\/strong>\n    <\/div>\n    \n    <div class=\"card-body mt-4 px-3 pb-4\">\n        Between the end of 2019 and the beginning of 2020,&hellip;\n        \n        <span class=\"text-primary primary-extrabold d-block mt-4\">Read +<\/span>\n    <\/div>\n<\/article>            <\/div>\n                        <div class=\"col-md-4 col-12\">\n                <article class=\"card  mb-5 shadow-sm\">\n    <a href=\"https:\/\/www.tegma.com.br\/en\/imprensa\/tegma-wins-for-the-11th-time-the-award-for-best-road-freight-transport-operator\/\" class=\"stretched-link\"><\/a>\n        \n    \n    <div class=\"card-hat mt-4 px-3\">\n        <small class=\"d-block\">\n            <time class=\"text-uppercase primary-semibold mb-3 d-inline-block\" datetime=\"12:28\">June 2021<\/time>\n                    <\/small>\n        <strong class=\"font-italic primary-extrabold\">Tegma wins for the 11th time the award for best Road Freight Transport Operator<\/strong>\n    <\/div>\n    \n    <div class=\"card-body mt-4 px-3 pb-4\">\n        The annual Melhores do Transporte &amp; Maiores do Transporte, published&hellip;\n        \n        <span class=\"text-primary primary-extrabold d-block mt-4\">Read +<\/span>\n    <\/div>\n<\/article>            <\/div>\n                        <div class=\"col-md-4 col-12\">\n                <article class=\"card  mb-5 shadow-sm\">\n    <a href=\"https:\/\/www.tegma.com.br\/en\/imprensa\/tegma-gestao-logistica-receives-great-place-to-work-certification\/\" class=\"stretched-link\"><\/a>\n        \n    \n    <div class=\"card-hat mt-4 px-3\">\n        <small class=\"d-block\">\n            <time class=\"text-uppercase primary-semibold mb-3 d-inline-block\" datetime=\"12:28\">June 2021<\/time>\n                    <\/small>\n        <strong class=\"font-italic primary-extrabold\">Tegma Gest\u00e3o Log\u00edstica receives Great Place to Work certification<\/strong>\n    <\/div>\n    \n    <div class=\"card-body mt-4 px-3 pb-4\">\n        Tegma Gest\u00e3o Log\u00edstica received the Great Place to Work certification,&hellip;\n        \n        <span class=\"text-primary primary-extrabold d-block mt-4\">Read +<\/span>\n    <\/div>\n<\/article>            <\/div>\n                        <div class=\"col-md-4 col-12\">\n                <article class=\"card  mb-5 shadow-sm\">\n    <a href=\"https:\/\/www.tegma.com.br\/en\/imprensa\/tegma-invests-brl-3-2-million-in-rabbot-a-startup-that-automates-fleet-management-tasks\/\" class=\"stretched-link\"><\/a>\n        \n    \n    <div class=\"card-hat mt-4 px-3\">\n        <small class=\"d-block\">\n            <time class=\"text-uppercase primary-semibold mb-3 d-inline-block\" datetime=\"12:24\">June 2021<\/time>\n                    <\/small>\n        <strong class=\"font-italic primary-extrabold\">Tegma invests BRL 3.2 million in Rabbot, a startup that automates fleet management tasks<\/strong>\n    <\/div>\n    \n    <div class=\"card-body mt-4 px-3 pb-4\">\n        As part of the identification and selection program for startups&hellip;\n        \n        <span class=\"text-primary primary-extrabold d-block mt-4\">Read +<\/span>\n    <\/div>\n<\/article>            <\/div>\n                        <div class=\"col-md-4 col-12\">\n                <article class=\"card  mb-5 shadow-sm\">\n    <a href=\"https:\/\/www.tegma.com.br\/en\/imprensa\/tegup-aceleradora-da-area-de-logistica-coloca-as-necessidades-dos-clientes-no-centro-do-processo\/\" class=\"stretched-link\"><\/a>\n        \n    \n    <div class=\"card-hat mt-4 px-3\">\n        <small class=\"d-block\">\n            <time class=\"text-uppercase primary-semibold mb-3 d-inline-block\" datetime=\"00:33\">June 2021<\/time>\n                    <\/small>\n        <strong class=\"font-italic primary-extrabold\">tegUP, a logistics accelerator, puts customer needs at the heart of the process<\/strong>\n    <\/div>\n    \n    <div class=\"card-body mt-4 px-3 pb-4\">\n        In the third cycle of the startup acceleration program in&hellip;\n        \n        <span class=\"text-primary primary-extrabold d-block mt-4\">Read +<\/span>\n    <\/div>\n<\/article>            <\/div>\n                        <div class=\"col-md-4 col-12\">\n                <article class=\"card  mb-5 shadow-sm\">\n    <a href=\"https:\/\/www.tegma.com.br\/en\/imprensa\/tegup-aceleradora-de-startups-da-tegma-investe-na-frete-rapido-para-alavancar-seu-crescimento\/\" class=\"stretched-link\"><\/a>\n        \n    \n    <div class=\"card-hat mt-4 px-3\">\n        <small class=\"d-block\">\n            <time class=\"text-uppercase primary-semibold mb-3 d-inline-block\" datetime=\"18:50\">March 2018<\/time>\n                    <\/small>\n        <strong class=\"font-italic primary-extrabold\">tegUp, Tegma&#039;s startup accelerator, invests in Fast Freight to leverage its growth<\/strong>\n    <\/div>\n    \n    <div class=\"card-body mt-4 px-3 pb-4\">\n        Anyone who works or buys through e-commerce knows that one&hellip;\n        \n        <span class=\"text-primary primary-extrabold d-block mt-4\">Read +<\/span>\n    <\/div>\n<\/article>            <\/div>\n                    <\/div>\n            <\/div>\n\n\n    <\/div>\n<\/section>\n","protected":false},"excerpt":{"rendered":"","protected":false},"author":2,"featured_media":0,"parent":0,"menu_order":30,"comment_status":"closed","ping_status":"closed","template":"","meta":{"_acf_changed":false,"footnotes":""},"class_list":["post-1201","page","type-page","status-publish","hentry"],"acf":[],"yoast_head":"<!-- This site is optimized with the Yoast SEO plugin v27.2 - https:\/\/yoast.com\/product\/yoast-seo-wordpress\/ -->\n<title>Press Room - Tegma Gest\u00e3o Log\u00edstica<\/title>\n<meta name=\"robots\" content=\"index, follow, max-snippet:-1, max-image-preview:large, max-video-preview:-1\" \/>\n<link rel=\"canonical\" href=\"https:\/\/www.tegma.com.br\/en\/press\/\" \/>\n<meta property=\"og:locale\" content=\"en_US\" \/>\n<meta property=\"og:type\" content=\"article\" \/>\n<meta property=\"og:title\" content=\"Press Room - Tegma Gest\u00e3o Log\u00edstica\" \/>\n<meta property=\"og:url\" content=\"https:\/\/www.tegma.com.br\/en\/press\/\" \/>\n<meta property=\"og:site_name\" content=\"Tegma Gest\u00e3o Log\u00edstica\" \/>\n<meta property=\"article:publisher\" content=\"https:\/\/www.facebook.com\/Tegma-Gest%c3%a3o-Log%c3%adstica-103241361736319\" \/>\n<meta property=\"article:modified_time\" content=\"2021-09-02T13:07:47+00:00\" \/>\n<meta name=\"twitter:card\" content=\"summary_large_image\" \/>\n<meta name=\"twitter:label1\" content=\"Est. reading time\" \/>\n\t<meta name=\"twitter:data1\" content=\"1 minute\" \/>\n<script type=\"application\/ld+json\" class=\"yoast-schema-graph\">{\"@context\":\"https:\/\/schema.org\",\"@graph\":[{\"@type\":\"WebPage\",\"@id\":\"https:\/\/www.tegma.com.br\/en\/press\/\",\"url\":\"https:\/\/www.tegma.com.br\/en\/press\/\",\"name\":\"Press Room - Tegma Gest\u00e3o Log\u00edstica\",\"isPartOf\":{\"@id\":\"https:\/\/www.tegma.com.br\/#website\"},\"datePublished\":\"2021-06-21T03:34:55+00:00\",\"dateModified\":\"2021-09-02T13:07:47+00:00\",\"breadcrumb\":{\"@id\":\"https:\/\/www.tegma.com.br\/en\/press\/#breadcrumb\"},\"inLanguage\":\"en-US\",\"potentialAction\":[{\"@type\":\"ReadAction\",\"target\":[\"https:\/\/www.tegma.com.br\/en\/press\/\"]}]},{\"@type\":\"BreadcrumbList\",\"@id\":\"https:\/\/www.tegma.com.br\/en\/press\/#breadcrumb\",\"itemListElement\":[{\"@type\":\"ListItem\",\"position\":1,\"name\":\"In\u00edcio\",\"item\":\"https:\/\/www.tgl.com.br\/en\/\"},{\"@type\":\"ListItem\",\"position\":2,\"name\":\"Press Room\"}]},{\"@type\":\"WebSite\",\"@id\":\"https:\/\/www.tegma.com.br\/#website\",\"url\":\"https:\/\/www.tegma.com.br\/\",\"name\":\"Tegma Gest\u00e3o Log\u00edstica\",\"description\":\"H\u00e1 mais de 50 anos no mercado, somos uma das maiores Operadoras Log\u00edstica da Am\u00e9rica Latina. Conhe\u00e7a nossos servi\u00e7os!\",\"publisher\":{\"@id\":\"https:\/\/www.tegma.com.br\/#organization\"},\"potentialAction\":[{\"@type\":\"SearchAction\",\"target\":{\"@type\":\"EntryPoint\",\"urlTemplate\":\"https:\/\/www.tegma.com.br\/?s={search_term_string}\"},\"query-input\":{\"@type\":\"PropertyValueSpecification\",\"valueRequired\":true,\"valueName\":\"search_term_string\"}}],\"inLanguage\":\"en-US\"},{\"@type\":\"Organization\",\"@id\":\"https:\/\/www.tegma.com.br\/#organization\",\"name\":\"Tegma Gest\u00e3o Log\u00edstica\",\"url\":\"https:\/\/www.tegma.com.br\/\",\"logo\":{\"@type\":\"ImageObject\",\"inLanguage\":\"en-US\",\"@id\":\"https:\/\/www.tegma.com.br\/#\/schema\/logo\/image\/\",\"url\":\"\/wp-content\/uploads\/2021\/08\/logo-tegma.jpeg\",\"contentUrl\":\"\/wp-content\/uploads\/2021\/08\/logo-tegma.jpeg\",\"width\":1001,\"height\":467,\"caption\":\"Tegma Gest\u00e3o Log\u00edstica\"},\"image\":{\"@id\":\"https:\/\/www.tegma.com.br\/#\/schema\/logo\/image\/\"},\"sameAs\":[\"https:\/\/www.facebook.com\/Tegma-Gest\u00e3o-Log\u00edstica-103241361736319\",\"https:\/\/www.instagram.com\/tegma_oficial\/\",\"https:\/\/br.linkedin.com\/company\/tegmagestaologistica\",\"https:\/\/www.youtube.com\/channel\/UCLOsqoUIsqYliYHiww4q3MQ\",\"https:\/\/pt.wikipedia.org\/wiki\/Tegma\"]}]}<\/script>\n<!-- \/ Yoast SEO plugin. -->","yoast_head_json":{"title":"Press Room - Tegma Gest\u00e3o Log\u00edstica","robots":{"index":"index","follow":"follow","max-snippet":"max-snippet:-1","max-image-preview":"max-image-preview:large","max-video-preview":"max-video-preview:-1"},"canonical":"https:\/\/www.tegma.com.br\/en\/press\/","og_locale":"en_US","og_type":"article","og_title":"Press Room - Tegma Gest\u00e3o Log\u00edstica","og_url":"https:\/\/www.tegma.com.br\/en\/press\/","og_site_name":"Tegma Gest\u00e3o Log\u00edstica","article_publisher":"https:\/\/www.facebook.com\/Tegma-Gest%c3%a3o-Log%c3%adstica-103241361736319","article_modified_time":"2021-09-02T13:07:47+00:00","twitter_card":"summary_large_image","twitter_misc":{"Est. reading time":"1 minute"},"schema":{"@context":"https:\/\/schema.org","@graph":[{"@type":"WebPage","@id":"https:\/\/www.tegma.com.br\/en\/press\/","url":"https:\/\/www.tegma.com.br\/en\/press\/","name":"Press Room - Tegma Gest\u00e3o Log\u00edstica","isPartOf":{"@id":"https:\/\/www.tegma.com.br\/#website"},"datePublished":"2021-06-21T03:34:55+00:00","dateModified":"2021-09-02T13:07:47+00:00","breadcrumb":{"@id":"https:\/\/www.tegma.com.br\/en\/press\/#breadcrumb"},"inLanguage":"en-US","potentialAction":[{"@type":"ReadAction","target":["https:\/\/www.tegma.com.br\/en\/press\/"]}]},{"@type":"BreadcrumbList","@id":"https:\/\/www.tegma.com.br\/en\/press\/#breadcrumb","itemListElement":[{"@type":"ListItem","position":1,"name":"In\u00edcio","item":"https:\/\/www.tgl.com.br\/en\/"},{"@type":"ListItem","position":2,"name":"Press Room"}]},{"@type":"WebSite","@id":"https:\/\/www.tegma.com.br\/#website","url":"https:\/\/www.tegma.com.br\/","name":"Tegma Gest\u00e3o Log\u00edstica","description":"H\u00e1 mais de 50 anos no mercado, somos uma das maiores Operadoras Log\u00edstica da Am\u00e9rica Latina. Conhe\u00e7a nossos servi\u00e7os!","publisher":{"@id":"https:\/\/www.tegma.com.br\/#organization"},"potentialAction":[{"@type":"SearchAction","target":{"@type":"EntryPoint","urlTemplate":"https:\/\/www.tegma.com.br\/?s={search_term_string}"},"query-input":{"@type":"PropertyValueSpecification","valueRequired":true,"valueName":"search_term_string"}}],"inLanguage":"en-US"},{"@type":"Organization","@id":"https:\/\/www.tegma.com.br\/#organization","name":"Tegma Gest\u00e3o Log\u00edstica","url":"https:\/\/www.tegma.com.br\/","logo":{"@type":"ImageObject","inLanguage":"en-US","@id":"https:\/\/www.tegma.com.br\/#\/schema\/logo\/image\/","url":"\/wp-content\/uploads\/2021\/08\/logo-tegma.jpeg","contentUrl":"\/wp-content\/uploads\/2021\/08\/logo-tegma.jpeg","width":1001,"height":467,"caption":"Tegma Gest\u00e3o Log\u00edstica"},"image":{"@id":"https:\/\/www.tegma.com.br\/#\/schema\/logo\/image\/"},"sameAs":["https:\/\/www.facebook.com\/Tegma-Gest\u00e3o-Log\u00edstica-103241361736319","https:\/\/www.instagram.com\/tegma_oficial\/","https:\/\/br.linkedin.com\/company\/tegmagestaologistica","https:\/\/www.youtube.com\/channel\/UCLOsqoUIsqYliYHiww4q3MQ","https:\/\/pt.wikipedia.org\/wiki\/Tegma"]}]}},"_links":{"self":[{"href":"https:\/\/www.tegma.com.br\/en\/wp-json\/wp\/v2\/pages\/1201","targetHints":{"allow":["GET"]}}],"collection":[{"href":"https:\/\/www.tegma.com.br\/en\/wp-json\/wp\/v2\/pages"}],"about":[{"href":"https:\/\/www.tegma.com.br\/en\/wp-json\/wp\/v2\/types\/page"}],"author":[{"embeddable":true,"href":"https:\/\/www.tegma.com.br\/en\/wp-json\/wp\/v2\/users\/2"}],"replies":[{"embeddable":true,"href":"https:\/\/www.tegma.com.br\/en\/wp-json\/wp\/v2\/comments?post=1201"}],"version-history":[{"count":1,"href":"https:\/\/www.tegma.com.br\/en\/wp-json\/wp\/v2\/pages\/1201\/revisions"}],"predecessor-version":[{"id":2092,"href":"https:\/\/www.tegma.com.br\/en\/wp-json\/wp\/v2\/pages\/1201\/revisions\/2092"}],"wp:attachment":[{"href":"https:\/\/www.tegma.com.br\/en\/wp-json\/wp\/v2\/media?parent=1201"}],"curies":[{"name":"wp","href":"https:\/\/api.w.org\/{rel}","templated":true}]}}