{"id":1184,"date":"2021-06-21T00:16:15","date_gmt":"2021-06-21T03:16:15","guid":{"rendered":"https:\/\/tegmasite.azurewebsites.net\/?page_id=1184"},"modified":"2024-09-02T09:39:59","modified_gmt":"2024-09-02T12:39:59","slug":"sustainability","status":"publish","type":"page","link":"https:\/\/www.tegma.com.br\/en\/sustainability\/","title":{"rendered":"Sustainability"},"content":{"rendered":"<section class=\"position-relative header-with-text-parallax container-fluid px-0\">\n        <figure class=\"position-relative\">\n            <img decoding=\"async\" class=\"parallax-window object-fit-cover w-100 header-with-text-parallax__image\" src=\"https:\/\/www.tegma.com.br\/wp-content\/uploads\/2021\/05\/banner_sustentabilidade.png\" alt=\"\"><\/img>\n        <\/figure>\n        <div class=\"z-index-10\">\n            <h1 class=\"h1 d-flex flex-column z-index-10 position-absolute offset-6 offset-md-7\n                header-with-text-parallax__texts text-white font-weight-bold font-italic\">\n                Sustainability\n                <small class=\"h4 font-weight-bold\">\n                     \n                <\/small>\n            <\/h1>\n        <\/div>\n    <\/section> \n\n\n<section id=\"\" class=\"bg- py-md-5 py-4 \">\n    <div class=\"container\">\n        \n    <\/div>\n<\/section>\n\n\n<section id=\"\" class=\"bg- py-md-5 py-4 \">\n    <div class=\"container\">\n        \n<div class=\"carousel-com-preenchimento \" style=\"--trace-width: 0px\">\n        <div class=\"swiper-container\">\n            <!-- Add Pagination -->\n            <div class=\"container mb-4 mb-md-5\">\n                <div class=\"row\">\n                    <div class=\"col-md-8 offset-md-2 col-12 d-flex align-items-center\">\n                        <div class=\"swiper-button swiper-button-prev pointer d-none d-md-flex\">\n                            <em class=\"fas fa-chevron-left fa-2x\"><\/em>\n                        <\/div>\n                        <div class=\"container position-relative pt-md-5 pb-4 swiper-pagination-wrapper\">\n                            <div class=\"swiper-pagination\"><\/div>\n                        <\/div>\n                        <div class=\"swiper-button swiper-button-next pointer d-none d-md-flex\">\n                            <em class=\"fas fa-chevron-right fa-2x\"><\/em>\n                        <\/div>\n                    <\/div>\n                <\/div>\n            <\/div>\n            <div class=\"swiper-wrapper\">\n                                    <div data-iconUrl=\"\/wp-content\/uploads\/2021\/06\/sustentabilidade.png\" class=\"swiper-slide d-flex flex-column justify-content-center align-items-center\">\n                        <h2 class=\"mt-4 primary-extrabold h2 text-primary\">Environmental<\/h2>\n\n                        <div class=\"w-100 container mt-3\"><p style=\"text-align: center;\"><i><span style=\"font-weight: 400;\">At Tegma we make decisions that minimize the impact on the environment. Among the most important measures are the incentive to modernize the fleet to use more efficient engines, the control of smoke from these equipment in order to reduce the emission of pollutants and Greenhouse Gases, the creation of more efficient road implements that reduce the environmental impact of chemical transport operations and the implementation of new technologies for washing trucks, which reduce water consumption.<\/span><\/i><\/p>\n<p>\u00a0<\/p>\n<p style=\"text-align: center;\"><a href=\"https:\/\/www.tegma.com.br\/wp-content\/uploads\/2024\/09\/9001.pdf\"><img loading=\"lazy\" decoding=\"async\" class=\"alignnone size-full wp-image-1617\" src=\"\/wp-content\/uploads\/2021\/07\/Logo-12.png\" alt=\"\" width=\"93\" height=\"92\" \/><\/a>\u00a0 \u00a0 \u00a0 \u00a0 \u00a0 <a href=\"https:\/\/www.tegma.com.br\/wp-content\/uploads\/2024\/09\/14001.pdf\"><img loading=\"lazy\" decoding=\"async\" class=\"alignnone size-full wp-image-1619\" src=\"\/wp-content\/uploads\/2021\/07\/Logo-11.png\" alt=\"\" width=\"104\" height=\"104\" \/><\/a>\u00a0 \u00a0 \u00a0 \u00a0 \u00a0\u00a0<img loading=\"lazy\" decoding=\"async\" class=\"alignnone size-full wp-image-1621\" src=\"\/wp-content\/uploads\/2021\/07\/Logo-10.png\" alt=\"\" width=\"274\" height=\"94\" \/><\/p><\/div>\n                    <\/div>\n                                    <div data-iconUrl=\"\/wp-content\/uploads\/2021\/06\/social_.png\" class=\"swiper-slide d-flex flex-column justify-content-center align-items-center\">\n                        <h2 class=\"mt-4 primary-extrabold h2 text-primary\">Social<\/h2>\n\n                        <div class=\"w-100 container mt-3\"><p style=\"text-align: center;\"><i><span style=\"font-weight: 400;\">We work in the socioeconomic development of the communities in which we operate and in several others, by supporting more than 40 institutions that carry out initiatives aimed at promoting social well-being, supporting senior citizens, culture and sports.<\/span><\/i><\/p>\n<p style=\"text-align: center;\"><i><span style=\"font-weight: 400;\">Learn more at: <a href=\"https:\/\/ri.tegma.com.br\/responsabilidade-social\/\" target=\"_blank\" rel=\"noopener\">ri.tegma.com.br\/responsibility-social\/<\/a><\/span><\/i><\/p>\n<p style=\"text-align: center;\"><span style=\"font-weight: 400;\">Learn about some of the entities and projects that we support:<\/span><\/p>\n<p>\u00a0<\/p>\n<p><img loading=\"lazy\" decoding=\"async\" class=\"alignnone size-full wp-image-1625\" src=\"\/wp-content\/uploads\/2021\/07\/Imagens_TEGMA02.png\" alt=\"\" width=\"100\" height=\"100\" \/>\u00a0 \u00a0 \u00a0 \u00a0 \u00a0 <img loading=\"lazy\" decoding=\"async\" class=\"alignnone size-full wp-image-1627\" src=\"\/wp-content\/uploads\/2021\/07\/Imagens_TEGMA03.png\" alt=\"\" width=\"160\" height=\"160\" srcset=\"\/wp-content\/uploads\/2021\/07\/Imagens_TEGMA03.png 160w, \/wp-content\/uploads\/2021\/07\/Imagens_TEGMA03-150x150.png 150w\" sizes=\"auto, (max-width: 160px) 100vw, 160px\" \/>\u00a0 \u00a0 \u00a0<img loading=\"lazy\" decoding=\"async\" class=\"alignnone size-full wp-image-1629\" src=\"\/wp-content\/uploads\/2021\/07\/Imagens_TEGMA07.png\" alt=\"\" width=\"160\" height=\"160\" srcset=\"\/wp-content\/uploads\/2021\/07\/Imagens_TEGMA07.png 160w, \/wp-content\/uploads\/2021\/07\/Imagens_TEGMA07-150x150.png 150w\" sizes=\"auto, (max-width: 160px) 100vw, 160px\" \/>\u00a0 <img loading=\"lazy\" decoding=\"async\" class=\"alignnone size-full wp-image-1633\" src=\"\/wp-content\/uploads\/2021\/07\/Imagens_TEGMA25.png\" alt=\"\" width=\"160\" height=\"160\" srcset=\"\/wp-content\/uploads\/2021\/07\/Imagens_TEGMA25.png 160w, \/wp-content\/uploads\/2021\/07\/Imagens_TEGMA25-150x150.png 150w\" sizes=\"auto, (max-width: 160px) 100vw, 160px\" \/> <img loading=\"lazy\" decoding=\"async\" class=\"alignnone size-full wp-image-1635\" src=\"\/wp-content\/uploads\/2021\/07\/Imagens_TEGMA20.png\" alt=\"\" width=\"160\" height=\"160\" srcset=\"\/wp-content\/uploads\/2021\/07\/Imagens_TEGMA20.png 160w, \/wp-content\/uploads\/2021\/07\/Imagens_TEGMA20-150x150.png 150w\" sizes=\"auto, (max-width: 160px) 100vw, 160px\" \/> \u00a0 \u00a0 \u00a0 <img loading=\"lazy\" decoding=\"async\" class=\"alignnone size-full wp-image-1637\" src=\"\/wp-content\/uploads\/2021\/07\/Imagens_TEGMA17.png\" alt=\"\" width=\"160\" height=\"160\" srcset=\"\/wp-content\/uploads\/2021\/07\/Imagens_TEGMA17.png 160w, \/wp-content\/uploads\/2021\/07\/Imagens_TEGMA17-150x150.png 150w\" sizes=\"auto, (max-width: 160px) 100vw, 160px\" \/>\u00a0 \u00a0 \u00a0 \u00a0\u00a0<img loading=\"lazy\" decoding=\"async\" class=\"alignnone size-full wp-image-1641\" src=\"\/wp-content\/uploads\/2021\/07\/Imagens_TEGMA19.png\" alt=\"\" width=\"160\" height=\"160\" srcset=\"\/wp-content\/uploads\/2021\/07\/Imagens_TEGMA19.png 160w, \/wp-content\/uploads\/2021\/07\/Imagens_TEGMA19-150x150.png 150w\" sizes=\"auto, (max-width: 160px) 100vw, 160px\" \/>\u00a0 \u00a0 <img loading=\"lazy\" decoding=\"async\" class=\"alignnone size-full wp-image-1643\" src=\"\/wp-content\/uploads\/2021\/07\/Imagens_TEGMA22-3.png\" alt=\"\" width=\"160\" height=\"160\" srcset=\"\/wp-content\/uploads\/2021\/07\/Imagens_TEGMA22-3.png 160w, \/wp-content\/uploads\/2021\/07\/Imagens_TEGMA22-3-150x150.png 150w\" sizes=\"auto, (max-width: 160px) 100vw, 160px\" \/>\u00a0 \u00a0 \u00a0 <img loading=\"lazy\" decoding=\"async\" class=\"alignnone wp-image-2238\" src=\"\/wp-content\/uploads\/2023\/03\/2023_SELO-PNMC-APOIADOR-I_520x250-1-300x145.png\" alt=\"\" width=\"250\" height=\"121\" srcset=\"\/wp-content\/uploads\/2023\/03\/2023_SELO-PNMC-APOIADOR-I_520x250-1-300x145.png 300w, \/wp-content\/uploads\/2023\/03\/2023_SELO-PNMC-APOIADOR-I_520x250-1.png 520w\" sizes=\"auto, (max-width: 250px) 100vw, 250px\" \/>\u00a0 \u00a0 \u00a0 \u00a0 <img loading=\"lazy\" decoding=\"async\" class=\"alignnone  wp-image-2254\" src=\"\/wp-content\/uploads\/2023\/03\/SELO-EMPRESA-AMIGA-003-2023-1.jpg\" alt=\"\" width=\"140\" height=\"140\" \/><\/p><\/div>\n                    <\/div>\n                                    <div data-iconUrl=\"\/wp-content\/uploads\/2021\/06\/governanca-1.png\" class=\"swiper-slide d-flex flex-column justify-content-center align-items-center\">\n                        <h2 class=\"mt-4 primary-extrabold h2 text-primary\">Governance<\/h2>\n\n                        <div class=\"w-100 container mt-3\"><p style=\"text-align: center;\"><i><span style=\"font-weight: 400;\">Tegma has corporate governance that, in addition to encompassing control and planning, looks to the Company&#8217;s past and future. Tegma&#8217;s corporate governance helps to provide its \u201cstakeholders\u201d with all information in a clear way, so that they can easily assess our performance and check its alignment with growth strategies. The ethical issue is part of the Company&#8217;s daily life through the Code of Ethics and Conduct and the concepts are transmitted in the training provided to all employees.<\/span><\/i><\/p>\n<p style=\"text-align: center;\"><i><span style=\"font-weight: 400;\">Learn more at: <a href=\"https:\/\/ri.tegma.com.br\/governanca\/documentos-de-governanca\/\">https:\/\/ri.tegma.com.br\/governanca\/documentos-de-governanca\/<\/a><\/span><\/i><\/p><\/div>\n                    <\/div>\n                                    <div data-iconUrl=\"\/wp-content\/uploads\/2023\/07\/icone-relatorio.png\" class=\"swiper-slide d-flex flex-column justify-content-center align-items-center\">\n                        <h2 class=\"mt-4 primary-extrabold h2 text-primary\">Integrated Report <\/h2>\n\n                        <div class=\"w-100 container mt-3\"><div>Discover our Integrated Report, a corporate model in which we disclose our financial and sustainable information in a clear and concise manner, presenting a holistic view of the organization.<\/div>\n<div>\u00a0<\/div>\n<div>The Integrated Report is prepared in accordance with the Integrated Reporting, Integrated Thinking framework and the contents of the Sustainability Accounting Standards Board (SASB), frameworks under the IFRS Foundation. In addition, it complies with the rules and standards of the Global Reporting Initiative (GRI) version 2021, and aligned with the 2030 Agenda of the United Nations (UN) and its 17 Sustainable Development Goals (SDGs).<\/div>\n<div>\u00a0<\/div>\n<div>\n<p><a href=\"https:\/\/www.tegma.com.br\/wp-content\/uploads\/2024\/06\/tegma-relatorio-integrado-2023.pdf\"><img loading=\"lazy\" decoding=\"async\" class=\"alignnone wp-image-4014\" src=\"\/wp-content\/uploads\/2024\/06\/icone-relatorio-anual-23-300x113.png\" alt=\"\" width=\"183\" height=\"69\" srcset=\"\/wp-content\/uploads\/2024\/06\/icone-relatorio-anual-23-300x113.png 300w, \/wp-content\/uploads\/2024\/06\/icone-relatorio-anual-23.png 400w\" sizes=\"auto, (max-width: 183px) 100vw, 183px\" \/><\/a><a href=\"https:\/\/www.tegma.com.br\/wp-content\/uploads\/2023\/09\/Relatorio-integrado-tegma_2022_english.pdf\"><img loading=\"lazy\" decoding=\"async\" class=\"alignnone wp-image-2366\" src=\"\/wp-content\/uploads\/2023\/07\/icone-annual-report-300x113.png\" alt=\"Annual Report 2022\" width=\"183\" height=\"69\" srcset=\"\/wp-content\/uploads\/2023\/07\/icone-annual-report-300x113.png 300w, \/wp-content\/uploads\/2023\/07\/icone-annual-report.png 400w\" sizes=\"auto, (max-width: 183px) 100vw, 183px\" \/><\/a><\/p>\n<\/div><\/div>\n                    <\/div>\n                            <\/div>\n        <\/div>\n    <\/div>\n\n\n    <\/div>\n<\/section>\n","protected":false},"excerpt":{"rendered":"","protected":false},"author":2,"featured_media":0,"parent":0,"menu_order":76,"comment_status":"closed","ping_status":"closed","template":"","meta":{"_acf_changed":false,"footnotes":""},"class_list":["post-1184","page","type-page","status-publish","hentry"],"acf":[],"yoast_head":"<!-- This site is optimized with the Yoast SEO plugin v27.2 - https:\/\/yoast.com\/product\/yoast-seo-wordpress\/ -->\n<title>Sustainability - Tegma Gest\u00e3o Log\u00edstica<\/title>\n<meta name=\"robots\" content=\"index, follow, max-snippet:-1, max-image-preview:large, max-video-preview:-1\" \/>\n<link rel=\"canonical\" href=\"https:\/\/www.tegma.com.br\/en\/sustainability\/\" \/>\n<meta property=\"og:locale\" content=\"en_US\" \/>\n<meta property=\"og:type\" content=\"article\" \/>\n<meta property=\"og:title\" content=\"Sustainability - Tegma Gest\u00e3o Log\u00edstica\" \/>\n<meta property=\"og:url\" content=\"https:\/\/www.tegma.com.br\/en\/sustainability\/\" \/>\n<meta property=\"og:site_name\" content=\"Tegma Gest\u00e3o Log\u00edstica\" \/>\n<meta property=\"article:publisher\" content=\"https:\/\/www.facebook.com\/Tegma-Gest%c3%a3o-Log%c3%adstica-103241361736319\" \/>\n<meta property=\"article:modified_time\" content=\"2024-09-02T12:39:59+00:00\" \/>\n<meta name=\"twitter:card\" content=\"summary_large_image\" \/>\n<script type=\"application\/ld+json\" class=\"yoast-schema-graph\">{\"@context\":\"https:\/\/schema.org\",\"@graph\":[{\"@type\":\"WebPage\",\"@id\":\"https:\/\/www.tegma.com.br\/en\/sustainability\/\",\"url\":\"https:\/\/www.tegma.com.br\/en\/sustainability\/\",\"name\":\"Sustainability - Tegma Gest\u00e3o Log\u00edstica\",\"isPartOf\":{\"@id\":\"https:\/\/www.tegma.com.br\/#website\"},\"datePublished\":\"2021-06-21T03:16:15+00:00\",\"dateModified\":\"2024-09-02T12:39:59+00:00\",\"breadcrumb\":{\"@id\":\"https:\/\/www.tegma.com.br\/en\/sustainability\/#breadcrumb\"},\"inLanguage\":\"en-US\",\"potentialAction\":[{\"@type\":\"ReadAction\",\"target\":[\"https:\/\/www.tegma.com.br\/en\/sustainability\/\"]}]},{\"@type\":\"BreadcrumbList\",\"@id\":\"https:\/\/www.tegma.com.br\/en\/sustainability\/#breadcrumb\",\"itemListElement\":[{\"@type\":\"ListItem\",\"position\":1,\"name\":\"In\u00edcio\",\"item\":\"https:\/\/www.tgl.com.br\/en\/\"},{\"@type\":\"ListItem\",\"position\":2,\"name\":\"Sustainability\"}]},{\"@type\":\"WebSite\",\"@id\":\"https:\/\/www.tegma.com.br\/#website\",\"url\":\"https:\/\/www.tegma.com.br\/\",\"name\":\"Tegma Gest\u00e3o Log\u00edstica\",\"description\":\"H\u00e1 mais de 50 anos no mercado, somos uma das maiores Operadoras Log\u00edstica da Am\u00e9rica Latina. Conhe\u00e7a nossos servi\u00e7os!\",\"publisher\":{\"@id\":\"https:\/\/www.tegma.com.br\/#organization\"},\"potentialAction\":[{\"@type\":\"SearchAction\",\"target\":{\"@type\":\"EntryPoint\",\"urlTemplate\":\"https:\/\/www.tegma.com.br\/?s={search_term_string}\"},\"query-input\":{\"@type\":\"PropertyValueSpecification\",\"valueRequired\":true,\"valueName\":\"search_term_string\"}}],\"inLanguage\":\"en-US\"},{\"@type\":\"Organization\",\"@id\":\"https:\/\/www.tegma.com.br\/#organization\",\"name\":\"Tegma Gest\u00e3o Log\u00edstica\",\"url\":\"https:\/\/www.tegma.com.br\/\",\"logo\":{\"@type\":\"ImageObject\",\"inLanguage\":\"en-US\",\"@id\":\"https:\/\/www.tegma.com.br\/#\/schema\/logo\/image\/\",\"url\":\"\/wp-content\/uploads\/2021\/08\/logo-tegma.jpeg\",\"contentUrl\":\"\/wp-content\/uploads\/2021\/08\/logo-tegma.jpeg\",\"width\":1001,\"height\":467,\"caption\":\"Tegma Gest\u00e3o Log\u00edstica\"},\"image\":{\"@id\":\"https:\/\/www.tegma.com.br\/#\/schema\/logo\/image\/\"},\"sameAs\":[\"https:\/\/www.facebook.com\/Tegma-Gest\u00e3o-Log\u00edstica-103241361736319\",\"https:\/\/www.instagram.com\/tegma_oficial\/\",\"https:\/\/br.linkedin.com\/company\/tegmagestaologistica\",\"https:\/\/www.youtube.com\/channel\/UCLOsqoUIsqYliYHiww4q3MQ\",\"https:\/\/pt.wikipedia.org\/wiki\/Tegma\"]}]}<\/script>\n<!-- \/ Yoast SEO plugin. -->","yoast_head_json":{"title":"Sustainability - Tegma Gest\u00e3o Log\u00edstica","robots":{"index":"index","follow":"follow","max-snippet":"max-snippet:-1","max-image-preview":"max-image-preview:large","max-video-preview":"max-video-preview:-1"},"canonical":"https:\/\/www.tegma.com.br\/en\/sustainability\/","og_locale":"en_US","og_type":"article","og_title":"Sustainability - Tegma Gest\u00e3o Log\u00edstica","og_url":"https:\/\/www.tegma.com.br\/en\/sustainability\/","og_site_name":"Tegma Gest\u00e3o Log\u00edstica","article_publisher":"https:\/\/www.facebook.com\/Tegma-Gest%c3%a3o-Log%c3%adstica-103241361736319","article_modified_time":"2024-09-02T12:39:59+00:00","twitter_card":"summary_large_image","schema":{"@context":"https:\/\/schema.org","@graph":[{"@type":"WebPage","@id":"https:\/\/www.tegma.com.br\/en\/sustainability\/","url":"https:\/\/www.tegma.com.br\/en\/sustainability\/","name":"Sustainability - Tegma Gest\u00e3o Log\u00edstica","isPartOf":{"@id":"https:\/\/www.tegma.com.br\/#website"},"datePublished":"2021-06-21T03:16:15+00:00","dateModified":"2024-09-02T12:39:59+00:00","breadcrumb":{"@id":"https:\/\/www.tegma.com.br\/en\/sustainability\/#breadcrumb"},"inLanguage":"en-US","potentialAction":[{"@type":"ReadAction","target":["https:\/\/www.tegma.com.br\/en\/sustainability\/"]}]},{"@type":"BreadcrumbList","@id":"https:\/\/www.tegma.com.br\/en\/sustainability\/#breadcrumb","itemListElement":[{"@type":"ListItem","position":1,"name":"In\u00edcio","item":"https:\/\/www.tgl.com.br\/en\/"},{"@type":"ListItem","position":2,"name":"Sustainability"}]},{"@type":"WebSite","@id":"https:\/\/www.tegma.com.br\/#website","url":"https:\/\/www.tegma.com.br\/","name":"Tegma Gest\u00e3o Log\u00edstica","description":"H\u00e1 mais de 50 anos no mercado, somos uma das maiores Operadoras Log\u00edstica da Am\u00e9rica Latina. Conhe\u00e7a nossos servi\u00e7os!","publisher":{"@id":"https:\/\/www.tegma.com.br\/#organization"},"potentialAction":[{"@type":"SearchAction","target":{"@type":"EntryPoint","urlTemplate":"https:\/\/www.tegma.com.br\/?s={search_term_string}"},"query-input":{"@type":"PropertyValueSpecification","valueRequired":true,"valueName":"search_term_string"}}],"inLanguage":"en-US"},{"@type":"Organization","@id":"https:\/\/www.tegma.com.br\/#organization","name":"Tegma Gest\u00e3o Log\u00edstica","url":"https:\/\/www.tegma.com.br\/","logo":{"@type":"ImageObject","inLanguage":"en-US","@id":"https:\/\/www.tegma.com.br\/#\/schema\/logo\/image\/","url":"\/wp-content\/uploads\/2021\/08\/logo-tegma.jpeg","contentUrl":"\/wp-content\/uploads\/2021\/08\/logo-tegma.jpeg","width":1001,"height":467,"caption":"Tegma Gest\u00e3o Log\u00edstica"},"image":{"@id":"https:\/\/www.tegma.com.br\/#\/schema\/logo\/image\/"},"sameAs":["https:\/\/www.facebook.com\/Tegma-Gest\u00e3o-Log\u00edstica-103241361736319","https:\/\/www.instagram.com\/tegma_oficial\/","https:\/\/br.linkedin.com\/company\/tegmagestaologistica","https:\/\/www.youtube.com\/channel\/UCLOsqoUIsqYliYHiww4q3MQ","https:\/\/pt.wikipedia.org\/wiki\/Tegma"]}]}},"_links":{"self":[{"href":"https:\/\/www.tegma.com.br\/en\/wp-json\/wp\/v2\/pages\/1184","targetHints":{"allow":["GET"]}}],"collection":[{"href":"https:\/\/www.tegma.com.br\/en\/wp-json\/wp\/v2\/pages"}],"about":[{"href":"https:\/\/www.tegma.com.br\/en\/wp-json\/wp\/v2\/types\/page"}],"author":[{"embeddable":true,"href":"https:\/\/www.tegma.com.br\/en\/wp-json\/wp\/v2\/users\/2"}],"replies":[{"embeddable":true,"href":"https:\/\/www.tegma.com.br\/en\/wp-json\/wp\/v2\/comments?post=1184"}],"version-history":[{"count":9,"href":"https:\/\/www.tegma.com.br\/en\/wp-json\/wp\/v2\/pages\/1184\/revisions"}],"predecessor-version":[{"id":4261,"href":"https:\/\/www.tegma.com.br\/en\/wp-json\/wp\/v2\/pages\/1184\/revisions\/4261"}],"wp:attachment":[{"href":"https:\/\/www.tegma.com.br\/en\/wp-json\/wp\/v2\/media?parent=1184"}],"curies":[{"name":"wp","href":"https:\/\/api.w.org\/{rel}","templated":true}]}}