{"id":1174,"date":"2021-06-21T00:03:22","date_gmt":"2021-06-21T03:03:22","guid":{"rendered":"https:\/\/tegmasite.azurewebsites.net\/?page_id=1174"},"modified":"2026-01-23T17:18:43","modified_gmt":"2026-01-23T20:18:43","slug":"innovation","status":"publish","type":"page","link":"https:\/\/www.tegma.com.br\/en\/innovation\/","title":{"rendered":"Innovation"},"content":{"rendered":"<section class=\"position-relative header-with-text-parallax container-fluid px-0\">\n        <figure class=\"position-relative\">\n            <img decoding=\"async\" class=\"parallax-window object-fit-cover w-100 header-with-text-parallax__image\" src=\"https:\/\/www.tegma.com.br\/wp-content\/uploads\/2021\/05\/banner_inovacao.png\" alt=\"\"><\/img>\n        <\/figure>\n        <div class=\"z-index-10\">\n            <h1 class=\"h1 d-flex flex-column z-index-10 position-absolute offset-6 offset-md-7\n                header-with-text-parallax__texts text-white font-weight-bold font-italic\">\n                Innovation\n                <small class=\"h4 font-weight-bold\">\n                    in logistics\n                <\/small>\n            <\/h1>\n        <\/div>\n    <\/section> \n\n\n<section id=\"\" class=\"bg- py-md-5 py-4 \">\n    <div class=\"container\">\n        \n\n<h1 class=\"wp-block-heading h2 font-italic text-primary primary-extrabold\">tegUP ON Challenge Program<\/h1>\n\n\n\n<p>Being ON marks the new positioning of tegUP\u2019s Challenge Program: an evolution from open innovation into a continuous, dynamic, and always-on model. More than a program with fixed dates, tegUP ON was created to maintain an ongoing connection between real logistics challenges and innovative solutions throughout the year, bringing companies and startups together at any time.<\/p>\n\n\n\n<p>tegUP ON means innovating continuously \u2014 accelerating operational efficiency, co-creating pilot projects, building strategic partnerships, enabling investments, and unlocking new business opportunities \u2014 with Tegma\u2019s strength as a platform for scale, validation, and market impact.<\/p>\n\n\n\n<p>More than a program, tegUP ON is a permanent state of innovation. <\/p>\n\n\n\n<p>We are always ON to co-create, test, evolve, and generate real impact.<\/p>\n\n\n\n<p>Learn more about the program at <a href=\"https:\/\/www.tegup.com.br\/programa-de-desafios\/\" target=\"_blank\" rel=\"noreferrer noopener\">https:\/\/www.tegup.com.br\/programa-de-desafios\/<\/a><\/p>\n\n\n\n<h1 class=\"wp-block-heading has-text-align-center h2 font-italic text-primary primary-extrabold\">Testimonials<\/h1>\n\n\n    <\/div>\n<\/section>\n\n\n<div class=\"testimonial \">\n        <div class=\"slider--showcase position-relative\">\n    <div class=\"swiper-container pb-lg-0 pb-5  \"\n        data-per-view=\"1.75\"\n        data-center-mode=\"true\"\n        data-loop=\"true\"\n        data-autoplay=\"false\"\n    >\n        <div class=\"swiper-wrapper\">\n            <div class=\"swiper-slide\">\n                    <div class=\"d-flex flex-column h-100 py-3 px-5 bg-gray-100 testimonial__card\">\n                        <div class=\"row justify-content-center\">\n                            <div class=\"col-sm-3 col-xl-2 col-6\">\n                                <div class=\"image-aspect-ratio image-aspect-ratio--100 \">\n    <figure class=\"image-aspect-ratio__figure\">\n        <picture >\n        <source data-srcset=\"\/wp-content\/uploads\/2021\/06\/jose-lucio.png\" media=\"(min-width: 1200px)\">\n        <source data-srcset=\"\/wp-content\/uploads\/2021\/06\/jose-lucio.png\" media=\"(min-width: 768px)\">\n        <source data-srcset=\"\/wp-content\/uploads\/2021\/06\/jose-lucio-300x300.png\" media=\"(max-width: 468px)\">\n        <source data-srcset=\"\/wp-content\/uploads\/2021\/06\/jose-lucio-150x150.png\" media=\"(max-width: 320px)\">\n        <img class=\"img-fluid rounded-circle card__avatar\" data-src=\"\/wp-content\/uploads\/2021\/06\/jose-lucio.png\" alt=\"\">\n    <\/picture>\n    <\/figure>\n<\/div>                            <\/div>\n                        <\/div>\n                        <blockquote class=\"mt-4 text-secondary card__description\">\n                            Being part of innovation projects with tegUP has been an extraordinary experience. Whether due to the level of challenges and participants or the high professionalism, availability and competence of the tegUP team, the results are always surprising. As a result, our product is being tested and improved at all times by Tegma and partners, which brings us a significant quality gain at each cycle. The relationship with the tegUP team is always loyal, constructive, professional and transparent, being decisive for the positive results we obtained in all our participations.\n                            <p class=\"primary-extrabold text-right mb-0 mt-3 h5\">Jos\u00e9 L\u00facio Balbi \u2013 Ledcorp<\/p>\n                        <\/blockquote>\n                    <\/div>\n                <\/div>\n                            <div class=\"swiper-slide\">\n                    <div class=\"d-flex flex-column h-100 py-3 px-5 bg-gray-100 testimonial__card\">\n                        <div class=\"row justify-content-center\">\n                            <div class=\"col-sm-3 col-xl-2 col-6\">\n                                <div class=\"image-aspect-ratio image-aspect-ratio--100 \">\n    <figure class=\"image-aspect-ratio__figure\">\n        <picture >\n        <source data-srcset=\"\/wp-content\/uploads\/2021\/06\/bruno.png\" media=\"(min-width: 1200px)\">\n        <source data-srcset=\"\/wp-content\/uploads\/2021\/06\/bruno.png\" media=\"(min-width: 768px)\">\n        <source data-srcset=\"\/wp-content\/uploads\/2021\/06\/bruno-300x300.png\" media=\"(max-width: 468px)\">\n        <source data-srcset=\"\/wp-content\/uploads\/2021\/06\/bruno-150x150.png\" media=\"(max-width: 320px)\">\n        <img class=\"img-fluid rounded-circle card__avatar\" data-src=\"\/wp-content\/uploads\/2021\/06\/bruno.png\" alt=\"\">\n    <\/picture>\n    <\/figure>\n<\/div>                            <\/div>\n                        <\/div>\n                        <blockquote class=\"mt-4 text-secondary card__description\">\n                            Our relationship and experience with tegUp has always been enriching in all the projects we discussed together. Always with the bias of doing and taking off the paper, much more with a commitment to doing and making mistakes quickly so that we can get it right faster and develop things together to evolve as a product and a company. Believing that above all else, the great is the enemy of the good and &#8220;doing&#8221; is always much more economical than not doing.\n                            <p class=\"primary-extrabold text-right mb-0 mt-3 h5\">Bruno Pelikan \u2013 Rabbot<\/p>\n                        <\/blockquote>\n                    <\/div>\n                <\/div>\n                            <div class=\"swiper-slide\">\n                    <div class=\"d-flex flex-column h-100 py-3 px-5 bg-gray-100 testimonial__card\">\n                        <div class=\"row justify-content-center\">\n                            <div class=\"col-sm-3 col-xl-2 col-6\">\n                                <div class=\"image-aspect-ratio image-aspect-ratio--100 \">\n    <figure class=\"image-aspect-ratio__figure\">\n        <picture >\n        <source data-srcset=\"\/wp-content\/uploads\/2021\/06\/mario-cabral.png\" media=\"(min-width: 1200px)\">\n        <source data-srcset=\"\/wp-content\/uploads\/2021\/06\/mario-cabral.png\" media=\"(min-width: 768px)\">\n        <source data-srcset=\"\/wp-content\/uploads\/2021\/06\/mario-cabral-300x300.png\" media=\"(max-width: 468px)\">\n        <source data-srcset=\"\/wp-content\/uploads\/2021\/06\/mario-cabral-150x150.png\" media=\"(max-width: 320px)\">\n        <img class=\"img-fluid rounded-circle card__avatar\" data-src=\"\/wp-content\/uploads\/2021\/06\/mario-cabral.png\" alt=\"\">\n    <\/picture>\n    <\/figure>\n<\/div>                            <\/div>\n                        <\/div>\n                        <blockquote class=\"mt-4 text-secondary card__description\">\n                            Partnership! Among so many positive highlights during our relationship with tegUP, partnership can be a great synonym for tegUP. From the first contact, all the effort together with the leadership to show the value of our solution, going through the signing of the contract and the maintenance of the relationship that is already in the third year with many results.\n                            <p class=\"primary-extrabold text-right mb-0 mt-3 h5\">M\u00e1rio Cabral \u2013 Engage<\/p>\n                        <\/blockquote>\n                    <\/div>\n                <\/div>\n        <\/div>\n\n        \n        \n        <div class=\"swiper-button-prev\"><\/div>\n        <div class=\"swiper-button-next\"><\/div>\n\n                <div class=\"swiper-pagination-mobile swiper-pagination d-lg-none d-flex\"><\/div>\n            <\/div>\n<\/div>\n    <\/div>\n\n\n<section id=\"\" class=\"bg- py-md-5 py-4 \">\n    <div class=\"container\">\n        \n\n<h1 class=\"wp-block-heading has-text-align-center h2 font-italic text-primary primary-extrabold mb-4 mt-5\">Startup Acceleration Program<\/h1>\n\n\n\n<p class=\"has-text-align-center\">The Challenge Program is held annually and seeks innovative solutions in the segment of digital logistics and transport.<br>After registering on the website, selected startups and companies develop their solutions with full support from tegUP.<\/p>\n\n\n\n<p class=\"has-text-align-center\">Discover the program at: <a href=\"https:\/\/tegup.com.br\/programa-de-desafios\/\" target=\"_blank\" rel=\"noreferrer noopener\">https:\/\/tegup.com.br\/programa-de-desafios\/<\/a><\/p>\n\n\n\n<h3 class=\"wp-block-heading font-italic mt-5 pt-5\">Participants of previous editions<\/h3>\n\n\n<div class=\"cards-carousel \">\n    <div class=\"slider--showcase position-relative\">\n    <div class=\"swiper-container   \"\n        data-per-view=\"4\"\n        data-center-mode=\"false\"\n        data-loop=\"false\"\n        data-autoplay=\"false\"\n    >\n        <div class=\"swiper-wrapper\">\n            <div class=\"swiper-slide py-2\">\n                                    <div class=\"cards-carousel--primary shadowed-card position-relative d-flex align-items-center justify-content-center\">\n                        <img decoding=\"async\" class=\"p-1 img-fluid position-absolute\" src=\"https:\/\/www.tegma.com.br\/wp-content\/uploads\/2021\/05\/LogPyx.png\" alt=\"\">\n                                            <\/div>\n\n\n                            <\/div>\n                    <div class=\"swiper-slide py-2\">\n                                    <div class=\"cards-carousel--primary shadowed-card position-relative d-flex align-items-center justify-content-center\">\n                        <img decoding=\"async\" class=\"p-1 img-fluid position-absolute\" src=\"https:\/\/www.tegma.com.br\/wp-content\/uploads\/2021\/05\/freterapido-300x60-1.png\" alt=\"\">\n                                            <\/div>\n\n\n                            <\/div>\n                    <div class=\"swiper-slide py-2\">\n                                    <div class=\"cards-carousel--primary shadowed-card position-relative d-flex align-items-center justify-content-center\">\n                        <img decoding=\"async\" class=\"p-1 img-fluid position-absolute\" src=\"https:\/\/www.tegma.com.br\/wp-content\/uploads\/2021\/05\/trackerup-300x100-1.png\" alt=\"\">\n                                            <\/div>\n\n\n                            <\/div>\n                    <div class=\"swiper-slide py-2\">\n                                    <div class=\"cards-carousel--primary shadowed-card position-relative d-flex align-items-center justify-content-center\">\n                        <img decoding=\"async\" class=\"p-1 img-fluid position-absolute\" src=\"https:\/\/www.tegma.com.br\/wp-content\/uploads\/2021\/05\/dLieve.png\" alt=\"\">\n                                            <\/div>\n\n\n                            <\/div>\n        <\/div>\n\n        \n                <div class=\"swiper-pagination\"><\/div>\n        \n        <div class=\"swiper-button-prev\"><\/div>\n        <div class=\"swiper-button-next\"><\/div>\n\n            <\/div>\n<\/div>\n<\/div>\n\n\n<p><\/p>\n\n\n    <\/div>\n<\/section>\n","protected":false},"excerpt":{"rendered":"","protected":false},"author":2,"featured_media":0,"parent":0,"menu_order":23,"comment_status":"closed","ping_status":"closed","template":"","meta":{"_acf_changed":false,"footnotes":""},"class_list":["post-1174","page","type-page","status-publish","hentry"],"acf":[],"yoast_head":"<!-- This site is optimized with the Yoast SEO plugin v27.5 - https:\/\/yoast.com\/product\/yoast-seo-wordpress\/ -->\n<title>Innovation - Tegma Gest\u00e3o Log\u00edstica<\/title>\n<meta name=\"robots\" content=\"index, follow, max-snippet:-1, max-image-preview:large, max-video-preview:-1\" \/>\n<link rel=\"canonical\" href=\"https:\/\/www.tegma.com.br\/en\/innovation\/\" \/>\n<meta property=\"og:locale\" content=\"en_US\" \/>\n<meta property=\"og:type\" content=\"article\" \/>\n<meta property=\"og:title\" content=\"Innovation - Tegma Gest\u00e3o Log\u00edstica\" \/>\n<meta property=\"og:url\" content=\"https:\/\/www.tegma.com.br\/en\/innovation\/\" \/>\n<meta property=\"og:site_name\" content=\"Tegma Gest\u00e3o Log\u00edstica\" \/>\n<meta property=\"article:publisher\" content=\"https:\/\/www.facebook.com\/Tegma-Gest%c3%a3o-Log%c3%adstica-103241361736319\" \/>\n<meta property=\"article:modified_time\" content=\"2026-01-23T20:18:43+00:00\" \/>\n<meta name=\"twitter:card\" content=\"summary_large_image\" \/>\n<meta name=\"twitter:label1\" content=\"Est. reading time\" \/>\n\t<meta name=\"twitter:data1\" content=\"1 minute\" \/>\n<script type=\"application\/ld+json\" class=\"yoast-schema-graph\">{\"@context\":\"https:\\\/\\\/schema.org\",\"@graph\":[{\"@type\":\"WebPage\",\"@id\":\"https:\\\/\\\/www.tegma.com.br\\\/en\\\/innovation\\\/\",\"url\":\"https:\\\/\\\/www.tegma.com.br\\\/en\\\/innovation\\\/\",\"name\":\"Innovation - Tegma Gest\u00e3o Log\u00edstica\",\"isPartOf\":{\"@id\":\"https:\\\/\\\/www.tegma.com.br\\\/#website\"},\"datePublished\":\"2021-06-21T03:03:22+00:00\",\"dateModified\":\"2026-01-23T20:18:43+00:00\",\"breadcrumb\":{\"@id\":\"https:\\\/\\\/www.tegma.com.br\\\/en\\\/innovation\\\/#breadcrumb\"},\"inLanguage\":\"en-US\",\"potentialAction\":[{\"@type\":\"ReadAction\",\"target\":[\"https:\\\/\\\/www.tegma.com.br\\\/en\\\/innovation\\\/\"]}]},{\"@type\":\"BreadcrumbList\",\"@id\":\"https:\\\/\\\/www.tegma.com.br\\\/en\\\/innovation\\\/#breadcrumb\",\"itemListElement\":[{\"@type\":\"ListItem\",\"position\":1,\"name\":\"In\u00edcio\",\"item\":\"https:\\\/\\\/www.tegmais.com.br\\\/en\\\/\"},{\"@type\":\"ListItem\",\"position\":2,\"name\":\"Innovation\"}]},{\"@type\":\"WebSite\",\"@id\":\"https:\\\/\\\/www.tegma.com.br\\\/#website\",\"url\":\"https:\\\/\\\/www.tegma.com.br\\\/\",\"name\":\"Tegma Gest\u00e3o Log\u00edstica\",\"description\":\"H\u00e1 mais de 50 anos no mercado, somos uma das maiores Operadoras Log\u00edstica da Am\u00e9rica Latina. Conhe\u00e7a nossos servi\u00e7os!\",\"publisher\":{\"@id\":\"https:\\\/\\\/www.tegma.com.br\\\/#organization\"},\"potentialAction\":[{\"@type\":\"SearchAction\",\"target\":{\"@type\":\"EntryPoint\",\"urlTemplate\":\"https:\\\/\\\/www.tegma.com.br\\\/?s={search_term_string}\"},\"query-input\":{\"@type\":\"PropertyValueSpecification\",\"valueRequired\":true,\"valueName\":\"search_term_string\"}}],\"inLanguage\":\"en-US\"},{\"@type\":\"Organization\",\"@id\":\"https:\\\/\\\/www.tegma.com.br\\\/#organization\",\"name\":\"Tegma Gest\u00e3o Log\u00edstica\",\"url\":\"https:\\\/\\\/www.tegma.com.br\\\/\",\"logo\":{\"@type\":\"ImageObject\",\"inLanguage\":\"en-US\",\"@id\":\"https:\\\/\\\/www.tegma.com.br\\\/#\\\/schema\\\/logo\\\/image\\\/\",\"url\":\"\\\/wp-content\\\/uploads\\\/2021\\\/08\\\/logo-tegma.jpeg\",\"contentUrl\":\"\\\/wp-content\\\/uploads\\\/2021\\\/08\\\/logo-tegma.jpeg\",\"width\":1001,\"height\":467,\"caption\":\"Tegma Gest\u00e3o Log\u00edstica\"},\"image\":{\"@id\":\"https:\\\/\\\/www.tegma.com.br\\\/#\\\/schema\\\/logo\\\/image\\\/\"},\"sameAs\":[\"https:\\\/\\\/www.facebook.com\\\/Tegma-Gest\u00e3o-Log\u00edstica-103241361736319\",\"https:\\\/\\\/www.instagram.com\\\/tegma_oficial\\\/\",\"https:\\\/\\\/br.linkedin.com\\\/company\\\/tegmagestaologistica\",\"https:\\\/\\\/www.youtube.com\\\/channel\\\/UCLOsqoUIsqYliYHiww4q3MQ\",\"https:\\\/\\\/pt.wikipedia.org\\\/wiki\\\/Tegma\"]}]}<\/script>\n<!-- \/ Yoast SEO plugin. -->","yoast_head_json":{"title":"Innovation - Tegma Gest\u00e3o Log\u00edstica","robots":{"index":"index","follow":"follow","max-snippet":"max-snippet:-1","max-image-preview":"max-image-preview:large","max-video-preview":"max-video-preview:-1"},"canonical":"https:\/\/www.tegma.com.br\/en\/innovation\/","og_locale":"en_US","og_type":"article","og_title":"Innovation - Tegma Gest\u00e3o Log\u00edstica","og_url":"https:\/\/www.tegma.com.br\/en\/innovation\/","og_site_name":"Tegma Gest\u00e3o Log\u00edstica","article_publisher":"https:\/\/www.facebook.com\/Tegma-Gest%c3%a3o-Log%c3%adstica-103241361736319","article_modified_time":"2026-01-23T20:18:43+00:00","twitter_card":"summary_large_image","twitter_misc":{"Est. reading time":"1 minute"},"schema":{"@context":"https:\/\/schema.org","@graph":[{"@type":"WebPage","@id":"https:\/\/www.tegma.com.br\/en\/innovation\/","url":"https:\/\/www.tegma.com.br\/en\/innovation\/","name":"Innovation - Tegma Gest\u00e3o Log\u00edstica","isPartOf":{"@id":"https:\/\/www.tegma.com.br\/#website"},"datePublished":"2021-06-21T03:03:22+00:00","dateModified":"2026-01-23T20:18:43+00:00","breadcrumb":{"@id":"https:\/\/www.tegma.com.br\/en\/innovation\/#breadcrumb"},"inLanguage":"en-US","potentialAction":[{"@type":"ReadAction","target":["https:\/\/www.tegma.com.br\/en\/innovation\/"]}]},{"@type":"BreadcrumbList","@id":"https:\/\/www.tegma.com.br\/en\/innovation\/#breadcrumb","itemListElement":[{"@type":"ListItem","position":1,"name":"In\u00edcio","item":"https:\/\/www.tegmais.com.br\/en\/"},{"@type":"ListItem","position":2,"name":"Innovation"}]},{"@type":"WebSite","@id":"https:\/\/www.tegma.com.br\/#website","url":"https:\/\/www.tegma.com.br\/","name":"Tegma Gest\u00e3o Log\u00edstica","description":"H\u00e1 mais de 50 anos no mercado, somos uma das maiores Operadoras Log\u00edstica da Am\u00e9rica Latina. Conhe\u00e7a nossos servi\u00e7os!","publisher":{"@id":"https:\/\/www.tegma.com.br\/#organization"},"potentialAction":[{"@type":"SearchAction","target":{"@type":"EntryPoint","urlTemplate":"https:\/\/www.tegma.com.br\/?s={search_term_string}"},"query-input":{"@type":"PropertyValueSpecification","valueRequired":true,"valueName":"search_term_string"}}],"inLanguage":"en-US"},{"@type":"Organization","@id":"https:\/\/www.tegma.com.br\/#organization","name":"Tegma Gest\u00e3o Log\u00edstica","url":"https:\/\/www.tegma.com.br\/","logo":{"@type":"ImageObject","inLanguage":"en-US","@id":"https:\/\/www.tegma.com.br\/#\/schema\/logo\/image\/","url":"\/wp-content\/uploads\/2021\/08\/logo-tegma.jpeg","contentUrl":"\/wp-content\/uploads\/2021\/08\/logo-tegma.jpeg","width":1001,"height":467,"caption":"Tegma Gest\u00e3o Log\u00edstica"},"image":{"@id":"https:\/\/www.tegma.com.br\/#\/schema\/logo\/image\/"},"sameAs":["https:\/\/www.facebook.com\/Tegma-Gest\u00e3o-Log\u00edstica-103241361736319","https:\/\/www.instagram.com\/tegma_oficial\/","https:\/\/br.linkedin.com\/company\/tegmagestaologistica","https:\/\/www.youtube.com\/channel\/UCLOsqoUIsqYliYHiww4q3MQ","https:\/\/pt.wikipedia.org\/wiki\/Tegma"]}]}},"_links":{"self":[{"href":"https:\/\/www.tegma.com.br\/en\/wp-json\/wp\/v2\/pages\/1174","targetHints":{"allow":["GET"]}}],"collection":[{"href":"https:\/\/www.tegma.com.br\/en\/wp-json\/wp\/v2\/pages"}],"about":[{"href":"https:\/\/www.tegma.com.br\/en\/wp-json\/wp\/v2\/types\/page"}],"author":[{"embeddable":true,"href":"https:\/\/www.tegma.com.br\/en\/wp-json\/wp\/v2\/users\/2"}],"replies":[{"embeddable":true,"href":"https:\/\/www.tegma.com.br\/en\/wp-json\/wp\/v2\/comments?post=1174"}],"version-history":[{"count":3,"href":"https:\/\/www.tegma.com.br\/en\/wp-json\/wp\/v2\/pages\/1174\/revisions"}],"predecessor-version":[{"id":6061,"href":"https:\/\/www.tegma.com.br\/en\/wp-json\/wp\/v2\/pages\/1174\/revisions\/6061"}],"wp:attachment":[{"href":"https:\/\/www.tegma.com.br\/en\/wp-json\/wp\/v2\/media?parent=1174"}],"curies":[{"name":"wp","href":"https:\/\/api.w.org\/{rel}","templated":true}]}}