{"id":1173,"date":"2021-06-21T00:06:49","date_gmt":"2021-06-21T03:06:49","guid":{"rendered":"https:\/\/tegmasite.azurewebsites.net\/?page_id=1173"},"modified":"2024-08-02T17:43:12","modified_gmt":"2024-08-02T20:43:12","slug":"contact","status":"publish","type":"page","link":"https:\/\/www.tegma.com.br\/en\/contact\/","title":{"rendered":"Contact"},"content":{"rendered":"<section id=\"\" class=\"bg- py-md-5 py-4 \">\n    <div class=\"container\">\n        \n\n<h2 class=\"wp-block-heading has-text-align-left font-italic primary-extrabold text-primary mb-5 pt-5 tit-contact\">Contact us<\/h2>\n\n\n\n<p class=\"text-contact\">Fill out the contact form to send us your comments and questions. <br>\nOur team will contact you.<br>\nAll fields marked with an asterisk (*) are mandatory.<\/p>\n\n\n\n<div class=\"wp-block-columns is-layout-flex wp-container-core-columns-is-layout-9d6595d7 wp-block-columns-is-layout-flex\">\n<div class=\"wp-block-column is-layout-flow wp-block-column-is-layout-flow\" style=\"flex-basis:66.66%\">\n<div class=\"wp-block-contact-form-7-contact-form-selector\">\n<div class=\"wpcf7 no-js\" id=\"wpcf7-f3025-o1\" lang=\"pt-BR\" dir=\"ltr\" data-wpcf7-id=\"3025\">\n<div class=\"screen-reader-response\"><p role=\"status\" aria-live=\"polite\" aria-atomic=\"true\"><\/p> <ul><\/ul><\/div>\n<form action=\"\/en\/wp-json\/wp\/v2\/pages\/1173#wpcf7-f3025-o1\" method=\"post\" class=\"wpcf7-form init\" aria-label=\"Formul\u00e1rios de contato\" novalidate=\"novalidate\" data-status=\"init\">\n<fieldset class=\"hidden-fields-container\"><input type=\"hidden\" name=\"_wpcf7\" value=\"3025\" \/><input type=\"hidden\" name=\"_wpcf7_version\" value=\"6.1.5\" \/><input type=\"hidden\" name=\"_wpcf7_locale\" value=\"pt_BR\" \/><input type=\"hidden\" name=\"_wpcf7_unit_tag\" value=\"wpcf7-f3025-o1\" \/><input type=\"hidden\" name=\"_wpcf7_container_post\" value=\"0\" \/><input type=\"hidden\" name=\"_wpcf7_posted_data_hash\" value=\"\" \/><input type=\"hidden\" name=\"_wpcf7_recaptcha_response\" value=\"\" \/>\n<\/fieldset>\n<div class=\"form\">\n\t<div class=\"row\">\n\t\t<div class=\"col-12 mb-4\">\n\t\t\t<p><span class=\"wpcf7-form-control-wrap\" data-name=\"nome\"><input size=\"40\" maxlength=\"400\" class=\"wpcf7-form-control wpcf7-text wpcf7-validates-as-required form__input\" aria-required=\"true\" aria-invalid=\"false\" placeholder=\"Name*\" value=\"\" type=\"text\" name=\"nome\" \/><\/span><br \/>\n\t\t\t<input class=\"wpcf7-form-control wpcf7-hidden\" id=\"contact-email\" value=\"\" type=\"hidden\" name=\"emailto\" \/>\n\t\t\t<\/p>\n\t\t<\/div>\n\t\t<div class=\"col-12 mb-4\">\n\t\t\t<p><span class=\"wpcf7-form-control-wrap\" data-name=\"email\"><input size=\"40\" maxlength=\"400\" class=\"wpcf7-form-control wpcf7-email wpcf7-validates-as-required wpcf7-text wpcf7-validates-as-email form__input\" aria-required=\"true\" aria-invalid=\"false\" placeholder=\"E-mail*\" value=\"\" type=\"email\" name=\"email\" \/><\/span>\n\t\t\t<\/p>\n\t\t<\/div>\n\t\t<div class=\"col-12 mb-4\">\n\t\t\t<p><span class=\"wpcf7-form-control-wrap\" data-name=\"telefone\"><input size=\"40\" maxlength=\"400\" class=\"wpcf7-form-control wpcf7-tel wpcf7-text wpcf7-validates-as-tel form__input mask--phone\" aria-invalid=\"false\" placeholder=\"Phone\/Cell phone\" value=\"\" type=\"tel\" name=\"telefone\" \/><\/span>\n\t\t\t<\/p>\n\t\t<\/div>\n\t\t<div class=\"col-12 mb-4\">\n\t\t\t<div class=\"select-wrapper\">\n\t\t\t\t<p><span class=\"wpcf7-form-control-wrap\" data-name=\"placeholder\"><select class=\"wpcf7-form-control wpcf7-select wpcf7-validates-as-required form__input contact-subject\" aria-required=\"true\" aria-invalid=\"false\" name=\"placeholder\"><option value=\"Subject\">Subject<\/option><option value=\"Comercial Log\u00edstica Integrada\">Comercial Log\u00edstica Integrada<\/option><option value=\"Comercial Log\u00edstica de Automotivo\">Comercial Log\u00edstica de Automotivo<\/option><option value=\"Investidores\">Investidores<\/option><option value=\"Experi\u00eancia do Cliente Tegma\">Experi\u00eancia do Cliente Tegma<\/option><option value=\"Frota Agregada\">Frota Agregada<\/option><option value=\"Previdenci\u00e1rio\">Previdenci\u00e1rio<\/option><\/select><\/span>\n\t\t\t\t<\/p>\n\t\t\t<\/div>\n\t\t<\/div>\n\t\t<div class=\"col-12 mb-4\">\n\t\t\t<p><span class=\"wpcf7-form-control-wrap\" data-name=\"mensagem\"><textarea cols=\"40\" rows=\"10\" maxlength=\"2000\" class=\"wpcf7-form-control wpcf7-textarea wpcf7-validates-as-required form__input input--textarea\" aria-required=\"true\" aria-invalid=\"false\" placeholder=\"Share more information about your needs\" name=\"mensagem\"><\/textarea><\/span>\n\t\t\t<\/p>\n\t\t<\/div>\n\t\t<div class=\"col-12\">\n\t\t\t<p><span class=\"wpcf7-form-control-wrap\" data-name=\"aceitar-termos\"><span class=\"wpcf7-form-control wpcf7-checkbox checkbox--circle\"><span class=\"wpcf7-list-item first last\"><input type=\"checkbox\" name=\"aceitar-termos[]\" value=\"By clicking on the send button, you agree to provide your data for the purpose of attending services offered by Tegma.\" \/><span class=\"wpcf7-list-item-label\">By clicking on the send button, you agree to provide your data for the purpose of attending services offered by Tegma.<\/span><\/span><\/span><\/span><br \/>\n<small class=\"d-block ml-4\">Read more about our <a href=\"\/politica-de-privacidade\">Privacy Policy<\/a><\/small>\n\t\t\t<\/p>\n\t\t<\/div>\n\t<\/div>\n\t<div class=\"row\">\n\t\t<div class=\"col-12 d-flex justify-content-end\">\n\t\t\t<p><input class=\"wpcf7-form-control wpcf7-submit has-spinner btn btn-primary py-3 h5\" type=\"submit\" value=\"Send\" \/>\n\t\t\t<\/p>\n\t\t<\/div>\n\t<\/div>\n<\/div><input type='hidden' class='wpcf7-pum' value='{\"closepopup\":false,\"closedelay\":0,\"openpopup\":false,\"openpopup_id\":0}' \/><div class=\"wpcf7-response-output\" aria-hidden=\"true\"><\/div>\n<\/form>\n<\/div>\n<\/div>\n<\/div>\n\n\n\n<div class=\"wp-block-column shortcode-buttons is-layout-flow wp-block-column-is-layout-flow\"><div class=\"btn-contacts\"><h2 class=\"wp-block-heading has-text-align-left font-italic primary-extrabold text-primary mb-5 pt-5\">Other channels<\/h2><a href=\"https:\/\/iboljb.fa.ocs.oraclecloud.com\/fscmUI\/redwood\/supplier-registration\/register-supplier\/register-supplier-verification?id=XgVKL%2FnKqxy%2FuoVqnj54T5GVtCJjLt51%2B5k6fsLnQDIKRrgrRdYvOBvvPA%3D%3D\" target=\"_blank\">Be a Supplier<\/a><a href=\"https:\/\/iboljb.fa.ocs.oraclecloud.com\/supplierPortal\/faces\/FndOverview?fndGlobalItemNodeId=itemNode_supplier_portal_supplier_portal\" target=\"_blank\">Supplier Portal<\/a><a href=\"https:\/\/www.tegma.com.br\/compliance\/\">Reporting Channel<\/a><h2 class=\"wp-block-heading has-text-align-left font-italic primary-extrabold text-primary mb-3 pt-4 tit-buttons\">Administrative Center<\/h2><h3>(11) 4346-2500<\/h3><\/div>\n<\/div>\n<\/div>\n\n\n\n<h2 class=\"wp-block-heading has-text-align-center font-italic primary-extrabold text-primary mb-4\">F.A.Q<\/h2>\n\n\n<div class=\"collapsable mb-3\">\n    <div class=\"text-white d-flex justify-content-between align-items-center mb-0 bg-gray-600 px-3 py-4\"\n        data-toggle=\"collapse\"\n        data-target=\"#accordion-how-to-deal-with-information-fraud\"\n        role=\"button\"\n        aria-expanded=\"false\"\n        aria-controls=\"accordion-how-to-deal-with-information-fraud\"\n    >\n        \n        <p class=\"m-0 font-italic flex-fill\">\n            <span class=\"primary-extrabold d-block text-uppercase\">\n                HOW TO DEAL WITH INFORMATION FRAUD?\n            <\/span>\n            \n                    <\/p>\n        \n        <i class=\"fas fa-chevron-down font-weight-bold icon h5\"><\/i>\n    <\/div>\n    <div class=\"collapse\" id=\"accordion-how-to-deal-with-information-fraud\">\n        <div class=\"py-4 px-3 bg-gray-100\">\n            \n\n<p>To enhance security and prevent fraud, verify the authenticity of all requests for quotes and purchases on behalf of Tegma Gest\u00e3o Log\u00edstica. Our official emails have the domain \u201ctegma.com.br.\u201d If you receive communications with other domains, disregard them and inform our Procurement department so we can take appropriate action.<\/p>\n\n\n        <\/div>\n    <\/div>\n<\/div>\n\n\n<div class=\"collapsable mb-3\">\n    <div class=\"text-white d-flex justify-content-between align-items-center mb-0 bg-gray-600 px-3 py-4\"\n        data-toggle=\"collapse\"\n        data-target=\"#accordion-suapes-table\"\n        role=\"button\"\n        aria-expanded=\"false\"\n        aria-controls=\"accordion-suapes-table\"\n    >\n        \n        <p class=\"m-0 font-italic flex-fill\">\n            <span class=\"primary-extrabold d-block text-uppercase\">\n                SUAPE&#8217;S TABLE\n            <\/span>\n            \n                    <\/p>\n        \n        <i class=\"fas fa-chevron-down font-weight-bold icon h5\"><\/i>\n    <\/div>\n    <div class=\"collapse\" id=\"accordion-suapes-table\">\n        <div class=\"py-4 px-3 bg-gray-100\">\n            \n\n<figure class=\"wp-block-table\"><table><tbody><tr><td>Vehicle movement service between the side and the Public Yard of vehicles (foremanagement):<\/td><td>R$ 126,49<\/td><\/tr><tr><td>Movement of vehicles in the storage yard, inspection and records:<\/td><td>R$ 151,22<\/td><\/tr><tr><td>Loading\/unloading, checking and mooring:<\/td><td>R$ 244,59<\/td><\/tr><\/tbody><\/table><\/figure>\n\n\n        <\/div>\n    <\/div>\n<\/div>\n\n\n<div class=\"collapsable mb-3\">\n    <div class=\"text-white d-flex justify-content-between align-items-center mb-0 bg-gray-600 px-3 py-4\"\n        data-toggle=\"collapse\"\n        data-target=\"#accordion-when-was-the-company-founded-and-what-is-his-storyit\"\n        role=\"button\"\n        aria-expanded=\"false\"\n        aria-controls=\"accordion-when-was-the-company-founded-and-what-is-his-storyit\"\n    >\n        \n        <p class=\"m-0 font-italic flex-fill\">\n            <span class=\"primary-extrabold d-block text-uppercase\">\n                WHEN WAS THE COMPANY FOUNDED AND WHAT IS HIS STORY<br\/>IT?\n            <\/span>\n            \n                    <\/p>\n        \n        <i class=\"fas fa-chevron-down font-weight-bold icon h5\"><\/i>\n    <\/div>\n    <div class=\"collapse\" id=\"accordion-when-was-the-company-founded-and-what-is-his-storyit\">\n        <div class=\"py-4 px-3 bg-gray-100\">\n            \n\n<p>Tegma&#8217;s history began in 1969, when it was founded by Fernando Schettino and Francisco Creso as Transportadora Sinimbu with the transport of meat. In 1971, after commercial negotiations, the vehicle transport operations of the automaker General Motors from the S\u00e3o Caetano do Sul plant to Rio de Janeiro and Niter\u00f3i began. The expansion of the vehicle transport business was exponential, with acquisitions and the conquest of new customers, making the company one of the largest in the logistics segment in Brazil. In June 2007 Tegma held its IPO at Bovespa\/B3, becoming the first company in the segment to go public. Read more in our <a href=\"https:\/\/www.tegma.com.br\/en\/the-tegma\/\">About Us<\/a> section.<\/p>\n\n\n        <\/div>\n    <\/div>\n<\/div>\n\n\n<div class=\"collapsable mb-3\">\n    <div class=\"text-white d-flex justify-content-between align-items-center mb-0 bg-gray-600 px-3 py-4\"\n        data-toggle=\"collapse\"\n        data-target=\"#accordion-what-is-the-difference-betweenstorage-and-yard-management\"\n        role=\"button\"\n        aria-expanded=\"false\"\n        aria-controls=\"accordion-what-is-the-difference-betweenstorage-and-yard-management\"\n    >\n        \n        <p class=\"m-0 font-italic flex-fill\">\n            <span class=\"primary-extrabold d-block text-uppercase\">\n                WHAT IS THE DIFFERENCE BETWEEN<br\/>STORAGE AND YARD MANAGEMENT?\n            <\/span>\n            \n                    <\/p>\n        \n        <i class=\"fas fa-chevron-down font-weight-bold icon h5\"><\/i>\n    <\/div>\n    <div class=\"collapse\" id=\"accordion-what-is-the-difference-betweenstorage-and-yard-management\">\n        <div class=\"py-4 px-3 bg-gray-100\">\n            \n\n<p>The vehicle storage service corresponds to the parking of vehicles that leave the vehicle assemblers because there is not enough space inside the factories. The service is performed and charged in terms of time and spaces used. The yard management service corresponds to the service we provide to manage all vehicles that leave the customer&#8217;s factory or that are imported. These vehicles are handled by our employees and contact with the assembler is constant.<\/p>\n\n\n        <\/div>\n    <\/div>\n<\/div>\n\n\n<div class=\"collapsable mb-3\">\n    <div class=\"text-white d-flex justify-content-between align-items-center mb-0 bg-gray-600 px-3 py-4\"\n        data-toggle=\"collapse\"\n        data-target=\"#accordion-how-can-i-better-understand-thelogistics-sector\"\n        role=\"button\"\n        aria-expanded=\"false\"\n        aria-controls=\"accordion-how-can-i-better-understand-thelogistics-sector\"\n    >\n        \n        <p class=\"m-0 font-italic flex-fill\">\n            <span class=\"primary-extrabold d-block text-uppercase\">\n                HOW CAN I BETTER UNDERSTAND THE<br\/>LOGISTICS SECTOR?\n            <\/span>\n            \n                    <\/p>\n        \n        <i class=\"fas fa-chevron-down font-weight-bold icon h5\"><\/i>\n    <\/div>\n    <div class=\"collapse\" id=\"accordion-how-can-i-better-understand-thelogistics-sector\">\n        <div class=\"py-4 px-3 bg-gray-100\">\n            \n\n<p>Specific content on the topic can be found on the websites of ABOL (Brazilian Association of Logistics Operators), ABRALOG (Brazilian Association of Logistics) and ILOS (Institute of Logistics and Supply Chain).<\/p>\n\n\n        <\/div>\n    <\/div>\n<\/div>\n\n\n<div class=\"collapsable mb-5\">\n    <div class=\"text-white d-flex justify-content-between align-items-center mb-0 bg-gray-600 px-3 py-4\"\n        data-toggle=\"collapse\"\n        data-target=\"#accordion-how-do-i-obtain-information-about-theautomotive-market\"\n        role=\"button\"\n        aria-expanded=\"false\"\n        aria-controls=\"accordion-how-do-i-obtain-information-about-theautomotive-market\"\n    >\n        \n        <p class=\"m-0 font-italic flex-fill\">\n            <span class=\"primary-extrabold d-block text-uppercase\">\n                HOW DO I OBTAIN INFORMATION ABOUT THE<br\/>AUTOMOTIVE MARKET?\n            <\/span>\n            \n                    <\/p>\n        \n        <i class=\"fas fa-chevron-down font-weight-bold icon h5\"><\/i>\n    <\/div>\n    <div class=\"collapse\" id=\"accordion-how-do-i-obtain-information-about-theautomotive-market\">\n        <div class=\"py-4 px-3 bg-gray-100\">\n            \n\n<p>ANFAVEA and Fenabrave are the largest associations in the automotive sector and the main providers of data and statistics in the market.<\/p>\n\n\n        <\/div>\n    <\/div>\n<\/div>\n\n\n\n<div class=\"wp-block-columns is-layout-flex wp-container-core-columns-is-layout-9d6595d7 wp-block-columns-is-layout-flex\">\n<div class=\"wp-block-column is-layout-flow wp-block-column-is-layout-flow\"><\/div>\n\n\n\n<div class=\"wp-block-column is-layout-flow wp-block-column-is-layout-flow\" style=\"flex-basis:66.66%\"><\/div>\n\n\n\n<div class=\"wp-block-column is-layout-flow wp-block-column-is-layout-flow\"><\/div>\n<\/div>\n\n\n    <\/div>\n<\/section>\n","protected":false},"excerpt":{"rendered":"","protected":false},"author":2,"featured_media":0,"parent":0,"menu_order":18,"comment_status":"closed","ping_status":"closed","template":"","meta":{"_acf_changed":false,"footnotes":""},"class_list":["post-1173","page","type-page","status-publish","hentry"],"acf":[],"yoast_head":"<!-- This site is optimized with the Yoast SEO plugin v27.5 - https:\/\/yoast.com\/product\/yoast-seo-wordpress\/ -->\n<title>Contact - Tegma Gest\u00e3o Log\u00edstica<\/title>\n<meta name=\"robots\" content=\"index, follow, max-snippet:-1, max-image-preview:large, max-video-preview:-1\" \/>\n<link rel=\"canonical\" href=\"https:\/\/www.tegma.com.br\/en\/contact\/\" \/>\n<meta property=\"og:locale\" content=\"en_US\" \/>\n<meta property=\"og:type\" content=\"article\" \/>\n<meta property=\"og:title\" content=\"Contact - Tegma Gest\u00e3o Log\u00edstica\" \/>\n<meta property=\"og:url\" content=\"https:\/\/www.tegma.com.br\/en\/contact\/\" \/>\n<meta property=\"og:site_name\" content=\"Tegma Gest\u00e3o Log\u00edstica\" \/>\n<meta property=\"article:publisher\" content=\"https:\/\/www.facebook.com\/Tegma-Gest%c3%a3o-Log%c3%adstica-103241361736319\" \/>\n<meta property=\"article:modified_time\" content=\"2024-08-02T20:43:12+00:00\" \/>\n<meta name=\"twitter:card\" content=\"summary_large_image\" \/>\n<meta name=\"twitter:label1\" content=\"Est. reading time\" \/>\n\t<meta name=\"twitter:data1\" content=\"2 minutes\" \/>\n<script type=\"application\/ld+json\" class=\"yoast-schema-graph\">{\"@context\":\"https:\\\/\\\/schema.org\",\"@graph\":[{\"@type\":\"WebPage\",\"@id\":\"https:\\\/\\\/www.tegma.com.br\\\/en\\\/contact\\\/\",\"url\":\"https:\\\/\\\/www.tegma.com.br\\\/en\\\/contact\\\/\",\"name\":\"Contact - Tegma Gest\u00e3o Log\u00edstica\",\"isPartOf\":{\"@id\":\"https:\\\/\\\/www.tegma.com.br\\\/#website\"},\"datePublished\":\"2021-06-21T03:06:49+00:00\",\"dateModified\":\"2024-08-02T20:43:12+00:00\",\"breadcrumb\":{\"@id\":\"https:\\\/\\\/www.tegma.com.br\\\/en\\\/contact\\\/#breadcrumb\"},\"inLanguage\":\"en-US\",\"potentialAction\":[{\"@type\":\"ReadAction\",\"target\":[\"https:\\\/\\\/www.tegma.com.br\\\/en\\\/contact\\\/\"]}]},{\"@type\":\"BreadcrumbList\",\"@id\":\"https:\\\/\\\/www.tegma.com.br\\\/en\\\/contact\\\/#breadcrumb\",\"itemListElement\":[{\"@type\":\"ListItem\",\"position\":1,\"name\":\"In\u00edcio\",\"item\":\"https:\\\/\\\/www.tegmais.com.br\\\/en\\\/\"},{\"@type\":\"ListItem\",\"position\":2,\"name\":\"Contact\"}]},{\"@type\":\"WebSite\",\"@id\":\"https:\\\/\\\/www.tegma.com.br\\\/#website\",\"url\":\"https:\\\/\\\/www.tegma.com.br\\\/\",\"name\":\"Tegma Gest\u00e3o Log\u00edstica\",\"description\":\"H\u00e1 mais de 50 anos no mercado, somos uma das maiores Operadoras Log\u00edstica da Am\u00e9rica Latina. Conhe\u00e7a nossos servi\u00e7os!\",\"publisher\":{\"@id\":\"https:\\\/\\\/www.tegma.com.br\\\/#organization\"},\"potentialAction\":[{\"@type\":\"SearchAction\",\"target\":{\"@type\":\"EntryPoint\",\"urlTemplate\":\"https:\\\/\\\/www.tegma.com.br\\\/?s={search_term_string}\"},\"query-input\":{\"@type\":\"PropertyValueSpecification\",\"valueRequired\":true,\"valueName\":\"search_term_string\"}}],\"inLanguage\":\"en-US\"},{\"@type\":\"Organization\",\"@id\":\"https:\\\/\\\/www.tegma.com.br\\\/#organization\",\"name\":\"Tegma Gest\u00e3o Log\u00edstica\",\"url\":\"https:\\\/\\\/www.tegma.com.br\\\/\",\"logo\":{\"@type\":\"ImageObject\",\"inLanguage\":\"en-US\",\"@id\":\"https:\\\/\\\/www.tegma.com.br\\\/#\\\/schema\\\/logo\\\/image\\\/\",\"url\":\"\\\/wp-content\\\/uploads\\\/2021\\\/08\\\/logo-tegma.jpeg\",\"contentUrl\":\"\\\/wp-content\\\/uploads\\\/2021\\\/08\\\/logo-tegma.jpeg\",\"width\":1001,\"height\":467,\"caption\":\"Tegma Gest\u00e3o Log\u00edstica\"},\"image\":{\"@id\":\"https:\\\/\\\/www.tegma.com.br\\\/#\\\/schema\\\/logo\\\/image\\\/\"},\"sameAs\":[\"https:\\\/\\\/www.facebook.com\\\/Tegma-Gest\u00e3o-Log\u00edstica-103241361736319\",\"https:\\\/\\\/www.instagram.com\\\/tegma_oficial\\\/\",\"https:\\\/\\\/br.linkedin.com\\\/company\\\/tegmagestaologistica\",\"https:\\\/\\\/www.youtube.com\\\/channel\\\/UCLOsqoUIsqYliYHiww4q3MQ\",\"https:\\\/\\\/pt.wikipedia.org\\\/wiki\\\/Tegma\"]}]}<\/script>\n<!-- \/ Yoast SEO plugin. -->","yoast_head_json":{"title":"Contact - Tegma Gest\u00e3o Log\u00edstica","robots":{"index":"index","follow":"follow","max-snippet":"max-snippet:-1","max-image-preview":"max-image-preview:large","max-video-preview":"max-video-preview:-1"},"canonical":"https:\/\/www.tegma.com.br\/en\/contact\/","og_locale":"en_US","og_type":"article","og_title":"Contact - Tegma Gest\u00e3o Log\u00edstica","og_url":"https:\/\/www.tegma.com.br\/en\/contact\/","og_site_name":"Tegma Gest\u00e3o Log\u00edstica","article_publisher":"https:\/\/www.facebook.com\/Tegma-Gest%c3%a3o-Log%c3%adstica-103241361736319","article_modified_time":"2024-08-02T20:43:12+00:00","twitter_card":"summary_large_image","twitter_misc":{"Est. reading time":"2 minutes"},"schema":{"@context":"https:\/\/schema.org","@graph":[{"@type":"WebPage","@id":"https:\/\/www.tegma.com.br\/en\/contact\/","url":"https:\/\/www.tegma.com.br\/en\/contact\/","name":"Contact - Tegma Gest\u00e3o Log\u00edstica","isPartOf":{"@id":"https:\/\/www.tegma.com.br\/#website"},"datePublished":"2021-06-21T03:06:49+00:00","dateModified":"2024-08-02T20:43:12+00:00","breadcrumb":{"@id":"https:\/\/www.tegma.com.br\/en\/contact\/#breadcrumb"},"inLanguage":"en-US","potentialAction":[{"@type":"ReadAction","target":["https:\/\/www.tegma.com.br\/en\/contact\/"]}]},{"@type":"BreadcrumbList","@id":"https:\/\/www.tegma.com.br\/en\/contact\/#breadcrumb","itemListElement":[{"@type":"ListItem","position":1,"name":"In\u00edcio","item":"https:\/\/www.tegmais.com.br\/en\/"},{"@type":"ListItem","position":2,"name":"Contact"}]},{"@type":"WebSite","@id":"https:\/\/www.tegma.com.br\/#website","url":"https:\/\/www.tegma.com.br\/","name":"Tegma Gest\u00e3o Log\u00edstica","description":"H\u00e1 mais de 50 anos no mercado, somos uma das maiores Operadoras Log\u00edstica da Am\u00e9rica Latina. Conhe\u00e7a nossos servi\u00e7os!","publisher":{"@id":"https:\/\/www.tegma.com.br\/#organization"},"potentialAction":[{"@type":"SearchAction","target":{"@type":"EntryPoint","urlTemplate":"https:\/\/www.tegma.com.br\/?s={search_term_string}"},"query-input":{"@type":"PropertyValueSpecification","valueRequired":true,"valueName":"search_term_string"}}],"inLanguage":"en-US"},{"@type":"Organization","@id":"https:\/\/www.tegma.com.br\/#organization","name":"Tegma Gest\u00e3o Log\u00edstica","url":"https:\/\/www.tegma.com.br\/","logo":{"@type":"ImageObject","inLanguage":"en-US","@id":"https:\/\/www.tegma.com.br\/#\/schema\/logo\/image\/","url":"\/wp-content\/uploads\/2021\/08\/logo-tegma.jpeg","contentUrl":"\/wp-content\/uploads\/2021\/08\/logo-tegma.jpeg","width":1001,"height":467,"caption":"Tegma Gest\u00e3o Log\u00edstica"},"image":{"@id":"https:\/\/www.tegma.com.br\/#\/schema\/logo\/image\/"},"sameAs":["https:\/\/www.facebook.com\/Tegma-Gest\u00e3o-Log\u00edstica-103241361736319","https:\/\/www.instagram.com\/tegma_oficial\/","https:\/\/br.linkedin.com\/company\/tegmagestaologistica","https:\/\/www.youtube.com\/channel\/UCLOsqoUIsqYliYHiww4q3MQ","https:\/\/pt.wikipedia.org\/wiki\/Tegma"]}]}},"_links":{"self":[{"href":"https:\/\/www.tegma.com.br\/en\/wp-json\/wp\/v2\/pages\/1173","targetHints":{"allow":["GET"]}}],"collection":[{"href":"https:\/\/www.tegma.com.br\/en\/wp-json\/wp\/v2\/pages"}],"about":[{"href":"https:\/\/www.tegma.com.br\/en\/wp-json\/wp\/v2\/types\/page"}],"author":[{"embeddable":true,"href":"https:\/\/www.tegma.com.br\/en\/wp-json\/wp\/v2\/users\/2"}],"replies":[{"embeddable":true,"href":"https:\/\/www.tegma.com.br\/en\/wp-json\/wp\/v2\/comments?post=1173"}],"version-history":[{"count":9,"href":"https:\/\/www.tegma.com.br\/en\/wp-json\/wp\/v2\/pages\/1173\/revisions"}],"predecessor-version":[{"id":4088,"href":"https:\/\/www.tegma.com.br\/en\/wp-json\/wp\/v2\/pages\/1173\/revisions\/4088"}],"wp:attachment":[{"href":"https:\/\/www.tegma.com.br\/en\/wp-json\/wp\/v2\/media?parent=1173"}],"curies":[{"name":"wp","href":"https:\/\/api.w.org\/{rel}","templated":true}]}}