{"id":1060,"date":"2021-06-20T22:03:41","date_gmt":"2021-06-21T01:03:41","guid":{"rendered":"https:\/\/tegmasite.azurewebsites.net\/?page_id=1060"},"modified":"2024-03-18T10:42:37","modified_gmt":"2024-03-18T13:42:37","slug":"yard-management","status":"publish","type":"page","link":"https:\/\/www.tegma.com.br\/en\/services\/yard-management\/","title":{"rendered":"Services | Yard Management"},"content":{"rendered":"<section class=\"position-relative header-with-text-parallax container-fluid px-0\">\n        <figure class=\"position-relative\">\n            <img decoding=\"async\" class=\"parallax-window object-fit-cover w-100 header-with-text-parallax__image\" src=\"https:\/\/www.tegma.com.br\/wp-content\/uploads\/2021\/06\/Acessorios-740.png\" alt=\"\"><\/img>\n        <\/figure>\n        <div class=\"z-index-10\">\n            <h1 class=\"h1 d-flex flex-column z-index-10 position-absolute offset-6 offset-md-7\n                header-with-text-parallax__texts text-white font-weight-bold font-italic\">\n                Yard\n                <small class=\"h4 font-weight-bold\">\n                    Management\n                <\/small>\n            <\/h1>\n        <\/div>\n    <\/section> \n\n\n<section id=\"\" class=\"bg- py-md-5 py-4 \">\n    <div class=\"container\">\n        \n\n<h1 class=\"wp-block-heading mb-3 font-italic text-primary primary-extrabold h2\">Services<\/h1>\n\n\n\n<p>Management of yards through the YMS system (Yard Management System) for assemblers, rental companies, fleet owners and importers, managing both the yards in the ports and manufacturing plants as well as in the external storage yards. The process starts from the receipt of the vehicle, going through all the internal movement until its dispatch.<\/p>\n\n\n\n<p>We offer the following services:<\/p>\n\n\n\n<p>\u2022 In-house and\/or external inventory management<br>\u2022 Imported stock management<br>\u2022 Oil change, tire calibration and battery recharge<br>\u2022 Container Upholstering and Degusting<br>\u2022 Vehicle unlocking<br>\u2022 Chassis recording<\/p>\n\n\n\n<p>In addition, we have a qualified team to attend the logistic processes of the automakers, supplying the entire supply chain of these industries.<\/p>\n\n\n\n<p>Each service offered is designed to provide agility, efficiency and technology to customers.<\/p>\n\n\n<nav class=\"navigation-tabs-block mt-5 pt-5\">\n            <ul class=\"d-flex p-0\">\n                <li class=\"tab w-100 d-flex\">\n        <button data-id=\"armazenagem-veiculos\" class=\"text-secondary pointer pb-2 d-flex h5 text-uppercase primary-semibold\n        justify-content-center align-items-center tab__button w-100\">\n            Vehicle storage\n        <\/button>\n    <\/li>\n        <li class=\"tab w-100 d-flex\">\n        <button data-id=\"gestao-portuaria\" class=\"text-secondary pointer pb-2 d-flex h5 text-uppercase primary-semibold\n        justify-content-center align-items-center tab__button w-100\">\n            Port Management\n        <\/button>\n    <\/li>\n        <li class=\"tab w-100 d-flex\">\n        <button data-id=\"servicos\" class=\"text-secondary pointer pb-2 d-flex h5 text-uppercase primary-semibold\n        justify-content-center align-items-center tab__button w-100\">\n            Services\n        <\/button>\n    <\/li>\n            <\/ul>\n            <article class=\"tab__content d-none\" id=\"armazenagem-veiculos\">\n            <p><p><span style=\"font-weight: 400;\">More than 1.7 million m\u00b2 of yards for the storage of vehicles and complete infrastructure with yards that have 24-hour monitoring and security systems.<\/span><\/p><\/p>\n\n            <ul class=\"d-flex flex-column p-0\">\n                                    <li><\/li>\n                            <\/ul>\n        <\/article>\n                    <article class=\"tab__content d-none\" id=\"gestao-portuaria\">\n            <p><p><span style=\"font-weight: 400;\">Vehicle movement between arrivals and the vehicle yard in Brazilian ports, as well as vehicle movement in the storage yard. These services may include:<\/span><\/p><\/p>\n\n            <ul class=\"d-flex flex-column p-0\">\n                                    <li>\u25cf Foreman\n\u25cf Loading\n\u25cf Conference\n\u25cf Download\n\u25cf Inspection\n\u25cf Registration\n\n<\/li>\n                            <\/ul>\n        <\/article>\n                    <article class=\"tab__content d-none\" id=\"servicos\">\n            <p><p><span style=\"font-weight: 400;\">We offer services such as tropicalization, customization for special series of vehicles, oil change, tire calibration and battery recharge, chassis engraving on the glass, unlocking of the transport module, among others.<\/span><\/p><p><br \/><br \/><\/p><\/p>\n\n            <ul class=\"d-flex flex-column p-0\">\n                                    <li><\/li>\n                            <\/ul>\n        <\/article>\n        <\/nav>\n\n\n\n    <\/div>\n<\/section>\n\n\n<section id=\"\" class=\"bg- py-md-5 py-4 \">\n    <div class=\"container-fluid\">\n        \n\n<h2 class=\"wp-block-heading has-text-align-center font-italic\">Meet<\/h2>\n\n\n\n<h2 class=\"wp-block-heading has-text-align-center font-italic text-primary primary-extrabold mb-5\">Others Segments<\/h2>\n\n\n\n<div class=\"wp-block-columns is-layout-flex wp-container-core-columns-is-layout-9d6595d7 wp-block-columns-is-layout-flex\">\n<div class=\"wp-block-column is-layout-flow wp-block-column-is-layout-flow\"><div class=\"py-4 segment h-100 bg-secondary d-flex\n    align-items-center justify-content-center position-relative\">\n        <img decoding=\"async\" src=\"https:\/\/www.tegma.com.br\/wp-content\/uploads\/2021\/05\/Grupo-150.png\" alt=\"\" class=\"cover segment__background\">\n        <a class=\"cover segment__url\" href=\"\/en\/segments\/food-and-drinks\"><\/a>\n        <div class=\"content row text-white d-flex flex-column align-items-center z-index-10\">\n            <img decoding=\"async\" class=\"content__icon\" src=\"https:\/\/www.tegma.com.br\/wp-content\/uploads\/2021\/05\/icone-alimentos.png\" alt=\"\">\n            <span class=\"mt-3 h6 primary-extrabold text-center\">\n                Food <br\/> and Drink\n            <\/span>\n        <\/div>\n    <\/div>\n<\/div>\n\n\n\n<div class=\"wp-block-column ml-0 is-layout-flow wp-block-column-is-layout-flow\"><div class=\"py-4 segment h-100 bg-secondary d-flex\n    align-items-center justify-content-center position-relative\">\n        <img decoding=\"async\" src=\"https:\/\/www.tegma.com.br\/wp-content\/uploads\/2021\/05\/Grupo-150.png\" alt=\"\" class=\"cover segment__background\">\n        <a class=\"cover segment__url\" href=\"\/en\/segments\/automotive\"><\/a>\n        <div class=\"content row text-white d-flex flex-column align-items-center z-index-10\">\n            <img decoding=\"async\" class=\"content__icon\" src=\"https:\/\/www.tegma.com.br\/wp-content\/uploads\/2021\/05\/icone10.png\" alt=\"\">\n            <span class=\"mt-3 h6 primary-extrabold text-center\">\n                Automotive\n            <\/span>\n        <\/div>\n    <\/div>\n<\/div>\n\n\n\n<div class=\"wp-block-column ml-0 is-layout-flow wp-block-column-is-layout-flow\"><div class=\"py-4 segment h-100 bg-secondary d-flex\n    align-items-center justify-content-center position-relative\">\n        <img decoding=\"async\" src=\"https:\/\/www.tegma.com.br\/wp-content\/uploads\/2021\/05\/Grupo-150.png\" alt=\"\" class=\"cover segment__background\">\n        <a class=\"cover segment__url\" href=\"\/en\/segments\/cosmetics\"><\/a>\n        <div class=\"content row text-white d-flex flex-column align-items-center z-index-10\">\n            <img decoding=\"async\" class=\"content__icon\" src=\"https:\/\/www.tegma.com.br\/wp-content\/uploads\/2021\/05\/icone11.png\" alt=\"\">\n            <span class=\"mt-3 h6 primary-extrabold text-center\">\n                Cosmetics\n            <\/span>\n        <\/div>\n    <\/div>\n<\/div>\n\n\n\n<div class=\"wp-block-column ml-0 is-layout-flow wp-block-column-is-layout-flow\"><div class=\"py-4 segment h-100 bg-secondary d-flex\n    align-items-center justify-content-center position-relative\">\n        <img decoding=\"async\" src=\"https:\/\/www.tegma.com.br\/wp-content\/uploads\/2021\/05\/Grupo-150.png\" alt=\"\" class=\"cover segment__background\">\n        <a class=\"cover segment__url\" href=\"\/en\/segments\/home-appliances\"><\/a>\n        <div class=\"content row text-white d-flex flex-column align-items-center z-index-10\">\n            <img decoding=\"async\" class=\"content__icon\" src=\"https:\/\/www.tegma.com.br\/wp-content\/uploads\/2021\/05\/icone12.png\" alt=\"\">\n            <span class=\"mt-3 h6 primary-extrabold text-center\">\n                Home<br\/>Appliances\n            <\/span>\n        <\/div>\n    <\/div>\n<\/div>\n\n\n\n<div class=\"wp-block-column ml-0 is-layout-flow wp-block-column-is-layout-flow\"><div class=\"py-4 segment h-100 bg-secondary d-flex\n    align-items-center justify-content-center position-relative\">\n        <img decoding=\"async\" src=\"https:\/\/www.tegma.com.br\/wp-content\/uploads\/2021\/05\/Grupo-150.png\" alt=\"\" class=\"cover segment__background\">\n        <a class=\"cover segment__url\" href=\"\/en\/segments\/pharmaceutical\"><\/a>\n        <div class=\"content row text-white d-flex flex-column align-items-center z-index-10\">\n            <img decoding=\"async\" class=\"content__icon\" src=\"https:\/\/www.tegma.com.br\/wp-content\/uploads\/2021\/05\/icone13.png\" alt=\"\">\n            <span class=\"mt-3 h6 primary-extrabold text-center\">\n                Pharmaceutical\n            <\/span>\n        <\/div>\n    <\/div>\n<\/div>\n\n\n\n<div class=\"wp-block-column ml-0 is-layout-flow wp-block-column-is-layout-flow\"><div class=\"py-4 segment h-100 bg-secondary d-flex\n    align-items-center justify-content-center position-relative\">\n        <img decoding=\"async\" src=\"https:\/\/www.tegma.com.br\/wp-content\/uploads\/2021\/05\/Grupo-150.png\" alt=\"\" class=\"cover segment__background\">\n        <a class=\"cover segment__url\" href=\"\/en\/segments\/chemicals-and-petrochemicals\/\"><\/a>\n        <div class=\"content row text-white d-flex flex-column align-items-center z-index-10\">\n            <img decoding=\"async\" class=\"content__icon\" src=\"https:\/\/www.tegma.com.br\/wp-content\/uploads\/2021\/05\/icone14.png\" alt=\"\">\n            <span class=\"mt-3 h6 primary-extrabold text-center\">\n                Chemical and <br\/>Petrochemical\n            <\/span>\n        <\/div>\n    <\/div>\n<\/div>\n\n\n\n<div class=\"wp-block-column ml-0 is-layout-flow wp-block-column-is-layout-flow\"><div class=\"py-4 segment h-100 bg-secondary d-flex\n    align-items-center justify-content-center position-relative\">\n        <img decoding=\"async\" src=\"https:\/\/www.tegma.com.br\/wp-content\/uploads\/2021\/05\/Grupo-150.png\" alt=\"\" class=\"cover segment__background\">\n        <a class=\"cover segment__url\" href=\"\/en\/segments\/special-projects\"><\/a>\n        <div class=\"content row text-white d-flex flex-column align-items-center z-index-10\">\n            <img decoding=\"async\" class=\"content__icon\" src=\"https:\/\/www.tegma.com.br\/wp-content\/uploads\/2021\/05\/icone14.png\" alt=\"\">\n            <span class=\"mt-3 h6 primary-extrabold text-center\">\n                Special projects\n            <\/span>\n        <\/div>\n    <\/div>\n<\/div>\n<\/div>\n\n\n    <\/div>\n<\/section>\n\n\n<div class=\"floating-button is-active position-fixed\">\n        <div class=\"btn-primary shadow show-js rounded-circle p-3 show-js show-floating pointer\">\n            <em class=\"fas fa-question\"><\/em>\n        <\/div>\n        <em class=\"fas fa-times pointer close-js close\"><\/em>\n        <div class=\"floating-button__content\n        shadow px-md-5 py-md-4 p-3 text-left\n        d-flex flex-column justify-content-center\">\n            <span\n                class=\"h4 primary-regular mb-3 text-primary font-italic text-center font-weight-bold\">Search for a solution?<\/span>\n            <a href=\"\/en\/contact\/\"\n  class=\"btn btn-primary\"\n  \n  \n  target=\"_self\"\n  \n>\n  Talk to an expert\n\n  <\/a>\n        <\/div>\n    <\/div>\n","protected":false},"excerpt":{"rendered":"","protected":false},"author":2,"featured_media":0,"parent":1161,"menu_order":65,"comment_status":"closed","ping_status":"closed","template":"","meta":{"_acf_changed":false,"footnotes":""},"class_list":["post-1060","page","type-page","status-publish","hentry"],"acf":[],"yoast_head":"<!-- This site is optimized with the Yoast SEO plugin v27.5 - https:\/\/yoast.com\/product\/yoast-seo-wordpress\/ -->\n<title>Services | Yard Management - Tegma Gest\u00e3o Log\u00edstica<\/title>\n<meta name=\"robots\" content=\"index, follow, max-snippet:-1, max-image-preview:large, max-video-preview:-1\" \/>\n<link rel=\"canonical\" href=\"https:\/\/www.tegma.com.br\/en\/services\/yard-management\/\" \/>\n<meta property=\"og:locale\" content=\"en_US\" \/>\n<meta property=\"og:type\" content=\"article\" \/>\n<meta property=\"og:title\" content=\"Services | Yard Management - Tegma Gest\u00e3o Log\u00edstica\" \/>\n<meta property=\"og:url\" content=\"https:\/\/www.tegma.com.br\/en\/services\/yard-management\/\" \/>\n<meta property=\"og:site_name\" content=\"Tegma Gest\u00e3o Log\u00edstica\" \/>\n<meta property=\"article:publisher\" content=\"https:\/\/www.facebook.com\/Tegma-Gest%c3%a3o-Log%c3%adstica-103241361736319\" \/>\n<meta property=\"article:modified_time\" content=\"2024-03-18T13:42:37+00:00\" \/>\n<meta name=\"twitter:card\" content=\"summary_large_image\" \/>\n<meta name=\"twitter:label1\" content=\"Est. reading time\" \/>\n\t<meta name=\"twitter:data1\" content=\"1 minute\" \/>\n<script type=\"application\/ld+json\" class=\"yoast-schema-graph\">{\"@context\":\"https:\\\/\\\/schema.org\",\"@graph\":[{\"@type\":\"WebPage\",\"@id\":\"https:\\\/\\\/www.tegma.com.br\\\/en\\\/services\\\/yard-management\\\/\",\"url\":\"https:\\\/\\\/www.tegma.com.br\\\/en\\\/services\\\/yard-management\\\/\",\"name\":\"Services | Yard Management - Tegma Gest\u00e3o Log\u00edstica\",\"isPartOf\":{\"@id\":\"https:\\\/\\\/www.tegma.com.br\\\/#website\"},\"datePublished\":\"2021-06-21T01:03:41+00:00\",\"dateModified\":\"2024-03-18T13:42:37+00:00\",\"breadcrumb\":{\"@id\":\"https:\\\/\\\/www.tegma.com.br\\\/en\\\/services\\\/yard-management\\\/#breadcrumb\"},\"inLanguage\":\"en-US\",\"potentialAction\":[{\"@type\":\"ReadAction\",\"target\":[\"https:\\\/\\\/www.tegma.com.br\\\/en\\\/services\\\/yard-management\\\/\"]}]},{\"@type\":\"BreadcrumbList\",\"@id\":\"https:\\\/\\\/www.tegma.com.br\\\/en\\\/services\\\/yard-management\\\/#breadcrumb\",\"itemListElement\":[{\"@type\":\"ListItem\",\"position\":1,\"name\":\"In\u00edcio\",\"item\":\"https:\\\/\\\/www.tegmais.com.br\\\/en\\\/\"},{\"@type\":\"ListItem\",\"position\":2,\"name\":\"Services\",\"item\":\"https:\\\/\\\/www.tegmais.com.br\\\/en\\\/services\\\/\"},{\"@type\":\"ListItem\",\"position\":3,\"name\":\"Services | Yard Management\"}]},{\"@type\":\"WebSite\",\"@id\":\"https:\\\/\\\/www.tegma.com.br\\\/#website\",\"url\":\"https:\\\/\\\/www.tegma.com.br\\\/\",\"name\":\"Tegma Gest\u00e3o Log\u00edstica\",\"description\":\"H\u00e1 mais de 50 anos no mercado, somos uma das maiores Operadoras Log\u00edstica da Am\u00e9rica Latina. Conhe\u00e7a nossos servi\u00e7os!\",\"publisher\":{\"@id\":\"https:\\\/\\\/www.tegma.com.br\\\/#organization\"},\"potentialAction\":[{\"@type\":\"SearchAction\",\"target\":{\"@type\":\"EntryPoint\",\"urlTemplate\":\"https:\\\/\\\/www.tegma.com.br\\\/?s={search_term_string}\"},\"query-input\":{\"@type\":\"PropertyValueSpecification\",\"valueRequired\":true,\"valueName\":\"search_term_string\"}}],\"inLanguage\":\"en-US\"},{\"@type\":\"Organization\",\"@id\":\"https:\\\/\\\/www.tegma.com.br\\\/#organization\",\"name\":\"Tegma Gest\u00e3o Log\u00edstica\",\"url\":\"https:\\\/\\\/www.tegma.com.br\\\/\",\"logo\":{\"@type\":\"ImageObject\",\"inLanguage\":\"en-US\",\"@id\":\"https:\\\/\\\/www.tegma.com.br\\\/#\\\/schema\\\/logo\\\/image\\\/\",\"url\":\"\\\/wp-content\\\/uploads\\\/2021\\\/08\\\/logo-tegma.jpeg\",\"contentUrl\":\"\\\/wp-content\\\/uploads\\\/2021\\\/08\\\/logo-tegma.jpeg\",\"width\":1001,\"height\":467,\"caption\":\"Tegma Gest\u00e3o Log\u00edstica\"},\"image\":{\"@id\":\"https:\\\/\\\/www.tegma.com.br\\\/#\\\/schema\\\/logo\\\/image\\\/\"},\"sameAs\":[\"https:\\\/\\\/www.facebook.com\\\/Tegma-Gest\u00e3o-Log\u00edstica-103241361736319\",\"https:\\\/\\\/www.instagram.com\\\/tegma_oficial\\\/\",\"https:\\\/\\\/br.linkedin.com\\\/company\\\/tegmagestaologistica\",\"https:\\\/\\\/www.youtube.com\\\/channel\\\/UCLOsqoUIsqYliYHiww4q3MQ\",\"https:\\\/\\\/pt.wikipedia.org\\\/wiki\\\/Tegma\"]}]}<\/script>\n<!-- \/ Yoast SEO plugin. -->","yoast_head_json":{"title":"Services | Yard Management - Tegma Gest\u00e3o Log\u00edstica","robots":{"index":"index","follow":"follow","max-snippet":"max-snippet:-1","max-image-preview":"max-image-preview:large","max-video-preview":"max-video-preview:-1"},"canonical":"https:\/\/www.tegma.com.br\/en\/services\/yard-management\/","og_locale":"en_US","og_type":"article","og_title":"Services | Yard Management - Tegma Gest\u00e3o Log\u00edstica","og_url":"https:\/\/www.tegma.com.br\/en\/services\/yard-management\/","og_site_name":"Tegma Gest\u00e3o Log\u00edstica","article_publisher":"https:\/\/www.facebook.com\/Tegma-Gest%c3%a3o-Log%c3%adstica-103241361736319","article_modified_time":"2024-03-18T13:42:37+00:00","twitter_card":"summary_large_image","twitter_misc":{"Est. reading time":"1 minute"},"schema":{"@context":"https:\/\/schema.org","@graph":[{"@type":"WebPage","@id":"https:\/\/www.tegma.com.br\/en\/services\/yard-management\/","url":"https:\/\/www.tegma.com.br\/en\/services\/yard-management\/","name":"Services | Yard Management - Tegma Gest\u00e3o Log\u00edstica","isPartOf":{"@id":"https:\/\/www.tegma.com.br\/#website"},"datePublished":"2021-06-21T01:03:41+00:00","dateModified":"2024-03-18T13:42:37+00:00","breadcrumb":{"@id":"https:\/\/www.tegma.com.br\/en\/services\/yard-management\/#breadcrumb"},"inLanguage":"en-US","potentialAction":[{"@type":"ReadAction","target":["https:\/\/www.tegma.com.br\/en\/services\/yard-management\/"]}]},{"@type":"BreadcrumbList","@id":"https:\/\/www.tegma.com.br\/en\/services\/yard-management\/#breadcrumb","itemListElement":[{"@type":"ListItem","position":1,"name":"In\u00edcio","item":"https:\/\/www.tegmais.com.br\/en\/"},{"@type":"ListItem","position":2,"name":"Services","item":"https:\/\/www.tegmais.com.br\/en\/services\/"},{"@type":"ListItem","position":3,"name":"Services | Yard Management"}]},{"@type":"WebSite","@id":"https:\/\/www.tegma.com.br\/#website","url":"https:\/\/www.tegma.com.br\/","name":"Tegma Gest\u00e3o Log\u00edstica","description":"H\u00e1 mais de 50 anos no mercado, somos uma das maiores Operadoras Log\u00edstica da Am\u00e9rica Latina. Conhe\u00e7a nossos servi\u00e7os!","publisher":{"@id":"https:\/\/www.tegma.com.br\/#organization"},"potentialAction":[{"@type":"SearchAction","target":{"@type":"EntryPoint","urlTemplate":"https:\/\/www.tegma.com.br\/?s={search_term_string}"},"query-input":{"@type":"PropertyValueSpecification","valueRequired":true,"valueName":"search_term_string"}}],"inLanguage":"en-US"},{"@type":"Organization","@id":"https:\/\/www.tegma.com.br\/#organization","name":"Tegma Gest\u00e3o Log\u00edstica","url":"https:\/\/www.tegma.com.br\/","logo":{"@type":"ImageObject","inLanguage":"en-US","@id":"https:\/\/www.tegma.com.br\/#\/schema\/logo\/image\/","url":"\/wp-content\/uploads\/2021\/08\/logo-tegma.jpeg","contentUrl":"\/wp-content\/uploads\/2021\/08\/logo-tegma.jpeg","width":1001,"height":467,"caption":"Tegma Gest\u00e3o Log\u00edstica"},"image":{"@id":"https:\/\/www.tegma.com.br\/#\/schema\/logo\/image\/"},"sameAs":["https:\/\/www.facebook.com\/Tegma-Gest\u00e3o-Log\u00edstica-103241361736319","https:\/\/www.instagram.com\/tegma_oficial\/","https:\/\/br.linkedin.com\/company\/tegmagestaologistica","https:\/\/www.youtube.com\/channel\/UCLOsqoUIsqYliYHiww4q3MQ","https:\/\/pt.wikipedia.org\/wiki\/Tegma"]}]}},"_links":{"self":[{"href":"https:\/\/www.tegma.com.br\/en\/wp-json\/wp\/v2\/pages\/1060","targetHints":{"allow":["GET"]}}],"collection":[{"href":"https:\/\/www.tegma.com.br\/en\/wp-json\/wp\/v2\/pages"}],"about":[{"href":"https:\/\/www.tegma.com.br\/en\/wp-json\/wp\/v2\/types\/page"}],"author":[{"embeddable":true,"href":"https:\/\/www.tegma.com.br\/en\/wp-json\/wp\/v2\/users\/2"}],"replies":[{"embeddable":true,"href":"https:\/\/www.tegma.com.br\/en\/wp-json\/wp\/v2\/comments?post=1060"}],"version-history":[{"count":4,"href":"https:\/\/www.tegma.com.br\/en\/wp-json\/wp\/v2\/pages\/1060\/revisions"}],"predecessor-version":[{"id":3786,"href":"https:\/\/www.tegma.com.br\/en\/wp-json\/wp\/v2\/pages\/1060\/revisions\/3786"}],"up":[{"embeddable":true,"href":"https:\/\/www.tegma.com.br\/en\/wp-json\/wp\/v2\/pages\/1161"}],"wp:attachment":[{"href":"https:\/\/www.tegma.com.br\/en\/wp-json\/wp\/v2\/media?parent=1060"}],"curies":[{"name":"wp","href":"https:\/\/api.w.org\/{rel}","templated":true}]}}