{"id":1056,"date":"2021-06-20T21:53:32","date_gmt":"2021-06-21T00:53:32","guid":{"rendered":"https:\/\/tegmasite.azurewebsites.net\/?page_id=1056"},"modified":"2024-01-20T13:09:09","modified_gmt":"2024-01-20T16:09:09","slug":"special-projects","status":"publish","type":"page","link":"https:\/\/www.tegma.com.br\/en\/services\/special-projects\/","title":{"rendered":"Special Projects"},"content":{"rendered":"<section class=\"position-relative header-with-text-parallax container-fluid px-0\">\n        <figure class=\"position-relative\">\n            <img decoding=\"async\" class=\"parallax-window object-fit-cover w-100 header-with-text-parallax__image\" src=\"https:\/\/www.tegma.com.br\/wp-content\/uploads\/2021\/05\/banner-projetos-especiais.png\" alt=\"\"><\/img>\n        <\/figure>\n        <div class=\"z-index-10\">\n            <h1 class=\"h1 d-flex flex-column z-index-10 position-absolute offset-6 offset-md-7\n                header-with-text-parallax__texts text-white font-weight-bold font-italic\">\n                Projects\n                <small class=\"h4 font-weight-bold\">\n                    Special\n                <\/small>\n            <\/h1>\n        <\/div>\n    <\/section> \n\n\n<section id=\"\" class=\"bg- py-md-5 py-4 \">\n    <div class=\"container\">\n        \n\n<h1 class=\"wp-block-heading mb-3 font-italic text-primary primary-extrabold h2\">Special Projects<\/h1>\n\n\n\n<p>Our experience in logistics operations has a highly experienced team, qualified and able to help your company to implement the best solutions available on the market.<\/p>\n\n\n\n<p>Does your logistics need a technical study and detailed opinion?<\/p>\n\n\n\n<p>Are there scenarios to be analyzed from various aspects?<\/p>\n\n\n\n<p>Do you need to know if there are new technologies that apply to your business and are they economically viable?<\/p>\n\n\n\n<p>Will it be necessary to make some investment in strategic assets and manage a deployment process for which your resources are limited and a trained and prepared partner could make everything possible?<\/p>\n\n\n\n<p>In special projects we want to develop a customized solution for your specific segment and business. We are ready to help you make your company&#8217;s supply chain more modern and competitive.<\/p>\n\n\n    <\/div>\n<\/section>\n\n\n<div class=\"floating-button is-active position-fixed\">\n        <div class=\"btn-primary shadow show-js rounded-circle p-3 show-js show-floating pointer\">\n            <em class=\"fas fa-question\"><\/em>\n        <\/div>\n        <em class=\"fas fa-times pointer close-js close\"><\/em>\n        <div class=\"floating-button__content\n        shadow px-md-5 py-md-4 p-3 text-left\n        d-flex flex-column justify-content-center\">\n            <span\n                class=\"h4 primary-regular mb-3 text-primary font-italic text-center font-weight-bold\">Search for a solution?<\/span>\n            <a href=\"\/en\/contact\/\"\n  class=\"btn btn-primary\"\n  \n  \n  target=\"_self\"\n  \n>\n  Talk to an expert\n\n  <\/a>\n        <\/div>\n    <\/div>\n\n\n<section id=\"\" class=\"bg- py-md-5 py-4 \">\n    <div class=\"container\">\n        \n\n<h2 class=\"wp-block-heading has-text-align-center font-italic\">Services<\/h2>\n\n\n\n<h2 class=\"wp-block-heading has-text-align-center font-italic text-primary primary-extrabold mb-5\">Related<\/h2>\n\n\n<div class=\"cards-carousel \">\n    <div class=\"slider--showcase position-relative\">\n    <div class=\"swiper-container   \"\n        data-per-view=\"3\"\n        data-center-mode=\"false\"\n        data-loop=\"false\"\n        data-autoplay=\"false\"\n    >\n        <div class=\"swiper-wrapper\">\n            <div class=\"swiper-slide \">\n                                    <div class=\"cards-carousel--secondary position-relative\">\n                        <img decoding=\"async\" class=\"w-100 h-100 object-fit-cover position-absolute\" src=\"\/wp-content\/uploads\/2021\/06\/Expedicao-442.png\" alt=\"\">\n                        <div class=\"position-absolute cards-carousel__title-container\">\n                            <p class=\"h4 text-white primary-semibold font-italic\">\n                                Intralogistics\n                            <\/p>\n                        <\/div>\n                                                    <a class=\"stretched-link\" href=\"\/en\/services\/intralogistic\/\"><\/a>\n                                            <\/div>\n                            <\/div>\n                    <div class=\"swiper-slide \">\n                                    <div class=\"cards-carousel--secondary position-relative\">\n                        <img decoding=\"async\" class=\"w-100 h-100 object-fit-cover position-absolute\" src=\"\/wp-content\/uploads\/2021\/05\/banner-cosmetico.png\" alt=\"\">\n                        <div class=\"position-absolute cards-carousel__title-container\">\n                            <p class=\"h4 text-white primary-semibold font-italic\">\n                                Packaging Management\n                            <\/p>\n                        <\/div>\n                                                    <a class=\"stretched-link\" href=\"\/en\/services\/services-packaging-management\/\"><\/a>\n                                            <\/div>\n                            <\/div>\n                    <div class=\"swiper-slide \">\n                                    <div class=\"cards-carousel--secondary position-relative\">\n                        <img decoding=\"async\" class=\"w-100 h-100 object-fit-cover position-absolute\" src=\"\/wp-content\/uploads\/2021\/06\/office-1209640_1920.png\" alt=\"\">\n                        <div class=\"position-absolute cards-carousel__title-container\">\n                            <p class=\"h4 text-white primary-semibold font-italic\">\n                                Special Projetcs\n                            <\/p>\n                        <\/div>\n                                                    <a class=\"stretched-link\" href=\"\/en\/special-projects\/\"><\/a>\n                                            <\/div>\n                            <\/div>\n        <\/div>\n\n        \n                <div class=\"swiper-pagination\"><\/div>\n        \n        <div class=\"swiper-button-prev\"><\/div>\n        <div class=\"swiper-button-next\"><\/div>\n\n            <\/div>\n<\/div>\n<\/div>\n\n\n<p><\/p>\n\n\n    <\/div>\n<\/section>\n","protected":false},"excerpt":{"rendered":"","protected":false},"author":2,"featured_media":0,"parent":1161,"menu_order":48,"comment_status":"closed","ping_status":"closed","template":"","meta":{"_acf_changed":false,"footnotes":""},"class_list":["post-1056","page","type-page","status-publish","hentry"],"acf":[],"yoast_head":"<!-- This site is optimized with the Yoast SEO plugin v27.5 - https:\/\/yoast.com\/product\/yoast-seo-wordpress\/ -->\n<title>Special Projects - Tegma Gest\u00e3o Log\u00edstica<\/title>\n<meta name=\"robots\" content=\"index, follow, max-snippet:-1, max-image-preview:large, max-video-preview:-1\" \/>\n<link rel=\"canonical\" href=\"https:\/\/www.tgl.com.br\/en\/services\/special-projects\/\" \/>\n<meta property=\"og:locale\" content=\"en_US\" \/>\n<meta property=\"og:type\" content=\"article\" \/>\n<meta property=\"og:title\" content=\"Special Projects - Tegma Gest\u00e3o Log\u00edstica\" \/>\n<meta property=\"og:url\" content=\"https:\/\/www.tgl.com.br\/en\/services\/special-projects\/\" \/>\n<meta property=\"og:site_name\" content=\"Tegma Gest\u00e3o Log\u00edstica\" \/>\n<meta property=\"article:publisher\" content=\"https:\/\/www.facebook.com\/Tegma-Gest%c3%a3o-Log%c3%adstica-103241361736319\" \/>\n<meta property=\"article:modified_time\" content=\"2024-01-20T16:09:09+00:00\" \/>\n<meta name=\"twitter:card\" content=\"summary_large_image\" \/>\n<meta name=\"twitter:label1\" content=\"Est. reading time\" \/>\n\t<meta name=\"twitter:data1\" content=\"1 minute\" \/>\n<script type=\"application\/ld+json\" class=\"yoast-schema-graph\">{\"@context\":\"https:\\\/\\\/schema.org\",\"@graph\":[{\"@type\":\"WebPage\",\"@id\":\"https:\\\/\\\/www.tgl.com.br\\\/en\\\/services\\\/special-projects\\\/\",\"url\":\"https:\\\/\\\/www.tgl.com.br\\\/en\\\/services\\\/special-projects\\\/\",\"name\":\"Special Projects - Tegma Gest\u00e3o Log\u00edstica\",\"isPartOf\":{\"@id\":\"https:\\\/\\\/www.tegma.com.br\\\/#website\"},\"datePublished\":\"2021-06-21T00:53:32+00:00\",\"dateModified\":\"2024-01-20T16:09:09+00:00\",\"breadcrumb\":{\"@id\":\"https:\\\/\\\/www.tgl.com.br\\\/en\\\/services\\\/special-projects\\\/#breadcrumb\"},\"inLanguage\":\"en-US\",\"potentialAction\":[{\"@type\":\"ReadAction\",\"target\":[\"https:\\\/\\\/www.tgl.com.br\\\/en\\\/services\\\/special-projects\\\/\"]}]},{\"@type\":\"BreadcrumbList\",\"@id\":\"https:\\\/\\\/www.tgl.com.br\\\/en\\\/services\\\/special-projects\\\/#breadcrumb\",\"itemListElement\":[{\"@type\":\"ListItem\",\"position\":1,\"name\":\"In\u00edcio\",\"item\":\"https:\\\/\\\/www.tegmais.com.br\\\/en\\\/\"},{\"@type\":\"ListItem\",\"position\":2,\"name\":\"Services\",\"item\":\"https:\\\/\\\/www.tegmais.com.br\\\/en\\\/services\\\/\"},{\"@type\":\"ListItem\",\"position\":3,\"name\":\"Special Projects\"}]},{\"@type\":\"WebSite\",\"@id\":\"https:\\\/\\\/www.tegma.com.br\\\/#website\",\"url\":\"https:\\\/\\\/www.tegma.com.br\\\/\",\"name\":\"Tegma Gest\u00e3o Log\u00edstica\",\"description\":\"H\u00e1 mais de 50 anos no mercado, somos uma das maiores Operadoras Log\u00edstica da Am\u00e9rica Latina. Conhe\u00e7a nossos servi\u00e7os!\",\"publisher\":{\"@id\":\"https:\\\/\\\/www.tegma.com.br\\\/#organization\"},\"potentialAction\":[{\"@type\":\"SearchAction\",\"target\":{\"@type\":\"EntryPoint\",\"urlTemplate\":\"https:\\\/\\\/www.tegma.com.br\\\/?s={search_term_string}\"},\"query-input\":{\"@type\":\"PropertyValueSpecification\",\"valueRequired\":true,\"valueName\":\"search_term_string\"}}],\"inLanguage\":\"en-US\"},{\"@type\":\"Organization\",\"@id\":\"https:\\\/\\\/www.tegma.com.br\\\/#organization\",\"name\":\"Tegma Gest\u00e3o Log\u00edstica\",\"url\":\"https:\\\/\\\/www.tegma.com.br\\\/\",\"logo\":{\"@type\":\"ImageObject\",\"inLanguage\":\"en-US\",\"@id\":\"https:\\\/\\\/www.tegma.com.br\\\/#\\\/schema\\\/logo\\\/image\\\/\",\"url\":\"\\\/wp-content\\\/uploads\\\/2021\\\/08\\\/logo-tegma.jpeg\",\"contentUrl\":\"\\\/wp-content\\\/uploads\\\/2021\\\/08\\\/logo-tegma.jpeg\",\"width\":1001,\"height\":467,\"caption\":\"Tegma Gest\u00e3o Log\u00edstica\"},\"image\":{\"@id\":\"https:\\\/\\\/www.tegma.com.br\\\/#\\\/schema\\\/logo\\\/image\\\/\"},\"sameAs\":[\"https:\\\/\\\/www.facebook.com\\\/Tegma-Gest\u00e3o-Log\u00edstica-103241361736319\",\"https:\\\/\\\/www.instagram.com\\\/tegma_oficial\\\/\",\"https:\\\/\\\/br.linkedin.com\\\/company\\\/tegmagestaologistica\",\"https:\\\/\\\/www.youtube.com\\\/channel\\\/UCLOsqoUIsqYliYHiww4q3MQ\",\"https:\\\/\\\/pt.wikipedia.org\\\/wiki\\\/Tegma\"]}]}<\/script>\n<!-- \/ Yoast SEO plugin. -->","yoast_head_json":{"title":"Special Projects - Tegma Gest\u00e3o Log\u00edstica","robots":{"index":"index","follow":"follow","max-snippet":"max-snippet:-1","max-image-preview":"max-image-preview:large","max-video-preview":"max-video-preview:-1"},"canonical":"https:\/\/www.tgl.com.br\/en\/services\/special-projects\/","og_locale":"en_US","og_type":"article","og_title":"Special Projects - Tegma Gest\u00e3o Log\u00edstica","og_url":"https:\/\/www.tgl.com.br\/en\/services\/special-projects\/","og_site_name":"Tegma Gest\u00e3o Log\u00edstica","article_publisher":"https:\/\/www.facebook.com\/Tegma-Gest%c3%a3o-Log%c3%adstica-103241361736319","article_modified_time":"2024-01-20T16:09:09+00:00","twitter_card":"summary_large_image","twitter_misc":{"Est. reading time":"1 minute"},"schema":{"@context":"https:\/\/schema.org","@graph":[{"@type":"WebPage","@id":"https:\/\/www.tgl.com.br\/en\/services\/special-projects\/","url":"https:\/\/www.tgl.com.br\/en\/services\/special-projects\/","name":"Special Projects - Tegma Gest\u00e3o Log\u00edstica","isPartOf":{"@id":"https:\/\/www.tegma.com.br\/#website"},"datePublished":"2021-06-21T00:53:32+00:00","dateModified":"2024-01-20T16:09:09+00:00","breadcrumb":{"@id":"https:\/\/www.tgl.com.br\/en\/services\/special-projects\/#breadcrumb"},"inLanguage":"en-US","potentialAction":[{"@type":"ReadAction","target":["https:\/\/www.tgl.com.br\/en\/services\/special-projects\/"]}]},{"@type":"BreadcrumbList","@id":"https:\/\/www.tgl.com.br\/en\/services\/special-projects\/#breadcrumb","itemListElement":[{"@type":"ListItem","position":1,"name":"In\u00edcio","item":"https:\/\/www.tegmais.com.br\/en\/"},{"@type":"ListItem","position":2,"name":"Services","item":"https:\/\/www.tegmais.com.br\/en\/services\/"},{"@type":"ListItem","position":3,"name":"Special Projects"}]},{"@type":"WebSite","@id":"https:\/\/www.tegma.com.br\/#website","url":"https:\/\/www.tegma.com.br\/","name":"Tegma Gest\u00e3o Log\u00edstica","description":"H\u00e1 mais de 50 anos no mercado, somos uma das maiores Operadoras Log\u00edstica da Am\u00e9rica Latina. Conhe\u00e7a nossos servi\u00e7os!","publisher":{"@id":"https:\/\/www.tegma.com.br\/#organization"},"potentialAction":[{"@type":"SearchAction","target":{"@type":"EntryPoint","urlTemplate":"https:\/\/www.tegma.com.br\/?s={search_term_string}"},"query-input":{"@type":"PropertyValueSpecification","valueRequired":true,"valueName":"search_term_string"}}],"inLanguage":"en-US"},{"@type":"Organization","@id":"https:\/\/www.tegma.com.br\/#organization","name":"Tegma Gest\u00e3o Log\u00edstica","url":"https:\/\/www.tegma.com.br\/","logo":{"@type":"ImageObject","inLanguage":"en-US","@id":"https:\/\/www.tegma.com.br\/#\/schema\/logo\/image\/","url":"\/wp-content\/uploads\/2021\/08\/logo-tegma.jpeg","contentUrl":"\/wp-content\/uploads\/2021\/08\/logo-tegma.jpeg","width":1001,"height":467,"caption":"Tegma Gest\u00e3o Log\u00edstica"},"image":{"@id":"https:\/\/www.tegma.com.br\/#\/schema\/logo\/image\/"},"sameAs":["https:\/\/www.facebook.com\/Tegma-Gest\u00e3o-Log\u00edstica-103241361736319","https:\/\/www.instagram.com\/tegma_oficial\/","https:\/\/br.linkedin.com\/company\/tegmagestaologistica","https:\/\/www.youtube.com\/channel\/UCLOsqoUIsqYliYHiww4q3MQ","https:\/\/pt.wikipedia.org\/wiki\/Tegma"]}]}},"_links":{"self":[{"href":"https:\/\/www.tegma.com.br\/en\/wp-json\/wp\/v2\/pages\/1056","targetHints":{"allow":["GET"]}}],"collection":[{"href":"https:\/\/www.tegma.com.br\/en\/wp-json\/wp\/v2\/pages"}],"about":[{"href":"https:\/\/www.tegma.com.br\/en\/wp-json\/wp\/v2\/types\/page"}],"author":[{"embeddable":true,"href":"https:\/\/www.tegma.com.br\/en\/wp-json\/wp\/v2\/users\/2"}],"replies":[{"embeddable":true,"href":"https:\/\/www.tegma.com.br\/en\/wp-json\/wp\/v2\/comments?post=1056"}],"version-history":[{"count":1,"href":"https:\/\/www.tegma.com.br\/en\/wp-json\/wp\/v2\/pages\/1056\/revisions"}],"predecessor-version":[{"id":3676,"href":"https:\/\/www.tegma.com.br\/en\/wp-json\/wp\/v2\/pages\/1056\/revisions\/3676"}],"up":[{"embeddable":true,"href":"https:\/\/www.tegma.com.br\/en\/wp-json\/wp\/v2\/pages\/1161"}],"wp:attachment":[{"href":"https:\/\/www.tegma.com.br\/en\/wp-json\/wp\/v2\/media?parent=1056"}],"curies":[{"name":"wp","href":"https:\/\/api.w.org\/{rel}","templated":true}]}}