{"id":1044,"date":"2021-06-20T20:57:28","date_gmt":"2021-06-20T23:57:28","guid":{"rendered":"https:\/\/tegmasite.azurewebsites.net\/?page_id=1044"},"modified":"2024-05-07T08:37:05","modified_gmt":"2024-05-07T11:37:05","slug":"food-and-drinks","status":"publish","type":"page","link":"https:\/\/www.tegma.com.br\/en\/segmentos\/food-and-drinks\/","title":{"rendered":"Segment | Food and Drinks"},"content":{"rendered":"<section class=\"position-relative header-with-text-parallax container-fluid px-0\">\n        <figure class=\"position-relative\">\n            <img decoding=\"async\" class=\"parallax-window object-fit-cover w-100 header-with-text-parallax__image\" src=\"https:\/\/www.tegma.com.br\/wp-content\/uploads\/2021\/05\/banner-alimentos.png\" alt=\"\"><\/img>\n        <\/figure>\n        <div class=\"z-index-10\">\n            <h1 class=\"h1 d-flex flex-column z-index-10 position-absolute offset-6 offset-md-7\n                header-with-text-parallax__texts text-white font-weight-bold font-italic\">\n                Segment\n                <small class=\"h4 font-weight-bold\">\n                    Food and Drinks\n                <\/small>\n            <\/h1>\n        <\/div>\n    <\/section> \n\n\n<section id=\"\" class=\"bg- py-md-5 py-4 \">\n    <div class=\"container\">\n        \n\n<h1 class=\"wp-block-heading mb-3 font-italic text-primary primary-extrabold h2\">Food and Drinks<\/h1>\n\n\n\n<p>With our integrated logistics we offer customized and dedicated solutions for the Food and Beverage segment. We create conditions that connect to our customers\u2019 needs, ensuring efficiency, stock control and adequate storage.<\/p>\n\n\n\n<p>We carry out the consulting service to understand the operation and its needs, knowing all the details of our clients.<\/p>\n\n\n\n<p>Our operations encompass much more than transportation, we present agile, adaptable, efficient, customizable and replicable solutions so that they are easy to implement.<\/p>\n\n\n\n<div class=\"wp-block-columns is-layout-flex wp-container-core-columns-is-layout-9d6595d7 wp-block-columns-is-layout-flex\">\n<div class=\"wp-block-column is-layout-flow wp-block-column-is-layout-flow\"><div class=\"row align-items-center \">\n       <div class=\"col-md-2 col-3\">\n            <picture >\n        <source data-srcset=\"\/wp-content\/uploads\/2021\/05\/Grupo-173.png\" media=\"(min-width: 1200px)\">\n        <source data-srcset=\"\/wp-content\/uploads\/2021\/05\/Grupo-173.png\" media=\"(min-width: 768px)\">\n        <source data-srcset=\"\/wp-content\/uploads\/2021\/05\/Grupo-173.png\" media=\"(max-width: 468px)\">\n        <source data-srcset=\"\/wp-content\/uploads\/2021\/05\/Grupo-173.png\" media=\"(max-width: 320px)\">\n        <img class=\"img-fluid \" data-src=\"\/wp-content\/uploads\/2021\/05\/Grupo-173.png\" alt=\"\">\n    <\/picture>\n        <\/div>\n        <div class=\"col-md-10 col-9 pl-md-0\">\n            <p class=\"h5 font-italic text-primary\">Integrated Management and Quality System<\/p>\n        <\/div>\n    <\/div>\n\n\n<div class=\"row align-items-center \">\n       <div class=\"col-md-2 col-3\">\n            <picture >\n        <source data-srcset=\"\/wp-content\/uploads\/2021\/05\/Grupo-452.png\" media=\"(min-width: 1200px)\">\n        <source data-srcset=\"\/wp-content\/uploads\/2021\/05\/Grupo-452.png\" media=\"(min-width: 768px)\">\n        <source data-srcset=\"\/wp-content\/uploads\/2021\/05\/Grupo-452.png\" media=\"(max-width: 468px)\">\n        <source data-srcset=\"\/wp-content\/uploads\/2021\/05\/Grupo-452.png\" media=\"(max-width: 320px)\">\n        <img class=\"img-fluid \" data-src=\"\/wp-content\/uploads\/2021\/05\/Grupo-452.png\" alt=\"\">\n    <\/picture>\n        <\/div>\n        <div class=\"col-md-10 col-9 pl-md-0\">\n            <p class=\"h5 font-italic text-primary\">Technology for <br\/>cargo traceability<\/p>\n        <\/div>\n    <\/div>\n\n\n<div class=\"row align-items-center \">\n       <div class=\"col-md-2 col-3\">\n            <picture >\n        <source data-srcset=\"\/wp-content\/uploads\/2021\/05\/Grupo-453.png\" media=\"(min-width: 1200px)\">\n        <source data-srcset=\"\/wp-content\/uploads\/2021\/05\/Grupo-453.png\" media=\"(min-width: 768px)\">\n        <source data-srcset=\"\/wp-content\/uploads\/2021\/05\/Grupo-453.png\" media=\"(max-width: 468px)\">\n        <source data-srcset=\"\/wp-content\/uploads\/2021\/05\/Grupo-453.png\" media=\"(max-width: 320px)\">\n        <img class=\"img-fluid \" data-src=\"\/wp-content\/uploads\/2021\/05\/Grupo-453.png\" alt=\"\">\n    <\/picture>\n        <\/div>\n        <div class=\"col-md-10 col-9 pl-md-0\">\n            <p class=\"h5 font-italic text-primary\">Receiving, storing, sorting, kitting, shipping, transport and<br\/> guaranteed delivery for the B2B and B2C segments<\/p>\n        <\/div>\n    <\/div>\n\n\n<div class=\"row align-items-center \">\n       <div class=\"col-md-2 col-3\">\n            <picture >\n        <source data-srcset=\"\/wp-content\/uploads\/2021\/05\/Grupo-454.png\" media=\"(min-width: 1200px)\">\n        <source data-srcset=\"\/wp-content\/uploads\/2021\/05\/Grupo-454.png\" media=\"(min-width: 768px)\">\n        <source data-srcset=\"\/wp-content\/uploads\/2021\/05\/Grupo-454.png\" media=\"(max-width: 468px)\">\n        <source data-srcset=\"\/wp-content\/uploads\/2021\/05\/Grupo-454.png\" media=\"(max-width: 320px)\">\n        <img class=\"img-fluid \" data-src=\"\/wp-content\/uploads\/2021\/05\/Grupo-454.png\" alt=\"\">\n    <\/picture>\n        <\/div>\n        <div class=\"col-md-10 col-9 pl-md-0\">\n            <p class=\"h5 font-italic text-primary\">Exclusive or multi-client operations<\/p>\n        <\/div>\n    <\/div>\n\n\n\n<p><\/p>\n<\/div>\n\n\n\n<div class=\"wp-block-column is-layout-flow wp-block-column-is-layout-flow\"><div class=\"row align-items-center \">\n       <div class=\"col-md-2 col-3\">\n            <picture >\n        <source data-srcset=\"\/wp-content\/uploads\/2021\/05\/Grupo-455.png\" media=\"(min-width: 1200px)\">\n        <source data-srcset=\"\/wp-content\/uploads\/2021\/05\/Grupo-455.png\" media=\"(min-width: 768px)\">\n        <source data-srcset=\"\/wp-content\/uploads\/2021\/05\/Grupo-455.png\" media=\"(max-width: 468px)\">\n        <source data-srcset=\"\/wp-content\/uploads\/2021\/05\/Grupo-455.png\" media=\"(max-width: 320px)\">\n        <img class=\"img-fluid \" data-src=\"\/wp-content\/uploads\/2021\/05\/Grupo-455.png\" alt=\"\">\n    <\/picture>\n        <\/div>\n        <div class=\"col-md-10 col-9 pl-md-0\">\n            <p class=\"h5 font-italic text-primary\">Traceability through control tower<\/p>\n        <\/div>\n    <\/div>\n\n\n<div class=\"row align-items-center \">\n       <div class=\"col-md-2 col-3\">\n            <picture >\n        <source data-srcset=\"\/wp-content\/uploads\/2021\/05\/Grupo-456.png\" media=\"(min-width: 1200px)\">\n        <source data-srcset=\"\/wp-content\/uploads\/2021\/05\/Grupo-456.png\" media=\"(min-width: 768px)\">\n        <source data-srcset=\"\/wp-content\/uploads\/2021\/05\/Grupo-456.png\" media=\"(max-width: 468px)\">\n        <source data-srcset=\"\/wp-content\/uploads\/2021\/05\/Grupo-456.png\" media=\"(max-width: 320px)\">\n        <img class=\"img-fluid \" data-src=\"\/wp-content\/uploads\/2021\/05\/Grupo-456.png\" alt=\"\">\n    <\/picture>\n        <\/div>\n        <div class=\"col-md-10 col-9 pl-md-0\">\n            <p class=\"h5 font-italic text-primary\"> Specialized consultancy<\/p>\n        <\/div>\n    <\/div>\n\n\n<div class=\"row align-items-center \">\n       <div class=\"col-md-2 col-3\">\n            <picture >\n        <source data-srcset=\"\/wp-content\/uploads\/2021\/05\/Grupo-457.png\" media=\"(min-width: 1200px)\">\n        <source data-srcset=\"\/wp-content\/uploads\/2021\/05\/Grupo-457.png\" media=\"(min-width: 768px)\">\n        <source data-srcset=\"\/wp-content\/uploads\/2021\/05\/Grupo-457.png\" media=\"(max-width: 468px)\">\n        <source data-srcset=\"\/wp-content\/uploads\/2021\/05\/Grupo-457.png\" media=\"(max-width: 320px)\">\n        <img class=\"img-fluid \" data-src=\"\/wp-content\/uploads\/2021\/05\/Grupo-457.png\" alt=\"\">\n    <\/picture>\n        <\/div>\n        <div class=\"col-md-10 col-9 pl-md-0\">\n            <p class=\"h5 font-italic text-primary\"> Safety and quality in transport,<br\/> storage and management of the supply chain.<\/p>\n        <\/div>\n    <\/div>\n<\/div>\n<\/div>\n\n\n    <\/div>\n<\/section>\n\n\n<div class=\"floating-button is-active position-fixed\">\n        <div class=\"btn-primary shadow show-js rounded-circle p-3 show-js show-floating pointer\">\n            <em class=\"fas fa-question\"><\/em>\n        <\/div>\n        <em class=\"fas fa-times pointer close-js close\"><\/em>\n        <div class=\"floating-button__content\n        shadow px-md-5 py-md-4 p-3 text-left\n        d-flex flex-column justify-content-center\">\n            <span\n                class=\"h4 primary-regular mb-3 text-primary font-italic text-center font-weight-bold\">Looking for a solution?<\/span>\n            <a href=\"\/en\/contact\"\n  class=\"btn btn-primary\"\n  \n  \n  target=\"_self\"\n  \n>\n  Talk to an expert\n\n  <\/a>\n        <\/div>\n    <\/div>\n\n\n<section id=\"\" class=\"bg- py-md-5 py-4 \">\n    <div class=\"container\">\n        \n\n<h2 class=\"wp-block-heading has-text-align-center font-italic\">Services<\/h2>\n\n\n\n<h2 class=\"wp-block-heading has-text-align-center font-italic text-primary primary-extrabold mb-5\">Related<\/h2>\n\n\n<div class=\"cards-carousel \">\n    <div class=\"slider--showcase position-relative\">\n    <div class=\"swiper-container   \"\n        data-per-view=\"3\"\n        data-center-mode=\"false\"\n        data-loop=\"false\"\n        data-autoplay=\"false\"\n    >\n        <div class=\"swiper-wrapper\">\n            <div class=\"swiper-slide \">\n                                    <div class=\"cards-carousel--secondary position-relative\">\n                        <img decoding=\"async\" class=\"w-100 h-100 object-fit-cover position-absolute\" src=\"\/wp-content\/uploads\/2021\/05\/Expedic\u0327a\u0303o-3@2x.png\" alt=\"\">\n                        <div class=\"position-absolute cards-carousel__title-container\">\n                            <p class=\"h4 text-white primary-semibold font-italic\">\n                                Intralogistics\n                            <\/p>\n                        <\/div>\n                                                    <a class=\"stretched-link\" href=\"\/en\/services\/intralogistic\/\"><\/a>\n                                            <\/div>\n                            <\/div>\n        <\/div>\n\n        \n                <div class=\"swiper-pagination\"><\/div>\n        \n        <div class=\"swiper-button-prev\"><\/div>\n        <div class=\"swiper-button-next\"><\/div>\n\n            <\/div>\n<\/div>\n<\/div>\n\n<div class=\"cards-carousel \">\n    <div class=\"slider--showcase position-relative\">\n    <div class=\"swiper-container   \"\n        data-per-view=\"3\"\n        data-center-mode=\"false\"\n        data-loop=\"false\"\n        data-autoplay=\"false\"\n    >\n        <div class=\"swiper-wrapper\">\n            <div class=\"swiper-slide \">\n                                    <div class=\"cards-carousel--secondary position-relative\">\n                        <img decoding=\"async\" class=\"w-100 h-100 object-fit-cover position-absolute\" src=\"\/wp-content\/uploads\/2021\/06\/Expedicao-442.png\" alt=\"\">\n                        <div class=\"position-absolute cards-carousel__title-container\">\n                            <p class=\"h4 text-white primary-semibold font-italic\">\n                                Intralogistics\n                            <\/p>\n                        <\/div>\n                                                    <a class=\"stretched-link\" href=\"\/en\/services\/intralogistic\/\"><\/a>\n                                            <\/div>\n                            <\/div>\n                    <div class=\"swiper-slide \">\n                                    <div class=\"cards-carousel--secondary position-relative\">\n                        <img decoding=\"async\" class=\"w-100 h-100 object-fit-cover position-absolute\" src=\"\/wp-content\/uploads\/2021\/05\/banner-cosmetico.png\" alt=\"\">\n                        <div class=\"position-absolute cards-carousel__title-container\">\n                            <p class=\"h4 text-white primary-semibold font-italic\">\n                                Packaging Management\n                            <\/p>\n                        <\/div>\n                                                    <a class=\"stretched-link\" href=\"\/en\/services\/services-packaging-management\/\"><\/a>\n                                            <\/div>\n                            <\/div>\n                    <div class=\"swiper-slide \">\n                                    <div class=\"cards-carousel--secondary position-relative\">\n                        <img decoding=\"async\" class=\"w-100 h-100 object-fit-cover position-absolute\" src=\"\/wp-content\/uploads\/2021\/06\/office-1209640_1920.png\" alt=\"\">\n                        <div class=\"position-absolute cards-carousel__title-container\">\n                            <p class=\"h4 text-white primary-semibold font-italic\">\n                                Special Projetcs\n                            <\/p>\n                        <\/div>\n                                                    <a class=\"stretched-link\" href=\"\/en\/special-projects\/\"><\/a>\n                                            <\/div>\n                            <\/div>\n        <\/div>\n\n        \n                <div class=\"swiper-pagination\"><\/div>\n        \n        <div class=\"swiper-button-prev\"><\/div>\n        <div class=\"swiper-button-next\"><\/div>\n\n            <\/div>\n<\/div>\n<\/div>\n\n\n<p><\/p>\n\n\n    <\/div>\n<\/section>\n\n\n<div class=\"floating-button is-active position-fixed\">\n        <div class=\"btn-primary shadow show-js rounded-circle p-3 show-js show-floating pointer\">\n            <em class=\"fas fa-question\"><\/em>\n        <\/div>\n        <em class=\"fas fa-times pointer close-js close\"><\/em>\n        <div class=\"floating-button__content\n        shadow px-md-5 py-md-4 p-3 text-left\n        d-flex flex-column justify-content-center\">\n            <span\n                class=\"h4 primary-regular mb-3 text-primary font-italic text-center font-weight-bold\">Search for a solution?<\/span>\n            <a href=\"\/en\/contact\/\"\n  class=\"btn btn-primary\"\n  \n  \n  target=\"_self\"\n  \n>\n  Talk to an expert\n\n  <\/a>\n        <\/div>\n    <\/div>\n","protected":false},"excerpt":{"rendered":"","protected":false},"author":2,"featured_media":0,"parent":984,"menu_order":33,"comment_status":"closed","ping_status":"closed","template":"","meta":{"_acf_changed":false,"footnotes":""},"class_list":["post-1044","page","type-page","status-publish","hentry"],"acf":[],"yoast_head":"<!-- This site is optimized with the Yoast SEO plugin v27.5 - https:\/\/yoast.com\/product\/yoast-seo-wordpress\/ -->\n<title>Segment | Food and Drinks - Tegma Gest\u00e3o Log\u00edstica<\/title>\n<meta name=\"robots\" content=\"index, follow, max-snippet:-1, max-image-preview:large, max-video-preview:-1\" \/>\n<link rel=\"canonical\" href=\"https:\/\/www.tegma.com.br\/en\/segmentos\/food-and-drinks\/\" \/>\n<meta property=\"og:locale\" content=\"en_US\" \/>\n<meta property=\"og:type\" content=\"article\" \/>\n<meta property=\"og:title\" content=\"Segment | Food and Drinks - Tegma Gest\u00e3o Log\u00edstica\" \/>\n<meta property=\"og:url\" content=\"https:\/\/www.tegma.com.br\/en\/segmentos\/food-and-drinks\/\" \/>\n<meta property=\"og:site_name\" content=\"Tegma Gest\u00e3o Log\u00edstica\" \/>\n<meta property=\"article:publisher\" content=\"https:\/\/www.facebook.com\/Tegma-Gest%c3%a3o-Log%c3%adstica-103241361736319\" \/>\n<meta property=\"article:modified_time\" content=\"2024-05-07T11:37:05+00:00\" \/>\n<meta name=\"twitter:card\" content=\"summary_large_image\" \/>\n<meta name=\"twitter:label1\" content=\"Est. reading time\" \/>\n\t<meta name=\"twitter:data1\" content=\"1 minute\" \/>\n<script type=\"application\/ld+json\" class=\"yoast-schema-graph\">{\"@context\":\"https:\\\/\\\/schema.org\",\"@graph\":[{\"@type\":\"WebPage\",\"@id\":\"https:\\\/\\\/www.tegma.com.br\\\/en\\\/segmentos\\\/food-and-drinks\\\/\",\"url\":\"https:\\\/\\\/www.tegma.com.br\\\/en\\\/segmentos\\\/food-and-drinks\\\/\",\"name\":\"Segment | Food and Drinks - Tegma Gest\u00e3o Log\u00edstica\",\"isPartOf\":{\"@id\":\"https:\\\/\\\/www.tegma.com.br\\\/#website\"},\"datePublished\":\"2021-06-20T23:57:28+00:00\",\"dateModified\":\"2024-05-07T11:37:05+00:00\",\"breadcrumb\":{\"@id\":\"https:\\\/\\\/www.tegma.com.br\\\/en\\\/segmentos\\\/food-and-drinks\\\/#breadcrumb\"},\"inLanguage\":\"en-US\",\"potentialAction\":[{\"@type\":\"ReadAction\",\"target\":[\"https:\\\/\\\/www.tegma.com.br\\\/en\\\/segmentos\\\/food-and-drinks\\\/\"]}]},{\"@type\":\"BreadcrumbList\",\"@id\":\"https:\\\/\\\/www.tegma.com.br\\\/en\\\/segmentos\\\/food-and-drinks\\\/#breadcrumb\",\"itemListElement\":[{\"@type\":\"ListItem\",\"position\":1,\"name\":\"In\u00edcio\",\"item\":\"https:\\\/\\\/www.tegmais.com.br\\\/en\\\/\"},{\"@type\":\"ListItem\",\"position\":2,\"name\":\"Segmentos\",\"item\":\"https:\\\/\\\/www.tegma.com.br\\\/en\\\/segmentos\\\/\"},{\"@type\":\"ListItem\",\"position\":3,\"name\":\"Segment | Food and Drinks\"}]},{\"@type\":\"WebSite\",\"@id\":\"https:\\\/\\\/www.tegma.com.br\\\/#website\",\"url\":\"https:\\\/\\\/www.tegma.com.br\\\/\",\"name\":\"Tegma Gest\u00e3o Log\u00edstica\",\"description\":\"H\u00e1 mais de 50 anos no mercado, somos uma das maiores Operadoras Log\u00edstica da Am\u00e9rica Latina. Conhe\u00e7a nossos servi\u00e7os!\",\"publisher\":{\"@id\":\"https:\\\/\\\/www.tegma.com.br\\\/#organization\"},\"potentialAction\":[{\"@type\":\"SearchAction\",\"target\":{\"@type\":\"EntryPoint\",\"urlTemplate\":\"https:\\\/\\\/www.tegma.com.br\\\/?s={search_term_string}\"},\"query-input\":{\"@type\":\"PropertyValueSpecification\",\"valueRequired\":true,\"valueName\":\"search_term_string\"}}],\"inLanguage\":\"en-US\"},{\"@type\":\"Organization\",\"@id\":\"https:\\\/\\\/www.tegma.com.br\\\/#organization\",\"name\":\"Tegma Gest\u00e3o Log\u00edstica\",\"url\":\"https:\\\/\\\/www.tegma.com.br\\\/\",\"logo\":{\"@type\":\"ImageObject\",\"inLanguage\":\"en-US\",\"@id\":\"https:\\\/\\\/www.tegma.com.br\\\/#\\\/schema\\\/logo\\\/image\\\/\",\"url\":\"\\\/wp-content\\\/uploads\\\/2021\\\/08\\\/logo-tegma.jpeg\",\"contentUrl\":\"\\\/wp-content\\\/uploads\\\/2021\\\/08\\\/logo-tegma.jpeg\",\"width\":1001,\"height\":467,\"caption\":\"Tegma Gest\u00e3o Log\u00edstica\"},\"image\":{\"@id\":\"https:\\\/\\\/www.tegma.com.br\\\/#\\\/schema\\\/logo\\\/image\\\/\"},\"sameAs\":[\"https:\\\/\\\/www.facebook.com\\\/Tegma-Gest\u00e3o-Log\u00edstica-103241361736319\",\"https:\\\/\\\/www.instagram.com\\\/tegma_oficial\\\/\",\"https:\\\/\\\/br.linkedin.com\\\/company\\\/tegmagestaologistica\",\"https:\\\/\\\/www.youtube.com\\\/channel\\\/UCLOsqoUIsqYliYHiww4q3MQ\",\"https:\\\/\\\/pt.wikipedia.org\\\/wiki\\\/Tegma\"]}]}<\/script>\n<!-- \/ Yoast SEO plugin. -->","yoast_head_json":{"title":"Segment | Food and Drinks - Tegma Gest\u00e3o Log\u00edstica","robots":{"index":"index","follow":"follow","max-snippet":"max-snippet:-1","max-image-preview":"max-image-preview:large","max-video-preview":"max-video-preview:-1"},"canonical":"https:\/\/www.tegma.com.br\/en\/segmentos\/food-and-drinks\/","og_locale":"en_US","og_type":"article","og_title":"Segment | Food and Drinks - Tegma Gest\u00e3o Log\u00edstica","og_url":"https:\/\/www.tegma.com.br\/en\/segmentos\/food-and-drinks\/","og_site_name":"Tegma Gest\u00e3o Log\u00edstica","article_publisher":"https:\/\/www.facebook.com\/Tegma-Gest%c3%a3o-Log%c3%adstica-103241361736319","article_modified_time":"2024-05-07T11:37:05+00:00","twitter_card":"summary_large_image","twitter_misc":{"Est. reading time":"1 minute"},"schema":{"@context":"https:\/\/schema.org","@graph":[{"@type":"WebPage","@id":"https:\/\/www.tegma.com.br\/en\/segmentos\/food-and-drinks\/","url":"https:\/\/www.tegma.com.br\/en\/segmentos\/food-and-drinks\/","name":"Segment | Food and Drinks - Tegma Gest\u00e3o Log\u00edstica","isPartOf":{"@id":"https:\/\/www.tegma.com.br\/#website"},"datePublished":"2021-06-20T23:57:28+00:00","dateModified":"2024-05-07T11:37:05+00:00","breadcrumb":{"@id":"https:\/\/www.tegma.com.br\/en\/segmentos\/food-and-drinks\/#breadcrumb"},"inLanguage":"en-US","potentialAction":[{"@type":"ReadAction","target":["https:\/\/www.tegma.com.br\/en\/segmentos\/food-and-drinks\/"]}]},{"@type":"BreadcrumbList","@id":"https:\/\/www.tegma.com.br\/en\/segmentos\/food-and-drinks\/#breadcrumb","itemListElement":[{"@type":"ListItem","position":1,"name":"In\u00edcio","item":"https:\/\/www.tegmais.com.br\/en\/"},{"@type":"ListItem","position":2,"name":"Segmentos","item":"https:\/\/www.tegma.com.br\/en\/segmentos\/"},{"@type":"ListItem","position":3,"name":"Segment | Food and Drinks"}]},{"@type":"WebSite","@id":"https:\/\/www.tegma.com.br\/#website","url":"https:\/\/www.tegma.com.br\/","name":"Tegma Gest\u00e3o Log\u00edstica","description":"H\u00e1 mais de 50 anos no mercado, somos uma das maiores Operadoras Log\u00edstica da Am\u00e9rica Latina. Conhe\u00e7a nossos servi\u00e7os!","publisher":{"@id":"https:\/\/www.tegma.com.br\/#organization"},"potentialAction":[{"@type":"SearchAction","target":{"@type":"EntryPoint","urlTemplate":"https:\/\/www.tegma.com.br\/?s={search_term_string}"},"query-input":{"@type":"PropertyValueSpecification","valueRequired":true,"valueName":"search_term_string"}}],"inLanguage":"en-US"},{"@type":"Organization","@id":"https:\/\/www.tegma.com.br\/#organization","name":"Tegma Gest\u00e3o Log\u00edstica","url":"https:\/\/www.tegma.com.br\/","logo":{"@type":"ImageObject","inLanguage":"en-US","@id":"https:\/\/www.tegma.com.br\/#\/schema\/logo\/image\/","url":"\/wp-content\/uploads\/2021\/08\/logo-tegma.jpeg","contentUrl":"\/wp-content\/uploads\/2021\/08\/logo-tegma.jpeg","width":1001,"height":467,"caption":"Tegma Gest\u00e3o Log\u00edstica"},"image":{"@id":"https:\/\/www.tegma.com.br\/#\/schema\/logo\/image\/"},"sameAs":["https:\/\/www.facebook.com\/Tegma-Gest\u00e3o-Log\u00edstica-103241361736319","https:\/\/www.instagram.com\/tegma_oficial\/","https:\/\/br.linkedin.com\/company\/tegmagestaologistica","https:\/\/www.youtube.com\/channel\/UCLOsqoUIsqYliYHiww4q3MQ","https:\/\/pt.wikipedia.org\/wiki\/Tegma"]}]}},"_links":{"self":[{"href":"https:\/\/www.tegma.com.br\/en\/wp-json\/wp\/v2\/pages\/1044","targetHints":{"allow":["GET"]}}],"collection":[{"href":"https:\/\/www.tegma.com.br\/en\/wp-json\/wp\/v2\/pages"}],"about":[{"href":"https:\/\/www.tegma.com.br\/en\/wp-json\/wp\/v2\/types\/page"}],"author":[{"embeddable":true,"href":"https:\/\/www.tegma.com.br\/en\/wp-json\/wp\/v2\/users\/2"}],"replies":[{"embeddable":true,"href":"https:\/\/www.tegma.com.br\/en\/wp-json\/wp\/v2\/comments?post=1044"}],"version-history":[{"count":4,"href":"https:\/\/www.tegma.com.br\/en\/wp-json\/wp\/v2\/pages\/1044\/revisions"}],"predecessor-version":[{"id":3922,"href":"https:\/\/www.tegma.com.br\/en\/wp-json\/wp\/v2\/pages\/1044\/revisions\/3922"}],"up":[{"embeddable":true,"href":"https:\/\/www.tegma.com.br\/en\/wp-json\/wp\/v2\/pages\/984"}],"wp:attachment":[{"href":"https:\/\/www.tegma.com.br\/en\/wp-json\/wp\/v2\/media?parent=1044"}],"curies":[{"name":"wp","href":"https:\/\/api.w.org\/{rel}","templated":true}]}}